{"id":232692,"date":"2025-03-22T13:29:58","date_gmt":"2025-03-22T13:29:58","guid":{"rendered":"https:\/\/aromasentia.com\/product\/shiva-lingam-magic-wand-rock-quartz-wisdom\/"},"modified":"2025-06-23T18:53:38","modified_gmt":"2025-06-23T18:53:38","slug":"baguette-magique-shiva-lingam-quartz-rocheux-sagesse","status":"publish","type":"product","link":"https:\/\/aromasentia.com\/fr\/baguette-magique-shiva-lingam-quartz-rocheux-sagesse\/","title":{"rendered":"Baguette Magique Shiva Lingam &#8211; Quartz rocheux &#8211; Sagesse"},"content":{"rendered":"<p>Plongez dans le monde mystique de nos <strong>Baguettes Magiques Shiva Lingam en pierres pr\u00e9cieuses,<\/strong> o\u00f9chaque pi\u00e8ce est un voyage au c\u0153ur de la sagesse ancienne et de la beaut\u00e9 naturelle. Fabriqu\u00e9es \u00e0 la main en Inde, berceau de la tradition des pierres pr\u00e9cieuses et du v\u00e9n\u00e9r\u00e9 Shiva Lingam, ces baguettes sont porteuses de l&rsquo;esprit de traditions s\u00e9culaires, pr\u00eates \u00e0 donner du pouvoir, \u00e0 gu\u00e9rir et \u00e0 embellir.&nbsp;<\/p>\n<p>Qu&rsquo;elles soient utilis\u00e9es dans le cadre du Reiki, de la m\u00e9ditation ou en tant qu&rsquo;objet de d\u00e9coration, elles constituent une porte d&rsquo;entr\u00e9e vers un monde o\u00f9l&rsquo;\u00e9nergie circule librement et o\u00f9la magie est r\u00e9elle. Amplifiez les sensations avec la baguette magique Rock Quartz Shiva Lingam.&nbsp;<\/p>\n<p><strong>Le quartz rocheux, ma\u00eetre gu\u00e9risseur, <\/strong>amplifie l&rsquo;\u00e9nergie et la pens\u00e9e, ainsi que les effets des autres cristaux. Il absorbe, stocke, lib\u00e8re et r\u00e9gule l&rsquo;\u00e9nergie, ce qui le rend incroyablement polyvalent pour toute pratique de gu\u00e9rison.&nbsp;<\/p>\n<p>Associ\u00e9e \u00e0 la pierre Shiva Lingam, cette baguette devient un outil puissant pour r\u00e9guler et d\u00e9bloquer les flux d&rsquo;\u00e9nergie. Elle convient \u00e0 tous ceux qui cherchent \u00e0 am\u00e9liorer leurs capacit\u00e9s de gu\u00e9rison, \u00e0 clarifier leur esprit ou \u00e0 amplifier les \u00e9nergies qui les entourent.&nbsp;<\/p>\n<p><strong><span style=\"color: rgb(141, 186, 216);\">Enchantez vos clients avec quelque chose de vraiment sp\u00e9cial, commandez aujourd&rsquo;hui.<\/span><\/strong><\/p>\n","protected":false},"excerpt":{"rendered":"<p>Plongez dans le monde mystique de nos Baguettes Magiques Shiva Lingam en pierres pr\u00e9cieuses, o\u00f9chaque pi\u00e8ce est un voyage au c\u0153ur de la sagesse ancienne et de la beaut\u00e9 naturelle. Fabriqu\u00e9es \u00e0 la main en Inde, berceau de la tradition des pierres pr\u00e9cieuses et du v\u00e9n\u00e9r\u00e9 Shiva Lingam, ces baguettes sont porteuses de l&rsquo;esprit de [&hellip;]<\/p>\n","protected":false},"featured_media":338946,"comment_status":"closed","ping_status":"open","template":"","meta":{"_angie_page":false},"product_brand":[],"product_cat":[19265,17264,25226,25732,25756],"product_tag":[],"class_list":{"0":"post-232692","1":"product","2":"type-product","3":"status-publish","4":"has-post-thumbnail","6":"product_cat-bijoux-en-pierre-precieuse-et-accessoires","7":"product_cat-cadeaux-esoterique","8":"product_cat-pierres-et-mineraux","9":"product_cat-quartz","10":"product_cat-shiva-lingam","11":"pa_collection-gemstone-shiva-lingam-magic-wands-fr","12":"pa_made-in-inde","14":"first","15":"instock","16":"purchasable","17":"product-type-simple"},"supplier_id":null,"supplier_sku":"LingW-05","barcode":null,"atum_controlled":true,"out_stock_date":null,"out_stock_threshold":null,"inheritable":false,"inbound_stock":null,"stock_on_hold":0,"sold_today":0,"sales_last_days":0,"reserved_stock":null,"customer_returns":null,"warehouse_damage":null,"lost_in_post":null,"other_logs":null,"out_stock_days":0,"lost_sales":0,"has_location":null,"update_date":"2026-04-27T07:11:14","atum_locations":[],"atum_stock_status":"instock","restock_status":false,"low_stock_amount":"","sales_update_date":"2026-01-30T01:26:18","calc_backorders":null,"_links":{"self":[{"href":"https:\/\/aromasentia.com\/fr\/wp-json\/wp\/v2\/product\/232692","targetHints":{"allow":["GET"]}}],"collection":[{"href":"https:\/\/aromasentia.com\/fr\/wp-json\/wp\/v2\/product"}],"about":[{"href":"https:\/\/aromasentia.com\/fr\/wp-json\/wp\/v2\/types\/product"}],"replies":[{"embeddable":true,"href":"https:\/\/aromasentia.com\/fr\/wp-json\/wp\/v2\/comments?post=232692"}],"version-history":[{"count":0,"href":"https:\/\/aromasentia.com\/fr\/wp-json\/wp\/v2\/product\/232692\/revisions"}],"wp:featuredmedia":[{"embeddable":true,"href":"https:\/\/aromasentia.com\/fr\/wp-json\/wp\/v2\/media\/338946"}],"wp:attachment":[{"href":"https:\/\/aromasentia.com\/fr\/wp-json\/wp\/v2\/media?parent=232692"}],"wp:term":[{"taxonomy":"product_brand","embeddable":true,"href":"https:\/\/aromasentia.com\/fr\/wp-json\/wp\/v2\/product_brand?post=232692"},{"taxonomy":"product_cat","embeddable":true,"href":"https:\/\/aromasentia.com\/fr\/wp-json\/wp\/v2\/product_cat?post=232692"},{"taxonomy":"product_tag","embeddable":true,"href":"https:\/\/aromasentia.com\/fr\/wp-json\/wp\/v2\/product_tag?post=232692"}],"curies":[{"name":"wp","href":"https:\/\/api.w.org\/{rel}","templated":true}]}}