{"id":232676,"date":"2025-03-22T13:29:58","date_gmt":"2025-03-22T13:29:58","guid":{"rendered":"https:\/\/aromasentia.com\/product\/shiva-lingam-magic-wand-rose-quartz-love\/"},"modified":"2025-06-23T18:53:36","modified_gmt":"2025-06-23T18:53:36","slug":"baguette-magique-shiva-lingam-quartz-rose-amour","status":"publish","type":"product","link":"https:\/\/aromasentia.com\/fr\/baguette-magique-shiva-lingam-quartz-rose-amour\/","title":{"rendered":"Baguette Magique Shiva Lingam &#8211; Quartz Rose &#8211; Amour"},"content":{"rendered":"<p>Plongez dans le monde mystique de nos <strong>Baguettes Magiques Shiva Lingam en pierres pr\u00e9cieuses<\/strong>, o\u00f9chaque pi\u00e8ce est un voyage au c\u0153ur de la sagesse ancienne et de la beaut\u00e9 naturelle.&nbsp;<\/p>\n<p>Fabriqu\u00e9es \u00e0 la main en Inde, berceau de la tradition des pierres pr\u00e9cieuses et du v\u00e9n\u00e9r\u00e9 Shiva Lingam, ces baguettes sont porteuses de l&rsquo;esprit de traditions s\u00e9culaires, pr\u00eates \u00e0 donner du pouvoir, \u00e0 gu\u00e9rir et \u00e0 embellir.<\/p>\n<p>Qu&rsquo;elles soient utilis\u00e9es dans le cadre du Reiki, de la m\u00e9ditation ou en tant qu&rsquo;objet de d\u00e9coration, elles constituent une porte d&rsquo;entr\u00e9e vers un monde o\u00f9l&rsquo;\u00e9nergie circule librement et o\u00f9la magie est r\u00e9elle.&nbsp;<\/p>\n<p>Embrassez la tendre \u00e9treinte de l&rsquo;amour avec notre baguette magique Shiva Lingam en quartz rose. V\u00e9n\u00e9r\u00e9 comme la pierre de l&rsquo;amour inconditionnel, le <strong><span style=\"color: rgb(255, 192, 203);\">quartz rose ouvre le c\u0153ur \u00e0 toutes les formes d&rsquo;amour <\/span><\/strong>: amour de soi, amour familial, amour platonique et amour romantique.&nbsp;<\/p>\n<p>Cette baguette, avec ses teintes roses douces, est un outil puissant pour attirer l&rsquo;amour, apaiser les blessures \u00e9motionnelles et promouvoir la paix et le calme. La combinaison avec la pierre Shiva Lingam amplifie l&rsquo;\u00e9nergie nourrici\u00e8re du quartz rose, faisant de cette baguette un phare de compassion et d&rsquo;harmonie.&nbsp;<\/p>\n<p>Elle est parfaite pour tous ceux qui cherchent \u00e0 approfondir leurs relations ou \u00e0 trouver le r\u00e9confort et l&rsquo;acceptation de soi.&nbsp;<\/p>\n<p><strong><span style=\"color: rgb(141, 186, 216);\">Enchantez vos clients avec quelque chose de vraiment sp\u00e9cial, commandez aujourd&rsquo;hui.<\/span><\/strong><\/p>\n","protected":false},"excerpt":{"rendered":"<p>Plongez dans le monde mystique de nos Baguettes Magiques Shiva Lingam en pierres pr\u00e9cieuses, o\u00f9chaque pi\u00e8ce est un voyage au c\u0153ur de la sagesse ancienne et de la beaut\u00e9 naturelle.&nbsp; Fabriqu\u00e9es \u00e0 la main en Inde, berceau de la tradition des pierres pr\u00e9cieuses et du v\u00e9n\u00e9r\u00e9 Shiva Lingam, ces baguettes sont porteuses de l&rsquo;esprit de [&hellip;]<\/p>\n","protected":false},"featured_media":338878,"comment_status":"closed","ping_status":"open","template":"","meta":{"_angie_page":false},"product_brand":[],"product_cat":[19265,17264,25226,25732,25751,25756],"product_tag":[],"class_list":{"0":"post-232676","1":"product","2":"type-product","3":"status-publish","4":"has-post-thumbnail","6":"product_cat-bijoux-en-pierre-precieuse-et-accessoires","7":"product_cat-cadeaux-esoterique","8":"product_cat-pierres-et-mineraux","9":"product_cat-quartz","10":"product_cat-quartz-rose","11":"product_cat-shiva-lingam","12":"pa_collection-gemstone-shiva-lingam-magic-wands-fr","13":"pa_made-in-inde","15":"first","16":"instock","17":"purchasable","18":"product-type-simple"},"supplier_id":null,"supplier_sku":"LingW-01","barcode":null,"atum_controlled":true,"out_stock_date":null,"out_stock_threshold":null,"inheritable":false,"inbound_stock":null,"stock_on_hold":0,"sold_today":0,"sales_last_days":0,"reserved_stock":null,"customer_returns":null,"warehouse_damage":null,"lost_in_post":null,"other_logs":null,"out_stock_days":0,"lost_sales":0,"has_location":null,"update_date":"2026-04-27T07:11:14","atum_locations":[],"atum_stock_status":"instock","restock_status":false,"low_stock_amount":"","sales_update_date":"2026-01-30T01:26:26","calc_backorders":null,"_links":{"self":[{"href":"https:\/\/aromasentia.com\/fr\/wp-json\/wp\/v2\/product\/232676","targetHints":{"allow":["GET"]}}],"collection":[{"href":"https:\/\/aromasentia.com\/fr\/wp-json\/wp\/v2\/product"}],"about":[{"href":"https:\/\/aromasentia.com\/fr\/wp-json\/wp\/v2\/types\/product"}],"replies":[{"embeddable":true,"href":"https:\/\/aromasentia.com\/fr\/wp-json\/wp\/v2\/comments?post=232676"}],"version-history":[{"count":0,"href":"https:\/\/aromasentia.com\/fr\/wp-json\/wp\/v2\/product\/232676\/revisions"}],"wp:featuredmedia":[{"embeddable":true,"href":"https:\/\/aromasentia.com\/fr\/wp-json\/wp\/v2\/media\/338878"}],"wp:attachment":[{"href":"https:\/\/aromasentia.com\/fr\/wp-json\/wp\/v2\/media?parent=232676"}],"wp:term":[{"taxonomy":"product_brand","embeddable":true,"href":"https:\/\/aromasentia.com\/fr\/wp-json\/wp\/v2\/product_brand?post=232676"},{"taxonomy":"product_cat","embeddable":true,"href":"https:\/\/aromasentia.com\/fr\/wp-json\/wp\/v2\/product_cat?post=232676"},{"taxonomy":"product_tag","embeddable":true,"href":"https:\/\/aromasentia.com\/fr\/wp-json\/wp\/v2\/product_tag?post=232676"}],"curies":[{"name":"wp","href":"https:\/\/api.w.org\/{rel}","templated":true}]}}