{"id":232672,"date":"2025-03-22T13:29:58","date_gmt":"2025-03-22T13:29:58","guid":{"rendered":"https:\/\/aromasentia.com\/product\/twelwe-inch-lingam-stone-30cm\/"},"modified":"2025-06-23T18:53:36","modified_gmt":"2025-06-23T18:53:36","slug":"pierre-de-lingam-de-30cm","status":"publish","type":"product","link":"https:\/\/aromasentia.com\/fr\/pierre-de-lingam-de-30cm\/","title":{"rendered":"Pierre de Lingam de 30cm"},"content":{"rendered":"<p><strong><span style=\"color: rgb(75, 80, 88);\">La Pierre Shiva Lingam<\/span><\/strong> est une pierre sacr\u00e9e des mondes anciens et modernes. On les trouve dans la rivi\u00e8re Narmada \u00e0 Onkar Mandhata, l&rsquo;un des sept lieux saints de l&rsquo;Inde.&nbsp;<\/p>\n<p>Ces pierres sont faites de quartz cryptocristallin et la l\u00e9gende raconte qu&rsquo;elles se sont form\u00e9es lorsqu&rsquo;une m\u00e9t\u00e9orite est tomb\u00e9e sur terre il y a plusieurs millions d&rsquo;ann\u00e9es.&nbsp;<\/p>\n<p>On pense que le mouvement naturel de la rivi\u00e8re aide \u00e0 cr\u00e9er la forme ovale ou ovale des pierres. Ils ne sont cueillis qu&rsquo;un jour par an et sont polis \u00e0 la main pour leur donner une surface lisse et brillante.&nbsp;<\/p>\n<p>On dit que les pierres de Lingam ont l&rsquo;un des taux de vibration de fr\u00e9quence les plus \u00e9lev\u00e9s de toutes les pierres sur terre. Ils \u00e9manent une vibration qui purifiera votre espace sacr\u00e9.&nbsp;<\/p>\n<p>La forme de la pierre repr\u00e9sente l&rsquo;\u00e9nergie masculine (connaissance) et les marques, qui diff\u00e8rent consid\u00e9rablement d&rsquo;une pierre \u00e0 l&rsquo;autre, repr\u00e9sentent l&rsquo;\u00e9nergie f\u00e9minine (sagesse).&nbsp;<\/p>\n<p>Le Shiva Lingam repr\u00e9sente l&rsquo;harmonie et l&rsquo;\u00e9quilibre et facilite l&rsquo;union des contraires, tels que le masculin et le f\u00e9minin ou le corps et l&rsquo;\u00e2me. Il est excellent pour la gu\u00e9rison sexuelle.&nbsp;<\/p>\n<p>Une tradition mill\u00e9naire dit que ces pierres peuvent augmenter la puissance et l&rsquo;endurance sexuelles masculines de mani\u00e8re inimaginable, alors utilisez-les de mani\u00e8re responsable.&nbsp;<\/p>\n<p><strong><span style=\"color: rgb(141, 186, 216);\">Commandez aujourd&rsquo;hui et lib\u00e9rez de l&rsquo;\u00e9nergie positive partout.<\/span><\/strong><\/p>\n","protected":false},"excerpt":{"rendered":"<p>La Pierre Shiva Lingam est une pierre sacr\u00e9e des mondes anciens et modernes. On les trouve dans la rivi\u00e8re Narmada \u00e0 Onkar Mandhata, l&rsquo;un des sept lieux saints de l&rsquo;Inde.&nbsp; Ces pierres sont faites de quartz cryptocristallin et la l\u00e9gende raconte qu&rsquo;elles se sont form\u00e9es lorsqu&rsquo;une m\u00e9t\u00e9orite est tomb\u00e9e sur terre il y a plusieurs [&hellip;]<\/p>\n","protected":false},"featured_media":338869,"comment_status":"closed","ping_status":"open","template":"","meta":{"_angie_page":false},"product_brand":[],"product_cat":[17264,25226,18938,25756],"product_tag":[],"class_list":{"0":"post-232672","1":"product","2":"type-product","3":"status-publish","4":"has-post-thumbnail","6":"product_cat-cadeaux-esoterique","7":"product_cat-pierres-et-mineraux","8":"product_cat-pierres-roulees","9":"product_cat-shiva-lingam","10":"pa_collection-shiva-lingam-stones-fr","11":"pa_made-in-inde","13":"first","14":"instock","15":"purchasable","16":"product-type-simple"},"supplier_id":null,"supplier_sku":"Ling-05","barcode":null,"atum_controlled":true,"out_stock_date":null,"out_stock_threshold":null,"inheritable":false,"inbound_stock":null,"stock_on_hold":0,"sold_today":0,"sales_last_days":0,"reserved_stock":null,"customer_returns":null,"warehouse_damage":null,"lost_in_post":null,"other_logs":null,"out_stock_days":0,"lost_sales":0,"has_location":null,"update_date":"2026-04-27T07:11:14","atum_locations":[],"atum_stock_status":"instock","restock_status":false,"low_stock_amount":"","sales_update_date":"2026-02-06T00:00:45","calc_backorders":null,"_links":{"self":[{"href":"https:\/\/aromasentia.com\/fr\/wp-json\/wp\/v2\/product\/232672","targetHints":{"allow":["GET"]}}],"collection":[{"href":"https:\/\/aromasentia.com\/fr\/wp-json\/wp\/v2\/product"}],"about":[{"href":"https:\/\/aromasentia.com\/fr\/wp-json\/wp\/v2\/types\/product"}],"replies":[{"embeddable":true,"href":"https:\/\/aromasentia.com\/fr\/wp-json\/wp\/v2\/comments?post=232672"}],"version-history":[{"count":0,"href":"https:\/\/aromasentia.com\/fr\/wp-json\/wp\/v2\/product\/232672\/revisions"}],"wp:featuredmedia":[{"embeddable":true,"href":"https:\/\/aromasentia.com\/fr\/wp-json\/wp\/v2\/media\/338869"}],"wp:attachment":[{"href":"https:\/\/aromasentia.com\/fr\/wp-json\/wp\/v2\/media?parent=232672"}],"wp:term":[{"taxonomy":"product_brand","embeddable":true,"href":"https:\/\/aromasentia.com\/fr\/wp-json\/wp\/v2\/product_brand?post=232672"},{"taxonomy":"product_cat","embeddable":true,"href":"https:\/\/aromasentia.com\/fr\/wp-json\/wp\/v2\/product_cat?post=232672"},{"taxonomy":"product_tag","embeddable":true,"href":"https:\/\/aromasentia.com\/fr\/wp-json\/wp\/v2\/product_tag?post=232672"}],"curies":[{"name":"wp","href":"https:\/\/api.w.org\/{rel}","templated":true}]}}