{"id":232656,"date":"2025-03-22T13:30:06","date_gmt":"2025-03-22T13:30:06","guid":{"rendered":"https:\/\/aromasentia.com\/product\/tiger-eye-gemstone-chips-bulk-1kg\/"},"modified":"2025-06-23T18:53:34","modified_gmt":"2025-06-23T18:53:34","slug":"eclats-de-pierres-precieuses-doeil-de-tigre-en-vrac-1kg","status":"publish","type":"product","link":"https:\/\/aromasentia.com\/fr\/eclats-de-pierres-precieuses-doeil-de-tigre-en-vrac-1kg\/","title":{"rendered":"Eclats de pierres pr\u00e9cieuses d&rsquo;oeil de tigre en vrac &#8211; 1KG"},"content":{"rendered":"<p>Les pierres pr\u00e9cieuses font partie de nombreuses cultures anciennes, souvent consid\u00e9r\u00e9es comme un talisman ou un symbole de chance ou de fortune. Depuis des milliers d&rsquo;ann\u00e9es, ils ont \u00e9t\u00e9 transform\u00e9s en bagues, bracelets, amulettes, broches et pendentifs pour capturer leur magie. Pouvoirs de sagesse antiques de l\u2019\u0153il de tigre : confiance et force&nbsp;<\/p>\n<p><strong><span style=\"color: rgb(163, 143, 132);\">L\u2019\u0153il de Tigre<\/span><\/strong> est \u00e9galement consid\u00e9r\u00e9 comme une pierre d\u2019ancrage puissante, aidant \u00e0 se connecter \u00e0 la terre et \u00e0 favoriser un sentiment de stabilit\u00e9. On dit qu\u2019il est particuli\u00e8rement utile pour ceux qui se sentent d\u00e9pass\u00e9s ou dispers\u00e9s, et pour ceux qui ont du mal \u00e0 trouver leur place dans la vie.&nbsp;<\/p>\n<p>L\u2019Oeil de Tigre est \u00e9galement consid\u00e9r\u00e9 comme une pierre protectrice, notamment pour les voyageurs, et contribuerait \u00e0 apporter chance et prosp\u00e9rit\u00e9. Une th\u00e9orie populaire veut que les pierres pr\u00e9cieuses contiennent de l\u2019\u00e9nergie vibratoire. En pla&ccedil;ant des pierres pr\u00e9cieuses dans l\u2019aura d\u2019une personne, il est possible de modifier les vibrations de cette aura.&nbsp;<\/p>\n<p>Les pierres roul\u00e9es en gros &#8211; Oeil de tigre &#8211; sont de beaux mat\u00e9riaux naturels qui ont re&ccedil;u une forme agr\u00e9able et un poli brillant. Attrayants, int\u00e9ressants et amusants \u00e0 collectionner, ils se vendent certainement bien !&nbsp;<\/p>\n<p><strong>Tailles moyennes des pierres pr\u00e9cieuses : 0,5 \u00e0 1,5 cm <\/strong><\/p>\n<p><strong><span style=\"color: rgb(141, 186, 216);\">Une bonne exposition dans une boutique de cadeaux ou une boutique d\u2019artisanat g\u00e9n\u00e9rera toujours des ventes.<\/span><\/strong><\/p>\n","protected":false},"excerpt":{"rendered":"<p>Les pierres pr\u00e9cieuses font partie de nombreuses cultures anciennes, souvent consid\u00e9r\u00e9es comme un talisman ou un symbole de chance ou de fortune. Depuis des milliers d&rsquo;ann\u00e9es, ils ont \u00e9t\u00e9 transform\u00e9s en bagues, bracelets, amulettes, broches et pendentifs pour capturer leur magie. Pouvoirs de sagesse antiques de l\u2019\u0153il de tigre : confiance et force&nbsp; L\u2019\u0153il de [&hellip;]<\/p>\n","protected":false},"featured_media":342004,"comment_status":"closed","ping_status":"open","template":"","meta":{"_angie_page":false},"product_brand":[],"product_cat":[17264,25786,25226,18938],"product_tag":[],"class_list":{"0":"post-232656","1":"product","2":"type-product","3":"status-publish","4":"has-post-thumbnail","6":"product_cat-cadeaux-esoterique","7":"product_cat-oeil-de-tigre","8":"product_cat-pierres-et-mineraux","9":"product_cat-pierres-roulees","10":"pa_collection-mixed-gemstones-fr","11":"pa_made-in-inde","13":"first","14":"instock","15":"purchasable","16":"product-type-simple"},"supplier_id":null,"supplier_sku":"NMGC-15","barcode":null,"atum_controlled":true,"out_stock_date":null,"out_stock_threshold":null,"inheritable":false,"inbound_stock":null,"stock_on_hold":0,"sold_today":0,"sales_last_days":0,"reserved_stock":null,"customer_returns":null,"warehouse_damage":null,"lost_in_post":null,"other_logs":null,"out_stock_days":0,"lost_sales":0,"has_location":null,"update_date":"2026-04-27T07:15:25","atum_locations":[],"atum_stock_status":"instock","restock_status":false,"low_stock_amount":"","sales_update_date":"2026-03-23T19:23:16","calc_backorders":null,"_links":{"self":[{"href":"https:\/\/aromasentia.com\/fr\/wp-json\/wp\/v2\/product\/232656","targetHints":{"allow":["GET"]}}],"collection":[{"href":"https:\/\/aromasentia.com\/fr\/wp-json\/wp\/v2\/product"}],"about":[{"href":"https:\/\/aromasentia.com\/fr\/wp-json\/wp\/v2\/types\/product"}],"replies":[{"embeddable":true,"href":"https:\/\/aromasentia.com\/fr\/wp-json\/wp\/v2\/comments?post=232656"}],"version-history":[{"count":0,"href":"https:\/\/aromasentia.com\/fr\/wp-json\/wp\/v2\/product\/232656\/revisions"}],"wp:featuredmedia":[{"embeddable":true,"href":"https:\/\/aromasentia.com\/fr\/wp-json\/wp\/v2\/media\/342004"}],"wp:attachment":[{"href":"https:\/\/aromasentia.com\/fr\/wp-json\/wp\/v2\/media?parent=232656"}],"wp:term":[{"taxonomy":"product_brand","embeddable":true,"href":"https:\/\/aromasentia.com\/fr\/wp-json\/wp\/v2\/product_brand?post=232656"},{"taxonomy":"product_cat","embeddable":true,"href":"https:\/\/aromasentia.com\/fr\/wp-json\/wp\/v2\/product_cat?post=232656"},{"taxonomy":"product_tag","embeddable":true,"href":"https:\/\/aromasentia.com\/fr\/wp-json\/wp\/v2\/product_tag?post=232656"}],"curies":[{"name":"wp","href":"https:\/\/api.w.org\/{rel}","templated":true}]}}