{"id":232652,"date":"2025-03-22T13:30:06","date_gmt":"2025-03-22T13:30:06","guid":{"rendered":"https:\/\/aromasentia.com\/product\/carnelian-gemstone-chips-bulk-1kg\/"},"modified":"2025-06-23T18:53:33","modified_gmt":"2025-06-23T18:53:33","slug":"eclats-de-pierres-precieuses-de-cornaline-en-vrac-1kg","status":"publish","type":"product","link":"https:\/\/aromasentia.com\/fr\/eclats-de-pierres-precieuses-de-cornaline-en-vrac-1kg\/","title":{"rendered":"Eclats de pierres pr\u00e9cieuses de cornaline en vrac &#8211; 1KG"},"content":{"rendered":"<p>Pr\u00e9sentation de nos exquises <strong>\u00e9clats de pierres pr\u00e9cieuses de cornaline<\/strong> en vrac de 1 kg &ndash; la quintessence de l&rsquo;\u00e9l\u00e9gance et de la polyvalence !&nbsp;<\/p>\n<p>Ces superbes \u00e9clats de pierres pr\u00e9cieuses, d&rsquo;une taille moyenne allant de 0,5 \u00e0 1,5 cm, offrent un m\u00e9lange vibrant de couleurs, parfait pour rehausser vos objets d\u00e9coratifs ou rehausser l&rsquo;attrait de vos aquariums.&nbsp;<\/p>\n<p>Que vous remplissiez nos <a href=\"https:\/\/aromasentia.com\/mgw\">bols en verre fondu<\/a> ou notre vaste collection de<a href=\"https:\/\/aromasentia.com\/gter\"> terrariums et bols en verre<\/a>, les possibilit\u00e9s cr\u00e9atives sont illimit\u00e9es.&nbsp;<\/p>\n<p>Ne manquez pas cette incroyable opportunit\u00e9 d&rsquo;approvisionner votre magasin avec ces \u00e9clats de pierres pr\u00e9cieuses de cornaline abordables.<\/p>\n<p><strong><span style=\"color: rgb(141, 186, 216);\">Commandez d\u00e8s aujourd&rsquo;hui et d\u00e9couvrez par vous-m\u00eame la magie de ces pierres pr\u00e9cieuses !<\/span><\/strong><\/p>\n","protected":false},"excerpt":{"rendered":"<p>Pr\u00e9sentation de nos exquises \u00e9clats de pierres pr\u00e9cieuses de cornaline en vrac de 1 kg &ndash; la quintessence de l&rsquo;\u00e9l\u00e9gance et de la polyvalence !&nbsp; Ces superbes \u00e9clats de pierres pr\u00e9cieuses, d&rsquo;une taille moyenne allant de 0,5 \u00e0 1,5 cm, offrent un m\u00e9lange vibrant de couleurs, parfait pour rehausser vos objets d\u00e9coratifs ou rehausser l&rsquo;attrait [&hellip;]<\/p>\n","protected":false},"featured_media":341987,"comment_status":"closed","ping_status":"open","template":"","meta":[],"product_brand":[],"product_cat":[17264,25584,25226,18938],"product_tag":[],"class_list":{"0":"post-232652","1":"product","2":"type-product","3":"status-publish","4":"has-post-thumbnail","6":"product_cat-cadeaux-esoterique","7":"product_cat-cornaline","8":"product_cat-pierres-et-mineraux","9":"product_cat-pierres-roulees","10":"pa_collection-mixed-gemstones-fr","11":"pa_made-in-inde","13":"first","14":"instock","15":"purchasable","16":"product-type-simple"},"supplier_id":null,"supplier_sku":"NMGC-14","barcode":null,"atum_controlled":true,"out_stock_date":null,"out_stock_threshold":null,"inheritable":false,"inbound_stock":null,"stock_on_hold":0,"sold_today":0,"sales_last_days":0,"reserved_stock":null,"customer_returns":null,"warehouse_damage":null,"lost_in_post":null,"other_logs":null,"out_stock_days":0,"lost_sales":0,"has_location":null,"update_date":"2026-02-03T09:15:07","atum_locations":[],"atum_stock_status":"instock","restock_status":false,"low_stock_amount":"","sales_update_date":"2025-09-05T00:24:57","calc_backorders":null,"_links":{"self":[{"href":"https:\/\/aromasentia.com\/fr\/wp-json\/wp\/v2\/product\/232652","targetHints":{"allow":["GET"]}}],"collection":[{"href":"https:\/\/aromasentia.com\/fr\/wp-json\/wp\/v2\/product"}],"about":[{"href":"https:\/\/aromasentia.com\/fr\/wp-json\/wp\/v2\/types\/product"}],"replies":[{"embeddable":true,"href":"https:\/\/aromasentia.com\/fr\/wp-json\/wp\/v2\/comments?post=232652"}],"version-history":[{"count":0,"href":"https:\/\/aromasentia.com\/fr\/wp-json\/wp\/v2\/product\/232652\/revisions"}],"wp:featuredmedia":[{"embeddable":true,"href":"https:\/\/aromasentia.com\/fr\/wp-json\/wp\/v2\/media\/341987"}],"wp:attachment":[{"href":"https:\/\/aromasentia.com\/fr\/wp-json\/wp\/v2\/media?parent=232652"}],"wp:term":[{"taxonomy":"product_brand","embeddable":true,"href":"https:\/\/aromasentia.com\/fr\/wp-json\/wp\/v2\/product_brand?post=232652"},{"taxonomy":"product_cat","embeddable":true,"href":"https:\/\/aromasentia.com\/fr\/wp-json\/wp\/v2\/product_cat?post=232652"},{"taxonomy":"product_tag","embeddable":true,"href":"https:\/\/aromasentia.com\/fr\/wp-json\/wp\/v2\/product_tag?post=232652"}],"curies":[{"name":"wp","href":"https:\/\/api.w.org\/{rel}","templated":true}]}}