{"id":232612,"date":"2025-03-22T13:30:06","date_gmt":"2025-03-22T13:30:06","guid":{"rendered":"https:\/\/aromasentia.com\/product\/mixed-natural-gemstone-chips-1kg\/"},"modified":"2025-06-23T18:53:26","modified_gmt":"2025-06-23T18:53:26","slug":"eclats-de-pierre-1kg-mixte-1","status":"publish","type":"product","link":"https:\/\/aromasentia.com\/fr\/eclats-de-pierre-1kg-mixte-1\/","title":{"rendered":"Eclats de pierre &#8211; 1KG (mixte 1)"},"content":{"rendered":"<p>\u00e9clats de pierres pr\u00e9cieuses naturelles m\u00e9lang\u00e9es &ndash; un m\u00e9lange captivant de tr\u00e9sors de la nature !&nbsp;<\/p>\n<p>Chaque sac de 1 kg est rempli d&rsquo;un assortiment enchanteur de copeaux de pierres pr\u00e9cieuses, d&rsquo;une <strong>taille allant de 0,5 \u00e0 1 cm.<\/strong>&nbsp;<\/p>\n<p>Plongez-vous dans le monde fascinant des pierres pr\u00e9cieuses en explorant les couleurs et textures vibrantes de cette collection diversifi\u00e9e. Chaque puce raconte une histoire unique, qui attend d&rsquo;\u00eatre d\u00e9couverte.&nbsp;<\/p>\n<p>Fabriqu\u00e9s par la Terre M\u00e8re elle-m\u00eame, ces \u00e9clats de pierres pr\u00e9cieuses poss\u00e8dent une beaut\u00e9 naturelle \u00e0 la fois intemporelle et captivante. Leurs formes et tailles irr\u00e9guli\u00e8res ajoutent une touche organique \u00e0 tout projet cr\u00e9atif ou pratique spirituelle.&nbsp;<\/p>\n<p>Utilisez-les pour la fabrication de bijoux, l&rsquo;art de la mosa&iuml;que, les grilles de cristal ou simplement comme accents d\u00e9coratifs dans votre maison. La quantit\u00e9 de 1 kg garantit un approvisionnement abondant en \u00e9clats de pierres pr\u00e9cieuses, vous permettant d&rsquo;explorer pleinement votre cr\u00e9ativit\u00e9.&nbsp;<\/p>\n<p>Embrassez la beaut\u00e9 de la palette de la nature avec nos copeaux de pierres pr\u00e9cieuses naturelles m\u00e9lang\u00e9es &ndash; un v\u00e9ritable tr\u00e9sor de couleurs et d&rsquo;\u00e9nergies.&nbsp;<\/p>\n<p><strong><span style=\"color: rgb(141, 186, 216);\">Commencez d\u00e8s aujourd\u2019hui votre voyage dans le monde des pierres pr\u00e9cieuses !<\/span><\/strong><\/p>\n","protected":false},"excerpt":{"rendered":"<p>\u00e9clats de pierres pr\u00e9cieuses naturelles m\u00e9lang\u00e9es &ndash; un m\u00e9lange captivant de tr\u00e9sors de la nature !&nbsp; Chaque sac de 1 kg est rempli d&rsquo;un assortiment enchanteur de copeaux de pierres pr\u00e9cieuses, d&rsquo;une taille allant de 0,5 \u00e0 1 cm.&nbsp; Plongez-vous dans le monde fascinant des pierres pr\u00e9cieuses en explorant les couleurs et textures vibrantes de [&hellip;]<\/p>\n","protected":false},"featured_media":341753,"comment_status":"closed","ping_status":"open","template":"","meta":{"_angie_page":false},"product_brand":[],"product_cat":[17264,18938],"product_tag":[],"class_list":{"0":"post-232612","1":"product","2":"type-product","3":"status-publish","4":"has-post-thumbnail","6":"product_cat-cadeaux-esoterique","7":"product_cat-pierres-roulees","8":"pa_collection-mixed-gemstones-fr","9":"pa_made-in-inde","11":"first","12":"instock","13":"purchasable","14":"product-type-simple"},"supplier_id":null,"supplier_sku":"NMGC-01","barcode":null,"atum_controlled":true,"out_stock_date":null,"out_stock_threshold":null,"inheritable":false,"inbound_stock":null,"stock_on_hold":0,"sold_today":0,"sales_last_days":0,"reserved_stock":null,"customer_returns":null,"warehouse_damage":null,"lost_in_post":null,"other_logs":null,"out_stock_days":0,"lost_sales":0,"has_location":null,"update_date":"2026-05-11T01:56:47","atum_locations":[],"atum_stock_status":"instock","restock_status":false,"low_stock_amount":"","sales_update_date":"2025-09-05T00:24:55","calc_backorders":null,"_links":{"self":[{"href":"https:\/\/aromasentia.com\/fr\/wp-json\/wp\/v2\/product\/232612","targetHints":{"allow":["GET"]}}],"collection":[{"href":"https:\/\/aromasentia.com\/fr\/wp-json\/wp\/v2\/product"}],"about":[{"href":"https:\/\/aromasentia.com\/fr\/wp-json\/wp\/v2\/types\/product"}],"replies":[{"embeddable":true,"href":"https:\/\/aromasentia.com\/fr\/wp-json\/wp\/v2\/comments?post=232612"}],"version-history":[{"count":0,"href":"https:\/\/aromasentia.com\/fr\/wp-json\/wp\/v2\/product\/232612\/revisions"}],"wp:featuredmedia":[{"embeddable":true,"href":"https:\/\/aromasentia.com\/fr\/wp-json\/wp\/v2\/media\/341753"}],"wp:attachment":[{"href":"https:\/\/aromasentia.com\/fr\/wp-json\/wp\/v2\/media?parent=232612"}],"wp:term":[{"taxonomy":"product_brand","embeddable":true,"href":"https:\/\/aromasentia.com\/fr\/wp-json\/wp\/v2\/product_brand?post=232612"},{"taxonomy":"product_cat","embeddable":true,"href":"https:\/\/aromasentia.com\/fr\/wp-json\/wp\/v2\/product_cat?post=232612"},{"taxonomy":"product_tag","embeddable":true,"href":"https:\/\/aromasentia.com\/fr\/wp-json\/wp\/v2\/product_tag?post=232612"}],"curies":[{"name":"wp","href":"https:\/\/api.w.org\/{rel}","templated":true}]}}