{"id":232580,"date":"2025-03-22T13:30:06","date_gmt":"2025-03-22T13:30:06","guid":{"rendered":"https:\/\/aromasentia.com\/product\/mineral-specimens-galene-approx-80-pieces\/"},"modified":"2025-06-23T18:53:22","modified_gmt":"2025-06-23T18:53:22","slug":"specimens-mineraux-galene-environ-27-a-70-pieces","status":"publish","type":"product","link":"https:\/\/aromasentia.com\/fr\/specimens-mineraux-galene-environ-27-a-70-pieces\/","title":{"rendered":"Sp\u00e9cimens min\u00e9raux &#8211; Gal\u00e8ne (environ 27 \u00e0 70 pi\u00e8ces)"},"content":{"rendered":"<p><strong><span style=\"color: rgb(75, 80, 88);\">La Gal\u00e8ne<\/span><\/strong> est un vrai r\u00e9gal pour les collectionneurs de min\u00e9raux et de pierres.&nbsp;<\/p>\n<p>Compos\u00e9 de soufre et de plomb, avec une couleur grise et un \u00e9clat m\u00e9tallique tr\u00e8s fort. Il est susceptible de contenir de petites quantit\u00e9s de quartz, de calcite ou de dolomie. Il est cassant et m\u00eame mou, opaque.&nbsp;<\/p>\n<p>La Gal\u00e8ne est appel\u00e9e la \u00ab\u00a0pierre de l&rsquo;harmonie\u00a0\u00bb car elle ouvre l&rsquo;esprit et apporte l&rsquo;\u00e9quilibre \u00e0 tous les niveaux.&nbsp;<\/p>\n<p>Cet essai contient environ 27 \u00e0 70 pi\u00e8ces.<\/p>\n<p><strong><span style=\"color: rgb(141, 186, 216);\">Veuillez noter qu&rsquo;il peut y avoir une petite quantit\u00e9 de poussi\u00e8re sur le min\u00e9ral de gal\u00e8ne qui peut \u00eatre toxique en cas d&rsquo;inhalation ou d&rsquo;ingestion.<\/span><\/strong><\/p>\n","protected":false},"excerpt":{"rendered":"<p>La Gal\u00e8ne est un vrai r\u00e9gal pour les collectionneurs de min\u00e9raux et de pierres.&nbsp; Compos\u00e9 de soufre et de plomb, avec une couleur grise et un \u00e9clat m\u00e9tallique tr\u00e8s fort. Il est susceptible de contenir de petites quantit\u00e9s de quartz, de calcite ou de dolomie. Il est cassant et m\u00eame mou, opaque.&nbsp; La Gal\u00e8ne est [&hellip;]<\/p>\n","protected":false},"featured_media":341481,"comment_status":"closed","ping_status":"open","template":"","meta":{"_angie_page":false},"product_brand":[],"product_cat":[17264,18938],"product_tag":[],"class_list":{"0":"post-232580","1":"product","2":"type-product","3":"status-publish","4":"has-post-thumbnail","6":"product_cat-cadeaux-esoterique","7":"product_cat-pierres-roulees","8":"pa_collection-rare-mineral-specimens-fr","9":"pa_made-in-maroc","11":"first","12":"instock","13":"purchasable","14":"product-type-simple"},"supplier_id":null,"supplier_sku":"MinSP-18","barcode":null,"atum_controlled":true,"out_stock_date":null,"out_stock_threshold":null,"inheritable":false,"inbound_stock":null,"stock_on_hold":0,"sold_today":0,"sales_last_days":0,"reserved_stock":null,"customer_returns":null,"warehouse_damage":null,"lost_in_post":null,"other_logs":null,"out_stock_days":0,"lost_sales":0,"has_location":null,"update_date":"2026-05-08T05:13:11","atum_locations":[],"atum_stock_status":"instock","restock_status":false,"low_stock_amount":"","sales_update_date":"2026-02-06T00:00:46","calc_backorders":null,"_links":{"self":[{"href":"https:\/\/aromasentia.com\/fr\/wp-json\/wp\/v2\/product\/232580","targetHints":{"allow":["GET"]}}],"collection":[{"href":"https:\/\/aromasentia.com\/fr\/wp-json\/wp\/v2\/product"}],"about":[{"href":"https:\/\/aromasentia.com\/fr\/wp-json\/wp\/v2\/types\/product"}],"replies":[{"embeddable":true,"href":"https:\/\/aromasentia.com\/fr\/wp-json\/wp\/v2\/comments?post=232580"}],"version-history":[{"count":0,"href":"https:\/\/aromasentia.com\/fr\/wp-json\/wp\/v2\/product\/232580\/revisions"}],"wp:featuredmedia":[{"embeddable":true,"href":"https:\/\/aromasentia.com\/fr\/wp-json\/wp\/v2\/media\/341481"}],"wp:attachment":[{"href":"https:\/\/aromasentia.com\/fr\/wp-json\/wp\/v2\/media?parent=232580"}],"wp:term":[{"taxonomy":"product_brand","embeddable":true,"href":"https:\/\/aromasentia.com\/fr\/wp-json\/wp\/v2\/product_brand?post=232580"},{"taxonomy":"product_cat","embeddable":true,"href":"https:\/\/aromasentia.com\/fr\/wp-json\/wp\/v2\/product_cat?post=232580"},{"taxonomy":"product_tag","embeddable":true,"href":"https:\/\/aromasentia.com\/fr\/wp-json\/wp\/v2\/product_tag?post=232580"}],"curies":[{"name":"wp","href":"https:\/\/api.w.org\/{rel}","templated":true}]}}