{"id":232568,"date":"2025-03-22T13:30:06","date_gmt":"2025-03-22T13:30:06","guid":{"rendered":"https:\/\/aromasentia.com\/product\/mineral-specimens-natural-hematite-approx-20-pieces\/"},"modified":"2025-06-23T18:53:21","modified_gmt":"2025-06-23T18:53:21","slug":"specimens-mineraux-hematite-naturelle-environ-20-pieces","status":"publish","type":"product","link":"https:\/\/aromasentia.com\/fr\/specimens-mineraux-hematite-naturelle-environ-20-pieces\/","title":{"rendered":"Sp\u00e9cimens min\u00e9raux &#8211; H\u00e9matite naturelle (environ 20 pi\u00e8ces)"},"content":{"rendered":"<p><strong><span style=\"color: rgb(75, 80, 88);\">L&rsquo;h\u00e9matite<\/span><\/strong> est un cristal d&rsquo;oxyde de fer; c&rsquo;est l&rsquo;un des min\u00e9raux les plus abondants \u00e0 la surface de la terre.&nbsp;<\/p>\n<p>La pierre est connue pour sa couleur noire et son \u00e9clat m\u00e9tallique. Sa particularit\u00e9 est une rayure rouge visible lorsque la surface est ray\u00e9e.&nbsp;<\/p>\n<p>Les min\u00e9raux d&rsquo;h\u00e9matite sont utilis\u00e9s pour la protection depuis des milliers d&rsquo;ann\u00e9es. L&rsquo;une des principales fa&ccedil;ons dont ce cristal a \u00e9t\u00e9 utilis\u00e9 est de se prot\u00e9ger contre les saignements excessifs.&nbsp;<\/p>\n<p>On pense \u00e9galement qu&rsquo;il ajoute de la confiance aux personnes timides.<\/p>\n","protected":false},"excerpt":{"rendered":"<p>L&rsquo;h\u00e9matite est un cristal d&rsquo;oxyde de fer; c&rsquo;est l&rsquo;un des min\u00e9raux les plus abondants \u00e0 la surface de la terre.&nbsp; La pierre est connue pour sa couleur noire et son \u00e9clat m\u00e9tallique. Sa particularit\u00e9 est une rayure rouge visible lorsque la surface est ray\u00e9e.&nbsp; Les min\u00e9raux d&rsquo;h\u00e9matite sont utilis\u00e9s pour la protection depuis des milliers [&hellip;]<\/p>\n","protected":false},"featured_media":341246,"comment_status":"closed","ping_status":"open","template":"","meta":{"_angie_page":false},"product_brand":[],"product_cat":[17264,25620,25226,18938],"product_tag":[],"class_list":{"0":"post-232568","1":"product","2":"type-product","3":"status-publish","4":"has-post-thumbnail","6":"product_cat-cadeaux-esoterique","7":"product_cat-hematite","8":"product_cat-pierres-et-mineraux","9":"product_cat-pierres-roulees","10":"pa_collection-rare-mineral-specimens-fr","11":"pa_made-in-maroc","13":"first","14":"instock","15":"purchasable","16":"product-type-simple"},"supplier_id":null,"supplier_sku":"MinSP-15","barcode":null,"atum_controlled":true,"out_stock_date":null,"out_stock_threshold":null,"inheritable":false,"inbound_stock":null,"stock_on_hold":0,"sold_today":0,"sales_last_days":0,"reserved_stock":null,"customer_returns":null,"warehouse_damage":null,"lost_in_post":null,"other_logs":null,"out_stock_days":0,"lost_sales":0,"has_location":null,"update_date":"2026-04-27T07:13:06","atum_locations":[],"atum_stock_status":"instock","restock_status":false,"low_stock_amount":"","sales_update_date":"2026-01-30T01:26:21","calc_backorders":null,"_links":{"self":[{"href":"https:\/\/aromasentia.com\/fr\/wp-json\/wp\/v2\/product\/232568","targetHints":{"allow":["GET"]}}],"collection":[{"href":"https:\/\/aromasentia.com\/fr\/wp-json\/wp\/v2\/product"}],"about":[{"href":"https:\/\/aromasentia.com\/fr\/wp-json\/wp\/v2\/types\/product"}],"replies":[{"embeddable":true,"href":"https:\/\/aromasentia.com\/fr\/wp-json\/wp\/v2\/comments?post=232568"}],"version-history":[{"count":0,"href":"https:\/\/aromasentia.com\/fr\/wp-json\/wp\/v2\/product\/232568\/revisions"}],"wp:featuredmedia":[{"embeddable":true,"href":"https:\/\/aromasentia.com\/fr\/wp-json\/wp\/v2\/media\/341246"}],"wp:attachment":[{"href":"https:\/\/aromasentia.com\/fr\/wp-json\/wp\/v2\/media?parent=232568"}],"wp:term":[{"taxonomy":"product_brand","embeddable":true,"href":"https:\/\/aromasentia.com\/fr\/wp-json\/wp\/v2\/product_brand?post=232568"},{"taxonomy":"product_cat","embeddable":true,"href":"https:\/\/aromasentia.com\/fr\/wp-json\/wp\/v2\/product_cat?post=232568"},{"taxonomy":"product_tag","embeddable":true,"href":"https:\/\/aromasentia.com\/fr\/wp-json\/wp\/v2\/product_tag?post=232568"}],"curies":[{"name":"wp","href":"https:\/\/api.w.org\/{rel}","templated":true}]}}