{"id":232560,"date":"2025-03-22T13:30:06","date_gmt":"2025-03-22T13:30:06","guid":{"rendered":"https:\/\/aromasentia.com\/product\/mineral-specimens-epidote-approx-10-pieces\/"},"modified":"2025-06-23T18:53:18","modified_gmt":"2025-06-23T18:53:18","slug":"specimens-mineraux-epidote-environ-10-pieces","status":"publish","type":"product","link":"https:\/\/aromasentia.com\/fr\/specimens-mineraux-epidote-environ-10-pieces\/","title":{"rendered":"Sp\u00e9cimens Min\u00e9raux &#8211; Epidote (environ 10 pi\u00e8ces)"},"content":{"rendered":"<p><strong><span style=\"color: rgb(75, 80, 88);\">L&rsquo;\u00e9pidote<\/span><\/strong> est un min\u00e9ral commun du groupe des silicates avec une distribution \u00e9tendue. Il est cassant, transparent et change de couleur du vert fonc\u00e9 au jaune-vert selon la direction d&rsquo;observation.&nbsp;<\/p>\n<p>En \u00e9sot\u00e9risme, il est recommand\u00e9 en compl\u00e9ment de la m\u00e9ditation.&nbsp;<\/p>\n<p>Ensuite, vous pouvez tenir la pierre dans votre main ou la poser sur votre cuisse.<\/p>\n","protected":false},"excerpt":{"rendered":"<p>L&rsquo;\u00e9pidote est un min\u00e9ral commun du groupe des silicates avec une distribution \u00e9tendue. Il est cassant, transparent et change de couleur du vert fonc\u00e9 au jaune-vert selon la direction d&rsquo;observation.&nbsp; En \u00e9sot\u00e9risme, il est recommand\u00e9 en compl\u00e9ment de la m\u00e9ditation.&nbsp; Ensuite, vous pouvez tenir la pierre dans votre main ou la poser sur votre cuisse.<\/p>\n","protected":false},"featured_media":341100,"comment_status":"closed","ping_status":"open","template":"","meta":{"_angie_page":false},"product_brand":[],"product_cat":[17264,25596,25226,18938],"product_tag":[],"class_list":{"0":"post-232560","1":"product","2":"type-product","3":"status-publish","4":"has-post-thumbnail","6":"product_cat-cadeaux-esoterique","7":"product_cat-epidote","8":"product_cat-pierres-et-mineraux","9":"product_cat-pierres-roulees","10":"pa_collection-rare-mineral-specimens-fr","11":"pa_made-in-maroc","13":"first","14":"instock","15":"purchasable","16":"product-type-simple"},"supplier_id":null,"supplier_sku":"MinSP-13","barcode":null,"atum_controlled":true,"out_stock_date":null,"out_stock_threshold":null,"inheritable":false,"inbound_stock":null,"stock_on_hold":0,"sold_today":0,"sales_last_days":0,"reserved_stock":null,"customer_returns":null,"warehouse_damage":null,"lost_in_post":null,"other_logs":null,"out_stock_days":0,"lost_sales":0,"has_location":null,"update_date":"2026-04-27T07:13:06","atum_locations":[],"atum_stock_status":"instock","restock_status":false,"low_stock_amount":"","sales_update_date":"2026-02-06T00:02:06","calc_backorders":null,"_links":{"self":[{"href":"https:\/\/aromasentia.com\/fr\/wp-json\/wp\/v2\/product\/232560","targetHints":{"allow":["GET"]}}],"collection":[{"href":"https:\/\/aromasentia.com\/fr\/wp-json\/wp\/v2\/product"}],"about":[{"href":"https:\/\/aromasentia.com\/fr\/wp-json\/wp\/v2\/types\/product"}],"replies":[{"embeddable":true,"href":"https:\/\/aromasentia.com\/fr\/wp-json\/wp\/v2\/comments?post=232560"}],"version-history":[{"count":0,"href":"https:\/\/aromasentia.com\/fr\/wp-json\/wp\/v2\/product\/232560\/revisions"}],"wp:featuredmedia":[{"embeddable":true,"href":"https:\/\/aromasentia.com\/fr\/wp-json\/wp\/v2\/media\/341100"}],"wp:attachment":[{"href":"https:\/\/aromasentia.com\/fr\/wp-json\/wp\/v2\/media?parent=232560"}],"wp:term":[{"taxonomy":"product_brand","embeddable":true,"href":"https:\/\/aromasentia.com\/fr\/wp-json\/wp\/v2\/product_brand?post=232560"},{"taxonomy":"product_cat","embeddable":true,"href":"https:\/\/aromasentia.com\/fr\/wp-json\/wp\/v2\/product_cat?post=232560"},{"taxonomy":"product_tag","embeddable":true,"href":"https:\/\/aromasentia.com\/fr\/wp-json\/wp\/v2\/product_tag?post=232560"}],"curies":[{"name":"wp","href":"https:\/\/api.w.org\/{rel}","templated":true}]}}