{"id":232548,"date":"2025-03-22T13:30:06","date_gmt":"2025-03-22T13:30:06","guid":{"rendered":"https:\/\/aromasentia.com\/product\/mineral-specimens-calcite-approx-32-pieces\/"},"modified":"2025-06-23T18:53:17","modified_gmt":"2025-06-23T18:53:17","slug":"specimens-mineraux-calcite-environ-32-pieces","status":"publish","type":"product","link":"https:\/\/aromasentia.com\/fr\/specimens-mineraux-calcite-environ-32-pieces\/","title":{"rendered":"Sp\u00e9cimens min\u00e9raux &#8211; Calcite (environ 32 pi\u00e8ces)"},"content":{"rendered":"<p><strong><span style=\"color: rgb(75, 80, 88);\">La Calcite <\/span><\/strong>est commune partout dans le monde et occupe plus de 4% de la masse totale de la cro\u00fbte terrestre.&nbsp;<\/p>\n<p>Ce min\u00e9ral peut \u00eatre trouv\u00e9 dans de nombreuses couleurs telles que le rouge, l&rsquo;orange, le vert, le jaune, le bleu, le marron. Il existe \u00e9galement des sp\u00e9cimens de lynx incolores et blancs.&nbsp;<\/p>\n<p>La calcite se pr\u00e9sente sous la forme d&rsquo;un cristal transparent ou opaque. Les plus courants sont les sp\u00e9cimens contenant des m\u00e9langes de mangan\u00e8se, de fer et de magn\u00e9sium, de strontium, de baryum, de cobalt et de plomb.&nbsp;<\/p>\n<p>La calcite est consid\u00e9r\u00e9e comme la pierre de l&rsquo;\u00e9quilibre. Il a la capacit\u00e9 de renforcer et de purifier l&rsquo;\u00e9nergie.<\/p>\n","protected":false},"excerpt":{"rendered":"<p>La Calcite est commune partout dans le monde et occupe plus de 4% de la masse totale de la cro\u00fbte terrestre.&nbsp; Ce min\u00e9ral peut \u00eatre trouv\u00e9 dans de nombreuses couleurs telles que le rouge, l&rsquo;orange, le vert, le jaune, le bleu, le marron. Il existe \u00e9galement des sp\u00e9cimens de lynx incolores et blancs.&nbsp; La calcite [&hellip;]<\/p>\n","protected":false},"featured_media":340889,"comment_status":"closed","ping_status":"open","template":"","meta":{"_angie_page":false},"product_brand":[],"product_cat":[17264,25572,25226,18938],"product_tag":[],"class_list":{"0":"post-232548","1":"product","2":"type-product","3":"status-publish","4":"has-post-thumbnail","6":"product_cat-cadeaux-esoterique","7":"product_cat-calcite","8":"product_cat-pierres-et-mineraux","9":"product_cat-pierres-roulees","10":"pa_collection-rare-mineral-specimens-fr","11":"pa_made-in-maroc","13":"first","14":"instock","15":"purchasable","16":"product-type-simple"},"supplier_id":null,"supplier_sku":"MinSP-10","barcode":null,"atum_controlled":true,"out_stock_date":null,"out_stock_threshold":null,"inheritable":false,"inbound_stock":null,"stock_on_hold":0,"sold_today":0,"sales_last_days":0,"reserved_stock":null,"customer_returns":null,"warehouse_damage":null,"lost_in_post":null,"other_logs":null,"out_stock_days":153,"lost_sales":0,"has_location":null,"update_date":"2026-04-27T07:13:06","atum_locations":[],"atum_stock_status":"instock","restock_status":false,"low_stock_amount":"","sales_update_date":"2026-02-06T00:01:04","calc_backorders":null,"_links":{"self":[{"href":"https:\/\/aromasentia.com\/fr\/wp-json\/wp\/v2\/product\/232548","targetHints":{"allow":["GET"]}}],"collection":[{"href":"https:\/\/aromasentia.com\/fr\/wp-json\/wp\/v2\/product"}],"about":[{"href":"https:\/\/aromasentia.com\/fr\/wp-json\/wp\/v2\/types\/product"}],"replies":[{"embeddable":true,"href":"https:\/\/aromasentia.com\/fr\/wp-json\/wp\/v2\/comments?post=232548"}],"version-history":[{"count":0,"href":"https:\/\/aromasentia.com\/fr\/wp-json\/wp\/v2\/product\/232548\/revisions"}],"wp:featuredmedia":[{"embeddable":true,"href":"https:\/\/aromasentia.com\/fr\/wp-json\/wp\/v2\/media\/340889"}],"wp:attachment":[{"href":"https:\/\/aromasentia.com\/fr\/wp-json\/wp\/v2\/media?parent=232548"}],"wp:term":[{"taxonomy":"product_brand","embeddable":true,"href":"https:\/\/aromasentia.com\/fr\/wp-json\/wp\/v2\/product_brand?post=232548"},{"taxonomy":"product_cat","embeddable":true,"href":"https:\/\/aromasentia.com\/fr\/wp-json\/wp\/v2\/product_cat?post=232548"},{"taxonomy":"product_tag","embeddable":true,"href":"https:\/\/aromasentia.com\/fr\/wp-json\/wp\/v2\/product_tag?post=232548"}],"curies":[{"name":"wp","href":"https:\/\/api.w.org\/{rel}","templated":true}]}}