{"id":232532,"date":"2025-03-22T13:30:06","date_gmt":"2025-03-22T13:30:06","guid":{"rendered":"https:\/\/aromasentia.com\/product\/mineral-specimens-azurite-malachite-approx-20-pieces\/"},"modified":"2025-06-23T18:53:15","modified_gmt":"2025-06-23T18:53:15","slug":"specimens-mineraux-azurite-malachite-environ-20-pieces","status":"publish","type":"product","link":"https:\/\/aromasentia.com\/fr\/specimens-mineraux-azurite-malachite-environ-20-pieces\/","title":{"rendered":"Sp\u00e9cimens Min\u00e9raux &#8211; Azurite Malachite (environ 20 pi\u00e8ces)"},"content":{"rendered":"<p><strong><span style=\"color: rgb(75, 80, 88);\">Azurite Malachite<\/span><\/strong> est un m\u00e9lange d&rsquo;azurite et de malachite, g\u00e9n\u00e9ralement sous forme d&rsquo;amas denses. Il a une belle couleur bleu-vert.&nbsp;<\/p>\n<p>Cette pierre a une grande valeur de collection, mais selon la lithoth\u00e9rapie, elle a \u00e9galement un effet positif sur l&rsquo;\u00e9tat du corps et de l&rsquo;esprit humain.&nbsp;<\/p>\n<p>Tr\u00e8s souvent dans les milieux \u00e9sot\u00e9riques, la malachite azurite est qualifi\u00e9e de pierre d&rsquo;\u00e9nergie positive.<\/p>\n","protected":false},"excerpt":{"rendered":"<p>Azurite Malachite est un m\u00e9lange d&rsquo;azurite et de malachite, g\u00e9n\u00e9ralement sous forme d&rsquo;amas denses. Il a une belle couleur bleu-vert.&nbsp; Cette pierre a une grande valeur de collection, mais selon la lithoth\u00e9rapie, elle a \u00e9galement un effet positif sur l&rsquo;\u00e9tat du corps et de l&rsquo;esprit humain.&nbsp; Tr\u00e8s souvent dans les milieux \u00e9sot\u00e9riques, la malachite azurite [&hellip;]<\/p>\n","protected":false},"featured_media":340501,"comment_status":"closed","ping_status":"open","template":"","meta":{"_angie_page":false},"product_brand":[],"product_cat":[17264,25679,25226,18938],"product_tag":[],"class_list":{"0":"post-232532","1":"product","2":"type-product","3":"status-publish","4":"has-post-thumbnail","6":"product_cat-cadeaux-esoterique","7":"product_cat-malachite","8":"product_cat-pierres-et-mineraux","9":"product_cat-pierres-roulees","10":"pa_collection-rare-mineral-specimens-fr","11":"pa_made-in-maroc","13":"first","14":"instock","15":"purchasable","16":"product-type-simple"},"supplier_id":null,"supplier_sku":"MinSP-06","barcode":null,"atum_controlled":true,"out_stock_date":null,"out_stock_threshold":null,"inheritable":false,"inbound_stock":null,"stock_on_hold":0,"sold_today":0,"sales_last_days":0,"reserved_stock":null,"customer_returns":null,"warehouse_damage":null,"lost_in_post":null,"other_logs":null,"out_stock_days":0,"lost_sales":0,"has_location":null,"update_date":"2026-04-27T07:12:59","atum_locations":[],"atum_stock_status":"instock","restock_status":false,"low_stock_amount":"","sales_update_date":"2026-01-30T01:25:45","calc_backorders":null,"_links":{"self":[{"href":"https:\/\/aromasentia.com\/fr\/wp-json\/wp\/v2\/product\/232532","targetHints":{"allow":["GET"]}}],"collection":[{"href":"https:\/\/aromasentia.com\/fr\/wp-json\/wp\/v2\/product"}],"about":[{"href":"https:\/\/aromasentia.com\/fr\/wp-json\/wp\/v2\/types\/product"}],"replies":[{"embeddable":true,"href":"https:\/\/aromasentia.com\/fr\/wp-json\/wp\/v2\/comments?post=232532"}],"version-history":[{"count":0,"href":"https:\/\/aromasentia.com\/fr\/wp-json\/wp\/v2\/product\/232532\/revisions"}],"wp:featuredmedia":[{"embeddable":true,"href":"https:\/\/aromasentia.com\/fr\/wp-json\/wp\/v2\/media\/340501"}],"wp:attachment":[{"href":"https:\/\/aromasentia.com\/fr\/wp-json\/wp\/v2\/media?parent=232532"}],"wp:term":[{"taxonomy":"product_brand","embeddable":true,"href":"https:\/\/aromasentia.com\/fr\/wp-json\/wp\/v2\/product_brand?post=232532"},{"taxonomy":"product_cat","embeddable":true,"href":"https:\/\/aromasentia.com\/fr\/wp-json\/wp\/v2\/product_cat?post=232532"},{"taxonomy":"product_tag","embeddable":true,"href":"https:\/\/aromasentia.com\/fr\/wp-json\/wp\/v2\/product_tag?post=232532"}],"curies":[{"name":"wp","href":"https:\/\/api.w.org\/{rel}","templated":true}]}}