{"id":232524,"date":"2025-03-22T13:30:06","date_gmt":"2025-03-22T13:30:06","guid":{"rendered":"https:\/\/aromasentia.com\/product\/finger-quartz-min-5-pieces-per-1kg-pack\/"},"modified":"2025-06-23T18:53:14","modified_gmt":"2025-06-23T18:53:14","slug":"amas-de-quartz-min-5-pieces-par-sac-de-1kg","status":"publish","type":"product","link":"https:\/\/aromasentia.com\/fr\/amas-de-quartz-min-5-pieces-par-sac-de-1kg\/","title":{"rendered":"Amas de Quartz (min 5 pi\u00e8ces par Sac de 1kg)"},"content":{"rendered":"<p>Les sp\u00e9cimens de min\u00e9raux sont l&rsquo;un des objets de collection les plus inspirants et les plus int\u00e9ressants du march\u00e9. Un cadeau original pour un amoureux de la nature ou un voyageur ; les souvenirs authentiques trouv\u00e9s dans le monde entier.&nbsp;<\/p>\n<p>Soyez pr\u00eat pour une vari\u00e9t\u00e9 infinie de formes, de couleurs et d&rsquo;arrangements de cristaux, et rappelez-vous qu&rsquo;il n&rsquo;y a pas deux pi\u00e8ces identiques.&nbsp;<\/p>\n<p>Vous pouvez les mettre dans la chambre, dans votre poche pour porter chance ou les utiliser pour fabriquer des bijoux extraordinaires. Tailles Hauteur 6-7.5cm, Largeur 3-5cm&nbsp;<\/p>\n<p><strong><span style=\"color: rgb(75, 80, 88);\">VEUILLEZ NOTER :<\/span><\/strong> Ces min\u00e9raux sont un produit naturel. Pour cette raison, les tailles des pi\u00e8ces de pierres pr\u00e9cieuses peuvent varier. Ceci est vendu au poids, vous pouvez recevoir une pi\u00e8ce ou moins de pi\u00e8ces.&nbsp;<\/p>\n<p><strong><span style=\"color: rgb(141, 186, 216);\">Commandez maintenant et laissez vos clients d\u00e9couvrir leur charme unique.<\/span><\/strong><\/p>\n","protected":false},"excerpt":{"rendered":"<p>Les sp\u00e9cimens de min\u00e9raux sont l&rsquo;un des objets de collection les plus inspirants et les plus int\u00e9ressants du march\u00e9. Un cadeau original pour un amoureux de la nature ou un voyageur ; les souvenirs authentiques trouv\u00e9s dans le monde entier.&nbsp; Soyez pr\u00eat pour une vari\u00e9t\u00e9 infinie de formes, de couleurs et d&rsquo;arrangements de cristaux, et [&hellip;]<\/p>\n","protected":false},"featured_media":340299,"comment_status":"closed","ping_status":"open","template":"","meta":{"_angie_page":false},"product_brand":[],"product_cat":[17264,25226,18938,25732],"product_tag":[],"class_list":{"0":"post-232524","1":"product","2":"type-product","3":"status-publish","4":"has-post-thumbnail","6":"product_cat-cadeaux-esoterique","7":"product_cat-pierres-et-mineraux","8":"product_cat-pierres-roulees","9":"product_cat-quartz","10":"pa_collection-rare-mineral-specimens-fr","11":"pa_made-in-inde","13":"first","14":"instock","15":"purchasable","16":"product-type-simple"},"supplier_id":null,"supplier_sku":"MinSp-04","barcode":null,"atum_controlled":true,"out_stock_date":null,"out_stock_threshold":null,"inheritable":false,"inbound_stock":null,"stock_on_hold":0,"sold_today":0,"sales_last_days":0,"reserved_stock":null,"customer_returns":null,"warehouse_damage":null,"lost_in_post":null,"other_logs":null,"out_stock_days":0,"lost_sales":0,"has_location":null,"update_date":"2026-04-27T07:12:59","atum_locations":[],"atum_stock_status":"instock","restock_status":false,"low_stock_amount":"","sales_update_date":"2026-01-30T01:24:34","calc_backorders":null,"_links":{"self":[{"href":"https:\/\/aromasentia.com\/fr\/wp-json\/wp\/v2\/product\/232524","targetHints":{"allow":["GET"]}}],"collection":[{"href":"https:\/\/aromasentia.com\/fr\/wp-json\/wp\/v2\/product"}],"about":[{"href":"https:\/\/aromasentia.com\/fr\/wp-json\/wp\/v2\/types\/product"}],"replies":[{"embeddable":true,"href":"https:\/\/aromasentia.com\/fr\/wp-json\/wp\/v2\/comments?post=232524"}],"version-history":[{"count":0,"href":"https:\/\/aromasentia.com\/fr\/wp-json\/wp\/v2\/product\/232524\/revisions"}],"wp:featuredmedia":[{"embeddable":true,"href":"https:\/\/aromasentia.com\/fr\/wp-json\/wp\/v2\/media\/340299"}],"wp:attachment":[{"href":"https:\/\/aromasentia.com\/fr\/wp-json\/wp\/v2\/media?parent=232524"}],"wp:term":[{"taxonomy":"product_brand","embeddable":true,"href":"https:\/\/aromasentia.com\/fr\/wp-json\/wp\/v2\/product_brand?post=232524"},{"taxonomy":"product_cat","embeddable":true,"href":"https:\/\/aromasentia.com\/fr\/wp-json\/wp\/v2\/product_cat?post=232524"},{"taxonomy":"product_tag","embeddable":true,"href":"https:\/\/aromasentia.com\/fr\/wp-json\/wp\/v2\/product_tag?post=232524"}],"curies":[{"name":"wp","href":"https:\/\/api.w.org\/{rel}","templated":true}]}}