{"id":232516,"date":"2025-03-22T13:30:06","date_gmt":"2025-03-22T13:30:06","guid":{"rendered":"https:\/\/aromasentia.com\/product\/cavensite-with-metrics-30-40mm\/"},"modified":"2025-06-23T18:53:13","modified_gmt":"2025-06-23T18:53:13","slug":"cavansite-30-40mm","status":"publish","type":"product","link":"https:\/\/aromasentia.com\/fr\/cavansite-30-40mm\/","title":{"rendered":"Cavansite 30-40mm"},"content":{"rendered":"<p>Un min\u00e9ral magnifique et rare qui forme des cristaux bleus \u00e9tincelants.&nbsp;<\/p>\n<p>En raison de sa raret\u00e9 et de sa difficult\u00e9 \u00e0 extraire, la Cavansite est rarement collect\u00e9e.&nbsp;<\/p>\n<p>La pierre Cavansite vous remplira de courage et de confiance durant votre p\u00e9riode de transition. Cavansite vous aidera \u00e0 g\u00e9rer vos sentiments de chagrin et de perte.&nbsp;<\/p>\n<p>Cela vous aidera \u00e0 soulager votre stress et \u00e0 vous d\u00e9barrasser de tout ce qui vous cause de la tension et de l&rsquo;anxi\u00e9t\u00e9. Elle est \u00e9galement connue comme la pierre de la v\u00e9rit\u00e9.&nbsp;<\/p>\n<p>Cela vous aidera \u00e0 vous accepter tel que vous \u00eates et vous montrera \u00e9galement comment vous pouvez accepter les autres tels qu&rsquo;ils sont.&nbsp;<\/p>\n<p>Tailles : 30-40 mm Poids : 15 grammes&nbsp;<\/p>\n<p>NB : Ces Min\u00e9raux sont des produits naturels. Pour cette raison, les tailles des pi\u00e8ces de pierres pr\u00e9cieuses peuvent varier.&nbsp;<\/p>\n<p><strong><span style=\"color: rgb(141, 186, 216);\">Si vous \u00eates un collectionneur de min\u00e9raux, vous devriez les avoir dans votre collection.<\/span><\/strong><\/p>\n","protected":false},"excerpt":{"rendered":"<p>Un min\u00e9ral magnifique et rare qui forme des cristaux bleus \u00e9tincelants.&nbsp; En raison de sa raret\u00e9 et de sa difficult\u00e9 \u00e0 extraire, la Cavansite est rarement collect\u00e9e.&nbsp; La pierre Cavansite vous remplira de courage et de confiance durant votre p\u00e9riode de transition. Cavansite vous aidera \u00e0 g\u00e9rer vos sentiments de chagrin et de perte.&nbsp; Cela [&hellip;]<\/p>\n","protected":false},"featured_media":340137,"comment_status":"closed","ping_status":"open","template":"","meta":{"_angie_page":false},"product_brand":[],"product_cat":[17264,18938],"product_tag":[],"class_list":{"0":"post-232516","1":"product","2":"type-product","3":"status-publish","4":"has-post-thumbnail","6":"product_cat-cadeaux-esoterique","7":"product_cat-pierres-roulees","8":"pa_collection-rare-mineral-specimens-fr","9":"pa_made-in-inde","11":"first","12":"instock","13":"purchasable","14":"product-type-simple"},"supplier_id":null,"supplier_sku":"MinSp-02","barcode":null,"atum_controlled":true,"out_stock_date":null,"out_stock_threshold":null,"inheritable":false,"inbound_stock":null,"stock_on_hold":0,"sold_today":0,"sales_last_days":0,"reserved_stock":null,"customer_returns":null,"warehouse_damage":null,"lost_in_post":null,"other_logs":null,"out_stock_days":0,"lost_sales":0,"has_location":null,"update_date":"2026-04-27T07:12:59","atum_locations":[],"atum_stock_status":"instock","restock_status":false,"low_stock_amount":"","sales_update_date":"2026-02-06T00:02:37","calc_backorders":null,"_links":{"self":[{"href":"https:\/\/aromasentia.com\/fr\/wp-json\/wp\/v2\/product\/232516","targetHints":{"allow":["GET"]}}],"collection":[{"href":"https:\/\/aromasentia.com\/fr\/wp-json\/wp\/v2\/product"}],"about":[{"href":"https:\/\/aromasentia.com\/fr\/wp-json\/wp\/v2\/types\/product"}],"replies":[{"embeddable":true,"href":"https:\/\/aromasentia.com\/fr\/wp-json\/wp\/v2\/comments?post=232516"}],"version-history":[{"count":0,"href":"https:\/\/aromasentia.com\/fr\/wp-json\/wp\/v2\/product\/232516\/revisions"}],"wp:featuredmedia":[{"embeddable":true,"href":"https:\/\/aromasentia.com\/fr\/wp-json\/wp\/v2\/media\/340137"}],"wp:attachment":[{"href":"https:\/\/aromasentia.com\/fr\/wp-json\/wp\/v2\/media?parent=232516"}],"wp:term":[{"taxonomy":"product_brand","embeddable":true,"href":"https:\/\/aromasentia.com\/fr\/wp-json\/wp\/v2\/product_brand?post=232516"},{"taxonomy":"product_cat","embeddable":true,"href":"https:\/\/aromasentia.com\/fr\/wp-json\/wp\/v2\/product_cat?post=232516"},{"taxonomy":"product_tag","embeddable":true,"href":"https:\/\/aromasentia.com\/fr\/wp-json\/wp\/v2\/product_tag?post=232516"}],"curies":[{"name":"wp","href":"https:\/\/api.w.org\/{rel}","templated":true}]}}