{"id":232468,"date":"2025-03-22T13:30:06","date_gmt":"2025-03-22T13:30:06","guid":{"rendered":"https:\/\/aromasentia.com\/product\/box-of-12-mini-gemstone-trees-on-orgonite-base-assorted-mix-15-stones\/"},"modified":"2025-06-23T18:53:05","modified_gmt":"2025-06-23T18:53:05","slug":"mini-arbre-de-pierres-precieuses-sur-base-dorgonite-melange-assorti-15-pierres","status":"publish","type":"product","link":"https:\/\/aromasentia.com\/fr\/mini-arbre-de-pierres-precieuses-sur-base-dorgonite-melange-assorti-15-pierres\/","title":{"rendered":"Mini Arbre de Pierres Pr\u00e9cieuses sur Base d&rsquo;Orgonite &#8211; M\u00e9lange Assorti (15 pierres)"},"content":{"rendered":"<h1>D\u00e9couvrez notre assortiment de 12 mini arbres de pierres pr\u00e9cieuses sur base d&rsquo;orgonite.<\/h1>\n<p>Chaque arbre est orn\u00e9 de 15 pierres naturelles, soigneusement s\u00e9lectionn\u00e9es pour leur beaut\u00e9 et leurs propri\u00e9t\u00e9s \u00e9nerg\u00e9tiques.&nbsp;<\/p>\n<p>Apportez une touche d&rsquo;harmonie et de vitalit\u00e9 \u00e0 votre espace avec ces pi\u00e8ces uniques, id\u00e9ales pour la m\u00e9ditation, la d\u00e9coration ou comme cadeaux charg\u00e9s de sens.&nbsp;<\/p>\n<p>Les pierres pr\u00e9cieuses et l&rsquo;orgonite se combinent pour cr\u00e9er un \u00e9quilibre harmonieux d&rsquo;\u00e9nergies positives, favorisant un environnement propice \u00e0 la paix int\u00e9rieure et \u00e0 la clart\u00e9 mentale.<\/p>\n<p>&#8211; Un pack de 12 mini arbres \u00e0 pierres pr\u00e9cieuses&nbsp;<\/p>\n<p>&#8211; Socle orgonite&nbsp;<\/p>\n<p>&#8211; Orn\u00e9 de pierres pr\u00e9cieuses multi-pierres&nbsp;<\/p>\n<p>&#8211; Chaque arbre mesure env. 5 cm&nbsp;<\/p>\n<p>&#8211; Fabriqu\u00e9 et fourni par un fournisseur AW de longue date en Inde&nbsp;<\/p>\n<p>Les bo\u00eetes en plastique dans lesquelles ces arbres entrent peuvent \u00eatre transform\u00e9es en bo\u00eetes de pr\u00e9sentation de collection ou r\u00e9utilis\u00e9es de mani\u00e8re cr\u00e9ative.<\/p>\n<p><strong><span style=\"color: rgb(141, 186, 216);\">Commandez d\u00e8s aujourd&rsquo;hui et laissez la magie des cristaux enrichir votre vie de mani\u00e8re extraordinaire.<\/span><\/strong> <\/p>\n","protected":false},"excerpt":{"rendered":"<p>D\u00e9couvrez notre assortiment de 12 mini arbres de pierres pr\u00e9cieuses sur base d&rsquo;orgonite. Chaque arbre est orn\u00e9 de 15 pierres naturelles, soigneusement s\u00e9lectionn\u00e9es pour leur beaut\u00e9 et leurs propri\u00e9t\u00e9s \u00e9nerg\u00e9tiques.&nbsp; Apportez une touche d&rsquo;harmonie et de vitalit\u00e9 \u00e0 votre espace avec ces pi\u00e8ces uniques, id\u00e9ales pour la m\u00e9ditation, la d\u00e9coration ou comme cadeaux charg\u00e9s de [&hellip;]<\/p>\n","protected":false},"featured_media":339421,"comment_status":"closed","ping_status":"open","template":"","meta":{"_angie_page":false},"product_brand":[],"product_cat":[19265,17264],"product_tag":[],"class_list":{"0":"post-232468","1":"product","2":"type-product","3":"status-publish","4":"has-post-thumbnail","6":"product_cat-bijoux-en-pierre-precieuse-et-accessoires","7":"product_cat-cadeaux-esoterique","8":"pa_collection-mini-gemstone-trees-fr","9":"pa_made-in-inde","11":"first","12":"instock","13":"purchasable","14":"product-type-simple"},"supplier_id":null,"supplier_sku":"MGemT-10","barcode":null,"atum_controlled":true,"out_stock_date":null,"out_stock_threshold":null,"inheritable":false,"inbound_stock":null,"stock_on_hold":0,"sold_today":0,"sales_last_days":0,"reserved_stock":null,"customer_returns":null,"warehouse_damage":null,"lost_in_post":null,"other_logs":null,"out_stock_days":0,"lost_sales":0,"has_location":null,"update_date":"2026-04-27T07:12:35","atum_locations":[],"atum_stock_status":"instock","restock_status":false,"low_stock_amount":"","sales_update_date":"2026-01-30T01:26:10","calc_backorders":null,"_links":{"self":[{"href":"https:\/\/aromasentia.com\/fr\/wp-json\/wp\/v2\/product\/232468","targetHints":{"allow":["GET"]}}],"collection":[{"href":"https:\/\/aromasentia.com\/fr\/wp-json\/wp\/v2\/product"}],"about":[{"href":"https:\/\/aromasentia.com\/fr\/wp-json\/wp\/v2\/types\/product"}],"replies":[{"embeddable":true,"href":"https:\/\/aromasentia.com\/fr\/wp-json\/wp\/v2\/comments?post=232468"}],"version-history":[{"count":0,"href":"https:\/\/aromasentia.com\/fr\/wp-json\/wp\/v2\/product\/232468\/revisions"}],"wp:featuredmedia":[{"embeddable":true,"href":"https:\/\/aromasentia.com\/fr\/wp-json\/wp\/v2\/media\/339421"}],"wp:attachment":[{"href":"https:\/\/aromasentia.com\/fr\/wp-json\/wp\/v2\/media?parent=232468"}],"wp:term":[{"taxonomy":"product_brand","embeddable":true,"href":"https:\/\/aromasentia.com\/fr\/wp-json\/wp\/v2\/product_brand?post=232468"},{"taxonomy":"product_cat","embeddable":true,"href":"https:\/\/aromasentia.com\/fr\/wp-json\/wp\/v2\/product_cat?post=232468"},{"taxonomy":"product_tag","embeddable":true,"href":"https:\/\/aromasentia.com\/fr\/wp-json\/wp\/v2\/product_tag?post=232468"}],"curies":[{"name":"wp","href":"https:\/\/api.w.org\/{rel}","templated":true}]}}