{"id":232464,"date":"2025-03-22T13:30:13","date_gmt":"2025-03-22T13:30:13","guid":{"rendered":"https:\/\/aromasentia.com\/product\/orgonite-cone-80mm-multichip\/"},"modified":"2025-06-23T18:53:05","modified_gmt":"2025-06-23T18:53:05","slug":"orgonite-le-cone-multi-puces-80mm","status":"publish","type":"product","link":"https:\/\/aromasentia.com\/fr\/orgonite-le-cone-multi-puces-80mm\/","title":{"rendered":"Orgonite Le C\u00f4ne &#8211; Multi Puces 80mm"},"content":{"rendered":"<p>L&rsquo;orgonite est un m\u00e9lange de r\u00e9sine , fibre, verre catalys\u00e9 avec des copeaux , des particules ou des poudres m\u00e9talliques vers\u00e9es dans des moules. _x000D_<br \/>\n<br \/>_x000D_<br \/>\nL&rsquo;orgonite est devenue tr\u00e8s populaire comme outil de gu\u00e9rison spirituelle ainsi de protection contre la pollution \u00e9lectromagn\u00e9tique._x000D_<br \/>\n<br \/>_x000D_<br \/>\nBeaucoup de gens remarquent des effets \u00e9motionnels positifs en pr\u00e9sence de g\u00e9n\u00e9rateurs d&rsquo;orgonite , l&rsquo;humeur et les \u00e9motions ont tendance \u00e0 s&rsquo;\u00e9lever . _x000D_<br \/>\n<br \/>_x000D_<br \/>\nCertaines personnes qui ont du mal \u00e0 s&rsquo;endormir trouvent qu&rsquo;ils peuvent dormir mieux et plus profond\u00e9ment avec un g\u00e9n\u00e9rateur d&rsquo;orgone dans la chambre._x000D_<br \/>\n<br \/>_x000D_<br \/>\nVos clients peuvent \u00e9galement interagir avec ces orgonites et les utiliser \u00e0 des fins sp\u00e9cifiques . _x000D_<br \/>\n<br \/>_x000D_<br \/>\nLes Orgonites AW Cadeaux sont offertes en nombreuses formes et tailles diff\u00e9rentes selon les pr\u00e9f\u00e9rences de vos clients,les conceptions peuvent aussi varier l\u00e9g\u00e8rement \u00e0 celles affich\u00e9es.<\/p>\n","protected":false},"excerpt":{"rendered":"<p>L&rsquo;orgonite est un m\u00e9lange de r\u00e9sine , fibre, verre catalys\u00e9 avec des copeaux , des particules ou des poudres m\u00e9talliques vers\u00e9es dans des moules. _x000D_ _x000D_ L&rsquo;orgonite est devenue tr\u00e8s populaire comme outil de gu\u00e9rison spirituelle ainsi de protection contre la pollution \u00e9lectromagn\u00e9tique._x000D_ _x000D_ Beaucoup de gens remarquent des effets \u00e9motionnels positifs en pr\u00e9sence de [&hellip;]<\/p>\n","protected":false},"featured_media":343408,"comment_status":"closed","ping_status":"open","template":"","meta":{"_angie_page":false},"product_brand":[],"product_cat":[14446,19189],"product_tag":[],"class_list":{"0":"post-232464","1":"product","2":"type-product","3":"status-publish","4":"has-post-thumbnail","6":"product_cat-maison-et-jardin","7":"product_cat-orgonites","8":"pa_collection-orgonite-objects-fr","9":"pa_made-in-inde","11":"first","12":"instock","13":"purchasable","14":"product-type-simple"},"supplier_id":null,"supplier_sku":"ORGN-06","barcode":null,"atum_controlled":true,"out_stock_date":null,"out_stock_threshold":null,"inheritable":false,"inbound_stock":null,"stock_on_hold":0,"sold_today":0,"sales_last_days":0,"reserved_stock":null,"customer_returns":null,"warehouse_damage":null,"lost_in_post":null,"other_logs":null,"out_stock_days":0,"lost_sales":0,"has_location":null,"update_date":"2026-05-04T00:03:59","atum_locations":[],"atum_stock_status":"instock","restock_status":false,"low_stock_amount":"","sales_update_date":"2026-01-30T01:26:24","calc_backorders":null,"_links":{"self":[{"href":"https:\/\/aromasentia.com\/fr\/wp-json\/wp\/v2\/product\/232464","targetHints":{"allow":["GET"]}}],"collection":[{"href":"https:\/\/aromasentia.com\/fr\/wp-json\/wp\/v2\/product"}],"about":[{"href":"https:\/\/aromasentia.com\/fr\/wp-json\/wp\/v2\/types\/product"}],"replies":[{"embeddable":true,"href":"https:\/\/aromasentia.com\/fr\/wp-json\/wp\/v2\/comments?post=232464"}],"version-history":[{"count":0,"href":"https:\/\/aromasentia.com\/fr\/wp-json\/wp\/v2\/product\/232464\/revisions"}],"wp:featuredmedia":[{"embeddable":true,"href":"https:\/\/aromasentia.com\/fr\/wp-json\/wp\/v2\/media\/343408"}],"wp:attachment":[{"href":"https:\/\/aromasentia.com\/fr\/wp-json\/wp\/v2\/media?parent=232464"}],"wp:term":[{"taxonomy":"product_brand","embeddable":true,"href":"https:\/\/aromasentia.com\/fr\/wp-json\/wp\/v2\/product_brand?post=232464"},{"taxonomy":"product_cat","embeddable":true,"href":"https:\/\/aromasentia.com\/fr\/wp-json\/wp\/v2\/product_cat?post=232464"},{"taxonomy":"product_tag","embeddable":true,"href":"https:\/\/aromasentia.com\/fr\/wp-json\/wp\/v2\/product_tag?post=232464"}],"curies":[{"name":"wp","href":"https:\/\/api.w.org\/{rel}","templated":true}]}}