{"id":232436,"date":"2025-03-22T13:30:13","date_gmt":"2025-03-22T13:30:13","guid":{"rendered":"https:\/\/aromasentia.com\/product\/orgonite-power-keyring-octagon-flower-of-life\/"},"modified":"2025-06-23T18:53:02","modified_gmt":"2025-06-23T18:53:02","slug":"porte-cles-orgonite-octogone-fleur-de-vie","status":"publish","type":"product","link":"https:\/\/aromasentia.com\/fr\/porte-cles-orgonite-octogone-fleur-de-vie\/","title":{"rendered":"Porte-cl\u00e9s Orgonite &#8211; Octogone Fleur de Vie"},"content":{"rendered":"<p><strong><span style=\"color: rgb(75, 80, 88);\">Porte-cl\u00e9s Orgonite : Octogone Fleur de Vie :<\/span><\/strong><\/p>\n<p>Vous nous trouverez pas de produits plus magiques et \u00e9sot\u00e9riques que celui-ci!&nbsp;<\/p>\n<p>Parfois appel\u00e9s flux de puissance, ces porte-cl\u00e9s en Orgonite sont faits de copeaux de pierres pr\u00e9cieuses, de cuivre, de m\u00e9tal et contiennent des objets \u00e9sot\u00e9riques \u00e0 l&rsquo;int\u00e9rieur. L&rsquo;orgonite est devenue tr\u00e8s populaire comme outil spirituelle de gu\u00e9rison et comme protection contre la pollution \u00e9lectromagn\u00e9tique.<\/p>\n<p>Beaucoup de gens remarquent l&rsquo;\u00e9quilibre de leurs \u00e9motions en pr\u00e9sence d&rsquo;objets fait en orgonite: leur humeur et \u00e9motions s&rsquo;am\u00e9liorent. Certaines personnes disent qu&rsquo;elles dorment mieux et plus profond\u00e9ment avec une orgonite dans la chambre.<\/p>\n<p>Les porte-cl\u00e9s AromaSentia Orgonite sont tous fabriqu\u00e9s \u00e0 la main. Merci donc de noter que tous les mod\u00e8les sont uniques et peuvent varier l\u00e9g\u00e8rement de ceux illustr\u00e9s.&nbsp;<\/p>\n<p><strong><span style=\"color: rgb(141, 186, 216);\">Enchantez vos clients, stockez d\u00e8s aujourd&rsquo;hui cette gamme de Porte-cl\u00e9s en Orgonite.<\/span><\/strong><\/p>\n","protected":false},"excerpt":{"rendered":"<p>Porte-cl\u00e9s Orgonite : Octogone Fleur de Vie : Vous nous trouverez pas de produits plus magiques et \u00e9sot\u00e9riques que celui-ci!&nbsp; Parfois appel\u00e9s flux de puissance, ces porte-cl\u00e9s en Orgonite sont faits de copeaux de pierres pr\u00e9cieuses, de cuivre, de m\u00e9tal et contiennent des objets \u00e9sot\u00e9riques \u00e0 l&rsquo;int\u00e9rieur. L&rsquo;orgonite est devenue tr\u00e8s populaire comme outil spirituelle [&hellip;]<\/p>\n","protected":false},"featured_media":343201,"comment_status":"closed","ping_status":"open","template":"","meta":[],"product_brand":[],"product_cat":[14446,19189],"product_tag":[],"class_list":{"0":"post-232436","1":"product","2":"type-product","3":"status-publish","4":"has-post-thumbnail","6":"product_cat-maison-et-jardin","7":"product_cat-orgonites","8":"pa_collection-orgonite-power-keyrings-fr","9":"pa_made-in-inde","11":"first","12":"instock","13":"purchasable","14":"product-type-simple"},"supplier_id":null,"supplier_sku":"OrgK-09","barcode":null,"atum_controlled":true,"out_stock_date":null,"out_stock_threshold":null,"inheritable":false,"inbound_stock":null,"stock_on_hold":0,"sold_today":0,"sales_last_days":0,"reserved_stock":null,"customer_returns":null,"warehouse_damage":null,"lost_in_post":null,"other_logs":null,"out_stock_days":0,"lost_sales":0,"has_location":null,"update_date":"2026-02-04T12:56:23","atum_locations":[],"atum_stock_status":"instock","restock_status":false,"low_stock_amount":"","sales_update_date":"2025-09-05T00:25:22","calc_backorders":null,"_links":{"self":[{"href":"https:\/\/aromasentia.com\/fr\/wp-json\/wp\/v2\/product\/232436","targetHints":{"allow":["GET"]}}],"collection":[{"href":"https:\/\/aromasentia.com\/fr\/wp-json\/wp\/v2\/product"}],"about":[{"href":"https:\/\/aromasentia.com\/fr\/wp-json\/wp\/v2\/types\/product"}],"replies":[{"embeddable":true,"href":"https:\/\/aromasentia.com\/fr\/wp-json\/wp\/v2\/comments?post=232436"}],"version-history":[{"count":0,"href":"https:\/\/aromasentia.com\/fr\/wp-json\/wp\/v2\/product\/232436\/revisions"}],"wp:featuredmedia":[{"embeddable":true,"href":"https:\/\/aromasentia.com\/fr\/wp-json\/wp\/v2\/media\/343201"}],"wp:attachment":[{"href":"https:\/\/aromasentia.com\/fr\/wp-json\/wp\/v2\/media?parent=232436"}],"wp:term":[{"taxonomy":"product_brand","embeddable":true,"href":"https:\/\/aromasentia.com\/fr\/wp-json\/wp\/v2\/product_brand?post=232436"},{"taxonomy":"product_cat","embeddable":true,"href":"https:\/\/aromasentia.com\/fr\/wp-json\/wp\/v2\/product_cat?post=232436"},{"taxonomy":"product_tag","embeddable":true,"href":"https:\/\/aromasentia.com\/fr\/wp-json\/wp\/v2\/product_tag?post=232436"}],"curies":[{"name":"wp","href":"https:\/\/api.w.org\/{rel}","templated":true}]}}