{"id":232372,"date":"2025-03-22T13:30:13","date_gmt":"2025-03-22T13:30:13","guid":{"rendered":"https:\/\/aromasentia.com\/product\/orgonite-power-chakra-pendulum-green-aventurine\/"},"modified":"2025-06-23T18:52:52","modified_gmt":"2025-06-23T18:52:52","slug":"pendule-orgonite-de-puissance-chakra-aventurine-verte","status":"publish","type":"product","link":"https:\/\/aromasentia.com\/fr\/pendule-orgonite-de-puissance-chakra-aventurine-verte\/","title":{"rendered":"Pendule Orgonite de Puissance Chakra &#8211; Aventurine Verte"},"content":{"rendered":"<p>L&rsquo;orgonite est devenue tr\u00e8s populaire comme outil de gu\u00e9rison spirituelle et comme protection anccontre la pollution \u00e9lectromagn\u00e9tique. Les orgonites sont utilis\u00e9es pour nettoyer l&rsquo;\u00e9nergie n\u00e9gative et sont \u00e9galement utilis\u00e9es pour contrer les effets des ondes \u00e9lectromagn\u00e9tiques sur notre corps. L&rsquo;orgonite est cens\u00e9e aider \u00e0 am\u00e9liorer votre vie: physiquement, \u00e9motionnellement et spirituellement.<\/p>\n<p>L&rsquo;orgonite est un m\u00e9lange de fibre de verre catalys\u00e9e en r\u00e9sine avec des copeaux de m\u00e9tal, coul\u00e9e dans des moules. Des objets comme des cristaux, huiles essentielles, mat\u00e9riaux organiques \u00e0 haute vibration peuvent \u00eatre ajout\u00e9s au m\u00e9lange pour rendre l&rsquo;\u00e9nergie du pendule plus coh\u00e9rente ou pour am\u00e9liorer l\u2019efficacit\u00e9 de l&rsquo;orgonite.<\/p>\n<p>La radiesth\u00e9sie remonterait \u00e0 plus de six mille ans. Les \u00e9gyptiens et Chinois \u00e9taient les premiers pratiquants. La radiesth\u00e9sie orgonite peut \u00eatre effectu\u00e9e de plusieurs fa&ccedil;ons et elle est revendiqu\u00e9e \u00e0 toutes sortes de fins, telles que la recherche d&rsquo;eau, de min\u00e9raux, de personnes disparues et m\u00eame d&rsquo;objets perdus. C\u2019est \u00e9galement utilis\u00e9 dans la gu\u00e9rison, le reiki et la divination.<\/p>\n","protected":false},"excerpt":{"rendered":"<p>L&rsquo;orgonite est devenue tr\u00e8s populaire comme outil de gu\u00e9rison spirituelle et comme protection anccontre la pollution \u00e9lectromagn\u00e9tique. Les orgonites sont utilis\u00e9es pour nettoyer l&rsquo;\u00e9nergie n\u00e9gative et sont \u00e9galement utilis\u00e9es pour contrer les effets des ondes \u00e9lectromagn\u00e9tiques sur notre corps. L&rsquo;orgonite est cens\u00e9e aider \u00e0 am\u00e9liorer votre vie: physiquement, \u00e9motionnellement et spirituellement. L&rsquo;orgonite est un m\u00e9lange [&hellip;]<\/p>\n","protected":false},"featured_media":342665,"comment_status":"closed","ping_status":"open","template":"","meta":{"_angie_page":false},"product_brand":[],"product_cat":[25557,14446,19189,19073,25226],"product_tag":[],"class_list":{"0":"post-232372","1":"product","2":"type-product","3":"status-publish","4":"has-post-thumbnail","6":"product_cat-aventurine","7":"product_cat-maison-et-jardin","8":"product_cat-orgonites","9":"product_cat-pendentifs-pendules-et-jeu-de-runes","10":"product_cat-pierres-et-mineraux","11":"pa_collection-orgonite-power-chakra-pendulums-fr","12":"pa_made-in-inde","14":"first","15":"instock","16":"purchasable","17":"product-type-simple"},"supplier_id":null,"supplier_sku":"OrgCP-05","barcode":null,"atum_controlled":true,"out_stock_date":null,"out_stock_threshold":null,"inheritable":false,"inbound_stock":null,"stock_on_hold":0,"sold_today":0,"sales_last_days":0,"reserved_stock":null,"customer_returns":null,"warehouse_damage":null,"lost_in_post":null,"other_logs":null,"out_stock_days":0,"lost_sales":0,"has_location":null,"update_date":"2026-04-27T07:16:49","atum_locations":[],"atum_stock_status":"instock","restock_status":false,"low_stock_amount":"","sales_update_date":"2025-09-05T00:25:13","calc_backorders":null,"_links":{"self":[{"href":"https:\/\/aromasentia.com\/fr\/wp-json\/wp\/v2\/product\/232372","targetHints":{"allow":["GET"]}}],"collection":[{"href":"https:\/\/aromasentia.com\/fr\/wp-json\/wp\/v2\/product"}],"about":[{"href":"https:\/\/aromasentia.com\/fr\/wp-json\/wp\/v2\/types\/product"}],"replies":[{"embeddable":true,"href":"https:\/\/aromasentia.com\/fr\/wp-json\/wp\/v2\/comments?post=232372"}],"version-history":[{"count":0,"href":"https:\/\/aromasentia.com\/fr\/wp-json\/wp\/v2\/product\/232372\/revisions"}],"wp:featuredmedia":[{"embeddable":true,"href":"https:\/\/aromasentia.com\/fr\/wp-json\/wp\/v2\/media\/342665"}],"wp:attachment":[{"href":"https:\/\/aromasentia.com\/fr\/wp-json\/wp\/v2\/media?parent=232372"}],"wp:term":[{"taxonomy":"product_brand","embeddable":true,"href":"https:\/\/aromasentia.com\/fr\/wp-json\/wp\/v2\/product_brand?post=232372"},{"taxonomy":"product_cat","embeddable":true,"href":"https:\/\/aromasentia.com\/fr\/wp-json\/wp\/v2\/product_cat?post=232372"},{"taxonomy":"product_tag","embeddable":true,"href":"https:\/\/aromasentia.com\/fr\/wp-json\/wp\/v2\/product_tag?post=232372"}],"curies":[{"name":"wp","href":"https:\/\/api.w.org\/{rel}","templated":true}]}}