{"id":232336,"date":"2025-03-22T13:30:13","date_gmt":"2025-03-22T13:30:13","guid":{"rendered":"https:\/\/aromasentia.com\/product\/gemstone-tree-with-organite-base-160-stone-moss-agate\/"},"modified":"2025-06-23T18:52:48","modified_gmt":"2025-06-23T18:52:48","slug":"arbre-de-pierres-precieuses-avec-base-en-orgonite-160-pierres-agate-mousse","status":"publish","type":"product","link":"https:\/\/aromasentia.com\/fr\/arbre-de-pierres-precieuses-avec-base-en-orgonite-160-pierres-agate-mousse\/","title":{"rendered":"Arbre de pierres pr\u00e9cieuses avec base en Orgonite &#8211; 160 pierres &#8211; Agate mousse"},"content":{"rendered":"<p><strong><span style=\"color: rgb(75, 80, 88);\">Arbre de Pierres Pr\u00e9cieuses Agate Mousse avec base en orgonite &#8211; 160 pierres<\/span><\/strong> &#8211; L&rsquo;am\u00e9thyste apportera une \u00e9nergie positive \u00e0 n&rsquo;importe quelle pi\u00e8ce. Cela ne devient pas plus magique ou \u00e9sot\u00e9rique que cela.&nbsp;<\/p>\n<p>Fabriqu\u00e9 \u00e0 la main \u00e0 partir de vraies pierres pr\u00e9cieuses et mont\u00e9 sur la base en orgonite, qui a la forme d&rsquo;une pyramide et est remplie des m\u00eames cristaux naturels qui se trouvent sur l&rsquo;arbre.&nbsp;<\/p>\n<p>L&rsquo;orgonite est un outil de gu\u00e9rison spirituelle populaire connu comme une protection contre la pollution \u00e9lectromagn\u00e9tique. Quelque chose de simplement beau comme un arbre de pierres pr\u00e9cieuses peut cr\u00e9er un espace o\u00f9l&rsquo;\u00e9nergie circulera librement et attirera \u00e9galement de bonnes choses !&nbsp;<\/p>\n<p>Fabriqu\u00e9s \u00e0 partir de cristaux de roche naturels (non trait\u00e9s), ils apportent une qualit\u00e9 d&rsquo;\u00e9nergie plus forte. Plus il y a de pierres pr\u00e9cieuses, mieux c&rsquo;est ! Pour le facteur wow, construisez un affichage de for\u00eat de gemmes avec des informations sur les diff\u00e9rentes pierres. Vous pouvez \u00e9galement aimer les arbres de pierres pr\u00e9cieuses indiennes en gros.&nbsp;<\/p>\n<p><strong><span style=\"color: rgb(141, 186, 216);\">NB : La forme et la taille des arbres peuvent varier. Les branches peuvent \u00eatre astucieusement dispos\u00e9es. Enchantez vos clients et faites le plein d\u00e8s aujourd&rsquo;hui.<\/span><\/strong><\/p>\n","protected":false},"excerpt":{"rendered":"<p>Arbre de Pierres Pr\u00e9cieuses Agate Mousse avec base en orgonite &#8211; 160 pierres &#8211; L&rsquo;am\u00e9thyste apportera une \u00e9nergie positive \u00e0 n&rsquo;importe quelle pi\u00e8ce. Cela ne devient pas plus magique ou \u00e9sot\u00e9rique que cela.&nbsp; Fabriqu\u00e9 \u00e0 la main \u00e0 partir de vraies pierres pr\u00e9cieuses et mont\u00e9 sur la base en orgonite, qui a la forme d&rsquo;une [&hellip;]<\/p>\n","protected":false},"featured_media":342520,"comment_status":"closed","ping_status":"open","template":"","meta":{"_angie_page":false},"product_brand":[],"product_cat":[25536,14446,19189,25226],"product_tag":[],"class_list":{"0":"post-232336","1":"product","2":"type-product","3":"status-publish","4":"has-post-thumbnail","6":"product_cat-agate","7":"product_cat-maison-et-jardin","8":"product_cat-orgonites","9":"product_cat-pierres-et-mineraux","10":"pa_collection-gemstone-trees-with-orgonite-base-fr","11":"pa_made-in-inde","13":"first","14":"outofstock","15":"purchasable","16":"product-type-simple"},"supplier_id":null,"supplier_sku":"OGemT-08","barcode":null,"atum_controlled":true,"out_stock_date":"2026-04-25 15:19:41","out_stock_threshold":null,"inheritable":false,"inbound_stock":null,"stock_on_hold":0,"sold_today":0,"sales_last_days":0,"reserved_stock":null,"customer_returns":null,"warehouse_damage":null,"lost_in_post":null,"other_logs":null,"out_stock_days":0,"lost_sales":0,"has_location":null,"update_date":"2026-04-27T07:16:35","atum_locations":[],"atum_stock_status":"outofstock","restock_status":false,"low_stock_amount":"","sales_update_date":"2026-01-30T01:24:41","calc_backorders":null,"_links":{"self":[{"href":"https:\/\/aromasentia.com\/fr\/wp-json\/wp\/v2\/product\/232336","targetHints":{"allow":["GET"]}}],"collection":[{"href":"https:\/\/aromasentia.com\/fr\/wp-json\/wp\/v2\/product"}],"about":[{"href":"https:\/\/aromasentia.com\/fr\/wp-json\/wp\/v2\/types\/product"}],"replies":[{"embeddable":true,"href":"https:\/\/aromasentia.com\/fr\/wp-json\/wp\/v2\/comments?post=232336"}],"version-history":[{"count":0,"href":"https:\/\/aromasentia.com\/fr\/wp-json\/wp\/v2\/product\/232336\/revisions"}],"wp:featuredmedia":[{"embeddable":true,"href":"https:\/\/aromasentia.com\/fr\/wp-json\/wp\/v2\/media\/342520"}],"wp:attachment":[{"href":"https:\/\/aromasentia.com\/fr\/wp-json\/wp\/v2\/media?parent=232336"}],"wp:term":[{"taxonomy":"product_brand","embeddable":true,"href":"https:\/\/aromasentia.com\/fr\/wp-json\/wp\/v2\/product_brand?post=232336"},{"taxonomy":"product_cat","embeddable":true,"href":"https:\/\/aromasentia.com\/fr\/wp-json\/wp\/v2\/product_cat?post=232336"},{"taxonomy":"product_tag","embeddable":true,"href":"https:\/\/aromasentia.com\/fr\/wp-json\/wp\/v2\/product_tag?post=232336"}],"curies":[{"name":"wp","href":"https:\/\/api.w.org\/{rel}","templated":true}]}}