{"id":232308,"date":"2025-03-22T13:30:13","date_gmt":"2025-03-22T13:30:13","guid":{"rendered":"https:\/\/aromasentia.com\/product\/gemstone-tree-with-organite-base-80-stone-multi\/"},"modified":"2025-06-23T18:52:43","modified_gmt":"2025-06-23T18:52:43","slug":"arbre-de-pierres-precieuses-avec-base-en-orgonite-80-pierres-multi","status":"publish","type":"product","link":"https:\/\/aromasentia.com\/fr\/arbre-de-pierres-precieuses-avec-base-en-orgonite-80-pierres-multi\/","title":{"rendered":"Arbre de pierres pr\u00e9cieuses avec base en Orgonite &#8211; 80 pierres &#8211; Multi"},"content":{"rendered":"<p><span style=\"color: rgb(75, 80, 88);\"><strong>Arbre de Pierres Pr\u00e9cieuses avec base en Orgonite &#8211; 80 pierres<\/strong><\/span><strong>&nbsp;<\/strong>&#8211; Multi apportera une \u00e9nergie positive \u00e0 n&rsquo;importe quelle pi\u00e8ce. Cela ne devient pas plus magique ou \u00e9sot\u00e9rique que cela.&nbsp;<\/p>\n<p>Fabriqu\u00e9 \u00e0 la main \u00e0 partir de vraies pierres pr\u00e9cieuses et mont\u00e9 sur la base en orgonite, qui a la forme d&rsquo;une pyramide et est remplie des m\u00eames cristaux naturels qui se trouvent sur l&rsquo;arbre. L&rsquo;orgonite est un outil de gu\u00e9rison spirituelle populaire connu comme une protection contre la pollution \u00e9lectromagn\u00e9tique.&nbsp;<\/p>\n<p>Quelque chose de simplement beau comme un arbre de pierres pr\u00e9cieuses peut cr\u00e9er un espace o\u00f9l&rsquo;\u00e9nergie circulera librement et attirera \u00e9galement de bonnes choses !&nbsp;<\/p>\n<p>Fabriqu\u00e9s \u00e0 partir de cristaux de roche naturels (non trait\u00e9s), ils apportent une qualit\u00e9 d&rsquo;\u00e9nergie plus forte. Plus il y a de pierres pr\u00e9cieuses, mieux c&rsquo;est ! Pour le facteur wow, construisez un affichage de for\u00eat de gemmes avec des informations sur les diff\u00e9rentes pierres.&nbsp;<\/p>\n<p>Vous pouvez \u00e9galement aimer les arbres de pierres pr\u00e9cieuses indiennes en gros.&nbsp;<\/p>\n<p><strong><span style=\"color: rgb(141, 186, 216);\">NB : La forme et la taille des arbres peuvent varier. Les branches peuvent \u00eatre astucieusement dispos\u00e9es. Enchantez vos clients et faites le plein d\u00e8s aujourd&rsquo;hui.<\/span><\/strong><\/p>\n","protected":false},"excerpt":{"rendered":"<p>Arbre de Pierres Pr\u00e9cieuses avec base en Orgonite &#8211; 80 pierres&nbsp;&#8211; Multi apportera une \u00e9nergie positive \u00e0 n&rsquo;importe quelle pi\u00e8ce. Cela ne devient pas plus magique ou \u00e9sot\u00e9rique que cela.&nbsp; Fabriqu\u00e9 \u00e0 la main \u00e0 partir de vraies pierres pr\u00e9cieuses et mont\u00e9 sur la base en orgonite, qui a la forme d&rsquo;une pyramide et est [&hellip;]<\/p>\n","protected":false},"featured_media":342449,"comment_status":"closed","ping_status":"open","template":"","meta":{"_angie_page":false},"product_brand":[],"product_cat":[14446,19189],"product_tag":[],"class_list":{"0":"post-232308","1":"product","2":"type-product","3":"status-publish","4":"has-post-thumbnail","6":"product_cat-maison-et-jardin","7":"product_cat-orgonites","8":"pa_collection-gemstone-trees-with-orgonite-base-fr","9":"pa_made-in-inde","11":"first","12":"instock","13":"purchasable","14":"product-type-simple"},"supplier_id":null,"supplier_sku":"OGemT-01","barcode":null,"atum_controlled":true,"out_stock_date":null,"out_stock_threshold":null,"inheritable":false,"inbound_stock":null,"stock_on_hold":0,"sold_today":0,"sales_last_days":0,"reserved_stock":null,"customer_returns":null,"warehouse_damage":null,"lost_in_post":null,"other_logs":null,"out_stock_days":0,"lost_sales":0,"has_location":null,"update_date":"2026-04-27T07:16:28","atum_locations":[],"atum_stock_status":"instock","restock_status":false,"low_stock_amount":"","sales_update_date":"2026-02-06T00:01:43","calc_backorders":null,"_links":{"self":[{"href":"https:\/\/aromasentia.com\/fr\/wp-json\/wp\/v2\/product\/232308","targetHints":{"allow":["GET"]}}],"collection":[{"href":"https:\/\/aromasentia.com\/fr\/wp-json\/wp\/v2\/product"}],"about":[{"href":"https:\/\/aromasentia.com\/fr\/wp-json\/wp\/v2\/types\/product"}],"replies":[{"embeddable":true,"href":"https:\/\/aromasentia.com\/fr\/wp-json\/wp\/v2\/comments?post=232308"}],"version-history":[{"count":0,"href":"https:\/\/aromasentia.com\/fr\/wp-json\/wp\/v2\/product\/232308\/revisions"}],"wp:featuredmedia":[{"embeddable":true,"href":"https:\/\/aromasentia.com\/fr\/wp-json\/wp\/v2\/media\/342449"}],"wp:attachment":[{"href":"https:\/\/aromasentia.com\/fr\/wp-json\/wp\/v2\/media?parent=232308"}],"wp:term":[{"taxonomy":"product_brand","embeddable":true,"href":"https:\/\/aromasentia.com\/fr\/wp-json\/wp\/v2\/product_brand?post=232308"},{"taxonomy":"product_cat","embeddable":true,"href":"https:\/\/aromasentia.com\/fr\/wp-json\/wp\/v2\/product_cat?post=232308"},{"taxonomy":"product_tag","embeddable":true,"href":"https:\/\/aromasentia.com\/fr\/wp-json\/wp\/v2\/product_tag?post=232308"}],"curies":[{"name":"wp","href":"https:\/\/api.w.org\/{rel}","templated":true}]}}