{"id":232292,"date":"2025-03-22T13:30:13","date_gmt":"2025-03-22T13:30:13","guid":{"rendered":"https:\/\/aromasentia.com\/product\/orgonite-desk-power-packs-hamsa-with-sellonite-med\/"},"modified":"2025-06-23T18:52:41","modified_gmt":"2025-06-23T18:52:41","slug":"presse-papiers-orgonite-main-de-fatma-selenite-moyen","status":"publish","type":"product","link":"https:\/\/aromasentia.com\/fr\/presse-papiers-orgonite-main-de-fatma-selenite-moyen\/","title":{"rendered":"Presse-papiers Orgonite &#8211;  Main de Fatma S\u00e9l\u00e9nite Moyen"},"content":{"rendered":"<p>Il n&rsquo;y a pas plus magique ou \u00e9sot\u00e9rique que cela. Parfois connus sous le nom d&rsquo;objets de flux de puissance, ces <strong><span style=\"color: rgb(75, 80, 88);\">Presse-papiers<\/span><\/strong> de bureau en orgonite sont fabriqu\u00e9s avec des pierres pr\u00e9cieuses, du cuivre, de la limaille m\u00e9tallique et contiennent des objets \u00e9sot\u00e9riques.&nbsp;<\/p>\n<p>L&rsquo;orgonite est devenue tr\u00e8s populaire en tant qu&rsquo;outil de gu\u00e9rison spirituelle et de protection contre la pollution \u00e9lectromagn\u00e9tique.&nbsp;<\/p>\n<p>L&rsquo;Orgonite de la Sagesse Ancienne est enti\u00e8rement fabriqu\u00e9e de mani\u00e8re artisanale avec une inspiration spirituelle, c&rsquo;est pourquoi les mod\u00e8les peuvent l\u00e9g\u00e8rement varier par rapport \u00e0 ceux qui sont illustr\u00e9s.&nbsp;<\/p>\n<p><strong><span style=\"color: rgb(141, 186, 216);\">NB : En raison de la nature de l&rsquo;article et de son processus de fabrication, les motifs peuvent varier et les images ne sont pr\u00e9sent\u00e9es qu&rsquo;\u00e0 titre d&rsquo;illustration<\/span><\/strong>.&nbsp;<\/p>\n<p>Dimensions : 10cm x 10cm x 1cm&nbsp;<\/p>\n<p>Poids : 130 gr<\/p>\n","protected":false},"excerpt":{"rendered":"<p>Il n&rsquo;y a pas plus magique ou \u00e9sot\u00e9rique que cela. Parfois connus sous le nom d&rsquo;objets de flux de puissance, ces Presse-papiers de bureau en orgonite sont fabriqu\u00e9s avec des pierres pr\u00e9cieuses, du cuivre, de la limaille m\u00e9tallique et contiennent des objets \u00e9sot\u00e9riques.&nbsp; L&rsquo;orgonite est devenue tr\u00e8s populaire en tant qu&rsquo;outil de gu\u00e9rison spirituelle et [&hellip;]<\/p>\n","protected":false},"featured_media":342301,"comment_status":"closed","ping_status":"open","template":"","meta":{"_angie_page":false},"product_brand":[],"product_cat":[14446,19189],"product_tag":[],"class_list":{"0":"post-232292","1":"product","2":"type-product","3":"status-publish","4":"has-post-thumbnail","6":"product_cat-maison-et-jardin","7":"product_cat-orgonites","8":"pa_collection-orgonite-desk-power-packs-fr","9":"pa_made-in-inde","11":"first","12":"outofstock","13":"purchasable","14":"product-type-simple"},"supplier_id":null,"supplier_sku":"ODesk-05","barcode":null,"atum_controlled":true,"out_stock_date":"2025-09-05 02:03:55","out_stock_threshold":null,"inheritable":false,"inbound_stock":null,"stock_on_hold":0,"sold_today":0,"sales_last_days":0,"reserved_stock":null,"customer_returns":null,"warehouse_damage":null,"lost_in_post":null,"other_logs":null,"out_stock_days":0,"lost_sales":0,"has_location":null,"update_date":"2026-04-27T07:16:28","atum_locations":[],"atum_stock_status":"outofstock","restock_status":false,"low_stock_amount":"","sales_update_date":"2025-09-05T00:25:05","calc_backorders":null,"_links":{"self":[{"href":"https:\/\/aromasentia.com\/fr\/wp-json\/wp\/v2\/product\/232292","targetHints":{"allow":["GET"]}}],"collection":[{"href":"https:\/\/aromasentia.com\/fr\/wp-json\/wp\/v2\/product"}],"about":[{"href":"https:\/\/aromasentia.com\/fr\/wp-json\/wp\/v2\/types\/product"}],"replies":[{"embeddable":true,"href":"https:\/\/aromasentia.com\/fr\/wp-json\/wp\/v2\/comments?post=232292"}],"version-history":[{"count":0,"href":"https:\/\/aromasentia.com\/fr\/wp-json\/wp\/v2\/product\/232292\/revisions"}],"wp:featuredmedia":[{"embeddable":true,"href":"https:\/\/aromasentia.com\/fr\/wp-json\/wp\/v2\/media\/342301"}],"wp:attachment":[{"href":"https:\/\/aromasentia.com\/fr\/wp-json\/wp\/v2\/media?parent=232292"}],"wp:term":[{"taxonomy":"product_brand","embeddable":true,"href":"https:\/\/aromasentia.com\/fr\/wp-json\/wp\/v2\/product_brand?post=232292"},{"taxonomy":"product_cat","embeddable":true,"href":"https:\/\/aromasentia.com\/fr\/wp-json\/wp\/v2\/product_cat?post=232292"},{"taxonomy":"product_tag","embeddable":true,"href":"https:\/\/aromasentia.com\/fr\/wp-json\/wp\/v2\/product_tag?post=232292"}],"curies":[{"name":"wp","href":"https:\/\/api.w.org\/{rel}","templated":true}]}}