{"id":232236,"date":"2025-03-22T13:30:22","date_gmt":"2025-03-22T13:30:22","guid":{"rendered":"https:\/\/aromasentia.com\/product\/runes-stone-set-in-pouch-red-aventurine\/"},"modified":"2025-06-23T18:52:32","modified_gmt":"2025-06-23T18:52:32","slug":"pierres-runiques-sachet-aventurine-rouge","status":"publish","type":"product","link":"https:\/\/aromasentia.com\/fr\/pierres-runiques-sachet-aventurine-rouge\/","title":{"rendered":"Pierres Runiques &#038; Sachet &#8211;  Aventurine Rouge"},"content":{"rendered":"<p><strong><span style=\"color: rgb(75, 80, 88);\">Nos Runes en Aventurine Rouge&nbsp;<\/span><\/strong>en gros dans une pochette feront un bel ajout \u00e0 votre magasin. Les pierres runiques sont l&rsquo;un des vrais myst\u00e8res des mondes mystiques.&nbsp;<\/p>\n<p>Personne ne peut \u00eatre vraiment s\u00fbr d&rsquo;o\u00f9ils viennent et quand. Il existe de nombreuses th\u00e9ories sur le sujet, mais certains pensent qu&rsquo;elles ont \u00e9t\u00e9 utilis\u00e9es pour la premi\u00e8re fois entre 2000 avant JC et 100 apr\u00e8s JC par des tribus telles que les Goths et d&rsquo;autres tribus germaniques.&nbsp;<\/p>\n<p>Au cours de l&rsquo;ann\u00e9e suivante, l&rsquo;utilisation des pierres runiques s&rsquo;est r\u00e9pandue dans toute l&rsquo;Europe avec des tribus comme les Angles et les Saxons qui les utilisent \u00e0 l&rsquo;ouest et les Norv\u00e9giens, les Danois et les Su\u00e9dois qui les utilisent en Scandinavie (entre autres).<\/p>\n<p>Ils sont devenus un article de plus en plus populaire et sont s\u00fbrs d&rsquo;\u00eatre un excellent vendeur.&nbsp;<\/p>\n<p>Ferait un excellent cadeau pour toute occasion \ud83d\ude42&nbsp;<\/p>\n<p><strong><span style=\"color: rgb(141, 186, 216);\">Commandez aujourd&rsquo;hui pour obtenir ces runes mystiques.<\/span><\/strong><\/p>\n","protected":false},"excerpt":{"rendered":"<p>Nos Runes en Aventurine Rouge&nbsp;en gros dans une pochette feront un bel ajout \u00e0 votre magasin. Les pierres runiques sont l&rsquo;un des vrais myst\u00e8res des mondes mystiques.&nbsp; Personne ne peut \u00eatre vraiment s\u00fbr d&rsquo;o\u00f9ils viennent et quand. Il existe de nombreuses th\u00e9ories sur le sujet, mais certains pensent qu&rsquo;elles ont \u00e9t\u00e9 utilis\u00e9es pour la premi\u00e8re [&hellip;]<\/p>\n","protected":false},"featured_media":344363,"comment_status":"closed","ping_status":"open","template":"","meta":{"_angie_page":false},"product_brand":[],"product_cat":[25557,19144,14446,19073,25226],"product_tag":[],"class_list":{"0":"post-232236","1":"product","2":"type-product","3":"status-publish","4":"has-post-thumbnail","6":"product_cat-aventurine","7":"product_cat-inspirations","8":"product_cat-maison-et-jardin","9":"product_cat-pendentifs-pendules-et-jeu-de-runes","10":"product_cat-pierres-et-mineraux","11":"pa_collection-indian-rune-sets-in-pouches-fr","12":"pa_made-in-inde","14":"first","15":"instock","16":"purchasable","17":"product-type-simple"},"supplier_id":null,"supplier_sku":"Rune-39","barcode":null,"atum_controlled":true,"out_stock_date":null,"out_stock_threshold":null,"inheritable":false,"inbound_stock":null,"stock_on_hold":0,"sold_today":0,"sales_last_days":0,"reserved_stock":null,"customer_returns":null,"warehouse_damage":null,"lost_in_post":null,"other_logs":null,"out_stock_days":0,"lost_sales":0,"has_location":null,"update_date":"2026-04-27T07:20:05","atum_locations":[],"atum_stock_status":"instock","restock_status":false,"low_stock_amount":"","sales_update_date":"2026-01-20T05:14:06","calc_backorders":null,"_links":{"self":[{"href":"https:\/\/aromasentia.com\/fr\/wp-json\/wp\/v2\/product\/232236","targetHints":{"allow":["GET"]}}],"collection":[{"href":"https:\/\/aromasentia.com\/fr\/wp-json\/wp\/v2\/product"}],"about":[{"href":"https:\/\/aromasentia.com\/fr\/wp-json\/wp\/v2\/types\/product"}],"replies":[{"embeddable":true,"href":"https:\/\/aromasentia.com\/fr\/wp-json\/wp\/v2\/comments?post=232236"}],"version-history":[{"count":0,"href":"https:\/\/aromasentia.com\/fr\/wp-json\/wp\/v2\/product\/232236\/revisions"}],"wp:featuredmedia":[{"embeddable":true,"href":"https:\/\/aromasentia.com\/fr\/wp-json\/wp\/v2\/media\/344363"}],"wp:attachment":[{"href":"https:\/\/aromasentia.com\/fr\/wp-json\/wp\/v2\/media?parent=232236"}],"wp:term":[{"taxonomy":"product_brand","embeddable":true,"href":"https:\/\/aromasentia.com\/fr\/wp-json\/wp\/v2\/product_brand?post=232236"},{"taxonomy":"product_cat","embeddable":true,"href":"https:\/\/aromasentia.com\/fr\/wp-json\/wp\/v2\/product_cat?post=232236"},{"taxonomy":"product_tag","embeddable":true,"href":"https:\/\/aromasentia.com\/fr\/wp-json\/wp\/v2\/product_tag?post=232236"}],"curies":[{"name":"wp","href":"https:\/\/api.w.org\/{rel}","templated":true}]}}