{"id":232176,"date":"2025-03-22T13:30:22","date_gmt":"2025-03-22T13:30:22","guid":{"rendered":"https:\/\/aromasentia.com\/product\/raw-crystals-500gm-black-obsidian\/"},"modified":"2025-06-23T18:52:25","modified_gmt":"2025-06-23T18:52:25","slug":"cristaux-bruts-500g-obsidienne-noire","status":"publish","type":"product","link":"https:\/\/aromasentia.com\/fr\/cristaux-bruts-500g-obsidienne-noire\/","title":{"rendered":"Cristaux Bruts (500g) &#8211; Obsidienne Noire"},"content":{"rendered":"<p><strong><span style=\"color: rgb(75, 80, 88);\">Cristaux bruts d&rsquo;obsidenne noire en gros &#8211; Adoptez le pouvoir de la protection&nbsp;<\/span><\/strong><\/p>\n<p>Un assortiment captivant de pierres pr\u00e9cieuses protectrices d\u2019une profondeur envo\u00fbtante. Ces cristaux bruts, avec leurs riches teintes noires et leurs motifs uniques, sont plus que simplement \u00e9poustouflants ; ce sont des symboles de force et de s\u00e9curit\u00e9.&nbsp;<\/p>\n<p><\/p>\n","protected":false},"excerpt":{"rendered":"<p>Cristaux bruts d&rsquo;obsidenne noire en gros &#8211; Adoptez le pouvoir de la protection&nbsp; Un assortiment captivant de pierres pr\u00e9cieuses protectrices d\u2019une profondeur envo\u00fbtante. Ces cristaux bruts, avec leurs riches teintes noires et leurs motifs uniques, sont plus que simplement \u00e9poustouflants ; ce sont des symboles de force et de s\u00e9curit\u00e9.&nbsp;<\/p>\n","protected":false},"featured_media":344012,"comment_status":"closed","ping_status":"open","template":"","meta":{"_angie_page":false},"product_brand":[],"product_cat":[17264,25692,25226,18938],"product_tag":[],"class_list":{"0":"post-232176","1":"product","2":"type-product","3":"status-publish","4":"has-post-thumbnail","6":"product_cat-cadeaux-esoterique","7":"product_cat-obsidienne","8":"product_cat-pierres-et-mineraux","9":"product_cat-pierres-roulees","10":"pa_collection-raw-crystals-fr","11":"pa_made-in-chine","12":"pa_size-500g","14":"first","15":"instock","16":"purchasable","17":"product-type-simple"},"supplier_id":null,"supplier_sku":"RCry-05","barcode":null,"atum_controlled":true,"out_stock_date":null,"out_stock_threshold":null,"inheritable":false,"inbound_stock":null,"stock_on_hold":0,"sold_today":0,"sales_last_days":0,"reserved_stock":null,"customer_returns":null,"warehouse_damage":null,"lost_in_post":null,"other_logs":null,"out_stock_days":0,"lost_sales":0,"has_location":null,"update_date":"2026-04-27T07:19:10","atum_locations":[],"atum_stock_status":"instock","restock_status":false,"low_stock_amount":"","sales_update_date":"2025-09-05T00:25:30","calc_backorders":null,"_links":{"self":[{"href":"https:\/\/aromasentia.com\/fr\/wp-json\/wp\/v2\/product\/232176","targetHints":{"allow":["GET"]}}],"collection":[{"href":"https:\/\/aromasentia.com\/fr\/wp-json\/wp\/v2\/product"}],"about":[{"href":"https:\/\/aromasentia.com\/fr\/wp-json\/wp\/v2\/types\/product"}],"replies":[{"embeddable":true,"href":"https:\/\/aromasentia.com\/fr\/wp-json\/wp\/v2\/comments?post=232176"}],"version-history":[{"count":0,"href":"https:\/\/aromasentia.com\/fr\/wp-json\/wp\/v2\/product\/232176\/revisions"}],"wp:featuredmedia":[{"embeddable":true,"href":"https:\/\/aromasentia.com\/fr\/wp-json\/wp\/v2\/media\/344012"}],"wp:attachment":[{"href":"https:\/\/aromasentia.com\/fr\/wp-json\/wp\/v2\/media?parent=232176"}],"wp:term":[{"taxonomy":"product_brand","embeddable":true,"href":"https:\/\/aromasentia.com\/fr\/wp-json\/wp\/v2\/product_brand?post=232176"},{"taxonomy":"product_cat","embeddable":true,"href":"https:\/\/aromasentia.com\/fr\/wp-json\/wp\/v2\/product_cat?post=232176"},{"taxonomy":"product_tag","embeddable":true,"href":"https:\/\/aromasentia.com\/fr\/wp-json\/wp\/v2\/product_tag?post=232176"}],"curies":[{"name":"wp","href":"https:\/\/api.w.org\/{rel}","templated":true}]}}