{"id":232120,"date":"2025-03-22T13:30:22","date_gmt":"2025-03-22T13:30:22","guid":{"rendered":"https:\/\/aromasentia.com\/product\/orgonite-obelisk-power-point-copper-lapis-and-yellow-aventurine-90x25-mm\/"},"modified":"2025-06-23T18:52:16","modified_gmt":"2025-06-23T18:52:16","slug":"obelisque-orgonite-point-de-pouvoir-bronze-lapis-aventurine-jaune-90x25mm","status":"publish","type":"product","link":"https:\/\/aromasentia.com\/fr\/obelisque-orgonite-point-de-pouvoir-bronze-lapis-aventurine-jaune-90x25mm\/","title":{"rendered":"Obelisque Orgonite &#8211; Point de Pouvoir &#8211; Bronze, Lapis, aventurine jaune &#8211; 90x25mm"},"content":{"rendered":"<p><span style=\"background-color: transparent;\"><font color=\"#4b5058\"><b>L&rsquo;Ob\u00e9lisque<\/b><\/font><\/span><strong><span style=\"color: rgb(75, 80, 88);\">&nbsp;Orgonite Point de Pouvoir &#8211; Bronze, Lapis, Aventurine Jaune&nbsp;<\/span><\/strong>est un m\u00e9lange de r\u00e9sine de fibre de verre catalys\u00e9e avec des copeaux de m\u00e9tal, des particules ou des poudres, vers\u00e9 dans des moules.&nbsp;<\/p>\n<p>L&rsquo;orgonite est devenue tr\u00e8s populaire comme outil de gu\u00e9rison spirituelle et comme protection contre la pollution \u00e9lectromagn\u00e9tique.&nbsp;<\/p>\n<p>Beaucoup de gens remarquent des effets \u00e9motionnels positifs en pr\u00e9sence de g\u00e9n\u00e9rateurs d&rsquo;orgone, l&rsquo;humeur et les \u00e9motions ont tendance \u00e0 s&rsquo;\u00e9lever.&nbsp;<\/p>\n<p>Certaines personnes qui ont du mal \u00e0 s&rsquo;endormir rapportent qu&rsquo;elles peuvent dormir mieux et plus profond\u00e9ment avec un g\u00e9n\u00e9rateur d&rsquo;orgone dans la chambre.&nbsp;<\/p>\n<p>Vos clients peuvent \u00e9galement interagir avec et l&rsquo;utiliser \u00e0 des fins sp\u00e9cifiques.&nbsp;<\/p>\n<p><strong><span style=\"color: rgb(141, 186, 216);\">NB : En raison de la nature de l&rsquo;article et de son processus de fabrication, les conceptions peuvent varier et les images sont uniquement \u00e0 des fins d&rsquo;illustration.<\/span><\/strong><\/p>\n","protected":false},"excerpt":{"rendered":"<p>L&rsquo;Ob\u00e9lisque&nbsp;Orgonite Point de Pouvoir &#8211; Bronze, Lapis, Aventurine Jaune&nbsp;est un m\u00e9lange de r\u00e9sine de fibre de verre catalys\u00e9e avec des copeaux de m\u00e9tal, des particules ou des poudres, vers\u00e9 dans des moules.&nbsp; L&rsquo;orgonite est devenue tr\u00e8s populaire comme outil de gu\u00e9rison spirituelle et comme protection contre la pollution \u00e9lectromagn\u00e9tique.&nbsp; Beaucoup de gens remarquent des effets [&hellip;]<\/p>\n","protected":false},"featured_media":343694,"comment_status":"closed","ping_status":"open","template":"","meta":{"_angie_page":false},"product_brand":[],"product_cat":[25557,25659,14446,19189,25226],"product_tag":[],"class_list":{"0":"post-232120","1":"product","2":"type-product","3":"status-publish","4":"has-post-thumbnail","6":"product_cat-aventurine","7":"product_cat-lapis-lazuli","8":"product_cat-maison-et-jardin","9":"product_cat-orgonites","10":"product_cat-pierres-et-mineraux","11":"pa_collection-orgonite-objects-fr","12":"pa_made-in-inde","14":"first","15":"instock","16":"purchasable","17":"product-type-simple"},"supplier_id":null,"supplier_sku":"Orgn-24","barcode":null,"atum_controlled":true,"out_stock_date":null,"out_stock_threshold":null,"inheritable":false,"inbound_stock":null,"stock_on_hold":0,"sold_today":0,"sales_last_days":0,"reserved_stock":null,"customer_returns":null,"warehouse_damage":null,"lost_in_post":null,"other_logs":null,"out_stock_days":0,"lost_sales":0,"has_location":null,"update_date":"2026-04-30T13:08:10","atum_locations":[],"atum_stock_status":"instock","restock_status":false,"low_stock_amount":"","sales_update_date":"2026-01-30T01:24:28","calc_backorders":null,"_links":{"self":[{"href":"https:\/\/aromasentia.com\/fr\/wp-json\/wp\/v2\/product\/232120","targetHints":{"allow":["GET"]}}],"collection":[{"href":"https:\/\/aromasentia.com\/fr\/wp-json\/wp\/v2\/product"}],"about":[{"href":"https:\/\/aromasentia.com\/fr\/wp-json\/wp\/v2\/types\/product"}],"replies":[{"embeddable":true,"href":"https:\/\/aromasentia.com\/fr\/wp-json\/wp\/v2\/comments?post=232120"}],"version-history":[{"count":0,"href":"https:\/\/aromasentia.com\/fr\/wp-json\/wp\/v2\/product\/232120\/revisions"}],"wp:featuredmedia":[{"embeddable":true,"href":"https:\/\/aromasentia.com\/fr\/wp-json\/wp\/v2\/media\/343694"}],"wp:attachment":[{"href":"https:\/\/aromasentia.com\/fr\/wp-json\/wp\/v2\/media?parent=232120"}],"wp:term":[{"taxonomy":"product_brand","embeddable":true,"href":"https:\/\/aromasentia.com\/fr\/wp-json\/wp\/v2\/product_brand?post=232120"},{"taxonomy":"product_cat","embeddable":true,"href":"https:\/\/aromasentia.com\/fr\/wp-json\/wp\/v2\/product_cat?post=232120"},{"taxonomy":"product_tag","embeddable":true,"href":"https:\/\/aromasentia.com\/fr\/wp-json\/wp\/v2\/product_tag?post=232120"}],"curies":[{"name":"wp","href":"https:\/\/api.w.org\/{rel}","templated":true}]}}