{"id":232072,"date":"2025-03-22T13:30:22","date_gmt":"2025-03-22T13:30:22","guid":{"rendered":"https:\/\/aromasentia.com\/product\/lrg-organite-pyramid-70mm-tree%ef%bc%88earth-base\/"},"modified":"2025-06-23T18:52:08","modified_gmt":"2025-06-23T18:52:08","slug":"grande-pyramide-organite-70mm-arbre","status":"publish","type":"product","link":"https:\/\/aromasentia.com\/fr\/grande-pyramide-organite-70mm-arbre\/","title":{"rendered":"Grande Pyramide  Organite 70mm &#8211; Arbre"},"content":{"rendered":"<p><strong><span style=\"color: rgb(75, 80, 88);\">La Grande Pyramide Orgonite &#8211; Arbre 70mm&nbsp;<\/span><\/strong>est un m\u00e9lange de r\u00e9sine de fibre de verre catalys\u00e9e avec des copeaux de m\u00e9tal, des particules ou des poudres, vers\u00e9 dans des moules.&nbsp;<\/p>\n<p>L&rsquo;orgonite est devenue tr\u00e8s populaire comme outil de gu\u00e9rison spirituelle et comme protection contre la pollution \u00e9lectromagn\u00e9tique.&nbsp;<\/p>\n<p>Beaucoup de gens remarquent des effets \u00e9motionnels positifs en pr\u00e9sence de g\u00e9n\u00e9rateurs d&rsquo;orgone, l&rsquo;humeur et les \u00e9motions ont tendance \u00e0 s&rsquo;\u00e9lever.&nbsp;<\/p>\n<p>Certaines personnes qui ont du mal \u00e0 s&rsquo;endormir rapportent qu&rsquo;elles peuvent dormir mieux et plus profond\u00e9ment avec un g\u00e9n\u00e9rateur d&rsquo;orgone dans la chambre.&nbsp;<\/p>\n<p>Vos clients peuvent \u00e9galement interagir avec et l&rsquo;utiliser \u00e0 des fins sp\u00e9cifiques.&nbsp;<\/p>\n<p><strong><span style=\"color: rgb(141, 186, 216);\">NB : En raison de la nature de l&rsquo;article et de son processus de fabrication, les conceptions peuvent varier et les images sont uniquement \u00e0 des fins d&rsquo;illustration.<\/span><\/strong><\/p>\n","protected":false},"excerpt":{"rendered":"<p>La Grande Pyramide Orgonite &#8211; Arbre 70mm&nbsp;est un m\u00e9lange de r\u00e9sine de fibre de verre catalys\u00e9e avec des copeaux de m\u00e9tal, des particules ou des poudres, vers\u00e9 dans des moules.&nbsp; L&rsquo;orgonite est devenue tr\u00e8s populaire comme outil de gu\u00e9rison spirituelle et comme protection contre la pollution \u00e9lectromagn\u00e9tique.&nbsp; Beaucoup de gens remarquent des effets \u00e9motionnels positifs [&hellip;]<\/p>\n","protected":false},"featured_media":343466,"comment_status":"closed","ping_status":"open","template":"","meta":{"_angie_page":false},"product_brand":[],"product_cat":[14446,19189],"product_tag":[],"class_list":{"0":"post-232072","1":"product","2":"type-product","3":"status-publish","4":"has-post-thumbnail","6":"product_cat-maison-et-jardin","7":"product_cat-orgonites","8":"pa_collection-orgonite-objects-fr","9":"pa_made-in-inde","11":"first","12":"instock","13":"purchasable","14":"product-type-simple"},"supplier_id":null,"supplier_sku":"ORGN-12","barcode":null,"atum_controlled":true,"out_stock_date":null,"out_stock_threshold":null,"inheritable":false,"inbound_stock":null,"stock_on_hold":0,"sold_today":0,"sales_last_days":0,"reserved_stock":null,"customer_returns":null,"warehouse_damage":null,"lost_in_post":null,"other_logs":null,"out_stock_days":0,"lost_sales":0,"has_location":null,"update_date":"2026-04-27T07:17:21","atum_locations":[],"atum_stock_status":"instock","restock_status":false,"low_stock_amount":"","sales_update_date":"2026-01-30T01:26:07","calc_backorders":null,"_links":{"self":[{"href":"https:\/\/aromasentia.com\/fr\/wp-json\/wp\/v2\/product\/232072","targetHints":{"allow":["GET"]}}],"collection":[{"href":"https:\/\/aromasentia.com\/fr\/wp-json\/wp\/v2\/product"}],"about":[{"href":"https:\/\/aromasentia.com\/fr\/wp-json\/wp\/v2\/types\/product"}],"replies":[{"embeddable":true,"href":"https:\/\/aromasentia.com\/fr\/wp-json\/wp\/v2\/comments?post=232072"}],"version-history":[{"count":0,"href":"https:\/\/aromasentia.com\/fr\/wp-json\/wp\/v2\/product\/232072\/revisions"}],"wp:featuredmedia":[{"embeddable":true,"href":"https:\/\/aromasentia.com\/fr\/wp-json\/wp\/v2\/media\/343466"}],"wp:attachment":[{"href":"https:\/\/aromasentia.com\/fr\/wp-json\/wp\/v2\/media?parent=232072"}],"wp:term":[{"taxonomy":"product_brand","embeddable":true,"href":"https:\/\/aromasentia.com\/fr\/wp-json\/wp\/v2\/product_brand?post=232072"},{"taxonomy":"product_cat","embeddable":true,"href":"https:\/\/aromasentia.com\/fr\/wp-json\/wp\/v2\/product_cat?post=232072"},{"taxonomy":"product_tag","embeddable":true,"href":"https:\/\/aromasentia.com\/fr\/wp-json\/wp\/v2\/product_tag?post=232072"}],"curies":[{"name":"wp","href":"https:\/\/api.w.org\/{rel}","templated":true}]}}