{"id":232052,"date":"2025-03-22T13:30:31","date_gmt":"2025-03-22T13:30:31","guid":{"rendered":"https:\/\/aromasentia.com\/product\/selenite-ritual-knife-chakra\/"},"modified":"2025-06-23T18:52:06","modified_gmt":"2025-06-23T18:52:06","slug":"couteau-rituel-selenite-chakra","status":"publish","type":"product","link":"https:\/\/aromasentia.com\/fr\/couteau-rituel-selenite-chakra\/","title":{"rendered":"Couteau Rituel S\u00e9l\u00e9nite &#8211; Chakra"},"content":{"rendered":"<p><strong><span style=\"color: rgb(75, 80, 88);\">Les couteaux de c\u00e9r\u00e9monie en s\u00e9l\u00e9nite<\/span><\/strong> en gros sont parfaits pour toutes les boutiques \u00e9sot\u00e9riques.&nbsp;<\/p>\n<p>Fabriqu\u00e9s et grav\u00e9s \u00e0 la main, ces couteaux d&rsquo;apparat sont magnifiques et ils seront \u00e9galement parfaits comme objet de d\u00e9coration, que ce soit \u00e0 la maison ou au bureau. Ces objets sont \u00e0 la fois d\u00e9coratifs, mais ils ont une forte signification \u00e9sot\u00e9rique.&nbsp;<\/p>\n<p>Les couteaux en s\u00e9l\u00e9nite peuvent couper les liens n\u00e9gatifs, que ce soit avec une autre personne, une situation ou un lieu, ils coupent symboliquement ces liens nous emp\u00eachant d&rsquo;avancer.&nbsp;<\/p>\n<p><strong><span style=\"color: rgb(141, 186, 216);\">Si vous proposez d\u00e9j\u00e0 des articles en s\u00e9l\u00e9nite, alors vous n&rsquo;aurez aucun mal \u00e0 vendre ces couteaux de c\u00e9r\u00e9monie en s\u00e9l\u00e9nite.<\/span><\/strong><\/p>\n","protected":false},"excerpt":{"rendered":"<p>Les couteaux de c\u00e9r\u00e9monie en s\u00e9l\u00e9nite en gros sont parfaits pour toutes les boutiques \u00e9sot\u00e9riques.&nbsp; Fabriqu\u00e9s et grav\u00e9s \u00e0 la main, ces couteaux d&rsquo;apparat sont magnifiques et ils seront \u00e9galement parfaits comme objet de d\u00e9coration, que ce soit \u00e0 la maison ou au bureau. Ces objets sont \u00e0 la fois d\u00e9coratifs, mais ils ont une [&hellip;]<\/p>\n","protected":false},"featured_media":345777,"comment_status":"closed","ping_status":"open","template":"","meta":{"_angie_page":false},"product_brand":[],"product_cat":[17264,25226,19113],"product_tag":[],"class_list":{"0":"post-232052","1":"product","2":"type-product","3":"status-publish","4":"has-post-thumbnail","6":"product_cat-cadeaux-esoterique","7":"product_cat-pierres-et-mineraux","8":"product_cat-selenite","9":"pa_collection-selenite-ritual-knife-fr","10":"pa_made-in-maroc","12":"first","13":"instock","14":"purchasable","15":"product-type-simple"},"supplier_id":null,"supplier_sku":"SelK-01","barcode":null,"atum_controlled":true,"out_stock_date":null,"out_stock_threshold":null,"inheritable":false,"inbound_stock":null,"stock_on_hold":0,"sold_today":0,"sales_last_days":0,"reserved_stock":null,"customer_returns":null,"warehouse_damage":null,"lost_in_post":null,"other_logs":null,"out_stock_days":0,"lost_sales":0,"has_location":null,"update_date":"2026-04-27T07:20:54","atum_locations":[],"atum_stock_status":"instock","restock_status":false,"low_stock_amount":"","sales_update_date":"2026-02-06T00:02:26","calc_backorders":null,"_links":{"self":[{"href":"https:\/\/aromasentia.com\/fr\/wp-json\/wp\/v2\/product\/232052","targetHints":{"allow":["GET"]}}],"collection":[{"href":"https:\/\/aromasentia.com\/fr\/wp-json\/wp\/v2\/product"}],"about":[{"href":"https:\/\/aromasentia.com\/fr\/wp-json\/wp\/v2\/types\/product"}],"replies":[{"embeddable":true,"href":"https:\/\/aromasentia.com\/fr\/wp-json\/wp\/v2\/comments?post=232052"}],"version-history":[{"count":0,"href":"https:\/\/aromasentia.com\/fr\/wp-json\/wp\/v2\/product\/232052\/revisions"}],"wp:featuredmedia":[{"embeddable":true,"href":"https:\/\/aromasentia.com\/fr\/wp-json\/wp\/v2\/media\/345777"}],"wp:attachment":[{"href":"https:\/\/aromasentia.com\/fr\/wp-json\/wp\/v2\/media?parent=232052"}],"wp:term":[{"taxonomy":"product_brand","embeddable":true,"href":"https:\/\/aromasentia.com\/fr\/wp-json\/wp\/v2\/product_brand?post=232052"},{"taxonomy":"product_cat","embeddable":true,"href":"https:\/\/aromasentia.com\/fr\/wp-json\/wp\/v2\/product_cat?post=232052"},{"taxonomy":"product_tag","embeddable":true,"href":"https:\/\/aromasentia.com\/fr\/wp-json\/wp\/v2\/product_tag?post=232052"}],"curies":[{"name":"wp","href":"https:\/\/api.w.org\/{rel}","templated":true}]}}