{"id":232044,"date":"2025-03-22T13:30:31","date_gmt":"2025-03-22T13:30:31","guid":{"rendered":"https:\/\/aromasentia.com\/product\/flat-bar-charging-plate-20cm-chakra\/"},"modified":"2025-06-23T18:52:05","modified_gmt":"2025-06-23T18:52:05","slug":"plaque-de-recharge-pour-barre-plate-20cm-chakra","status":"publish","type":"product","link":"https:\/\/aromasentia.com\/fr\/plaque-de-recharge-pour-barre-plate-20cm-chakra\/","title":{"rendered":"Plaque de Recharge pour Barre Plate 20cm &#8211; Chakra"},"content":{"rendered":"<p><strong><span style=\"color: rgb(75, 80, 88);\">Cette Plaque de Recharge en S\u00e9l\u00e9nite &#8211; Chakra&nbsp;<\/span><\/strong>sera parfaite pour votre boutique et tous vos clients qui aiment les choses \u00e9sot\u00e9riques.&nbsp;<\/p>\n<p>Les plaques de s\u00e9l\u00e9nite sont taill\u00e9es et sculpt\u00e9es \u00e0 la main, vous appr\u00e9cierez particuli\u00e8rement le souci du d\u00e9tail. La pierre de s\u00e9l\u00e9nite est connue pour ses vertus et bienfaits pour le sommeil, l&rsquo;assainissement de l&rsquo;air ambiant. Si votre gamme de produits comprend des s\u00e9l\u00e9nites, vous constaterez certainement que ce sont des articles particuli\u00e8rement populaires aupr\u00e8s du grand public.&nbsp;<\/p>\n<p>Vous aimerez peut-\u00eatre aussi nos <a href=\"https:\/\/aromasentia.com\/selb\">bols en s\u00e9l\u00e9nite.&nbsp;<\/a><\/p>\n<p><strong><span style=\"color: rgb(141, 186, 216);\">Commandez maintenant et cr\u00e9ez une belle pr\u00e9sentation avec ces Plaques de recharge uniques en s\u00e9l\u00e9nite.<\/span><\/strong><\/p>\n","protected":false},"excerpt":{"rendered":"<p>Cette Plaque de Recharge en S\u00e9l\u00e9nite &#8211; Chakra&nbsp;sera parfaite pour votre boutique et tous vos clients qui aiment les choses \u00e9sot\u00e9riques.&nbsp; Les plaques de s\u00e9l\u00e9nite sont taill\u00e9es et sculpt\u00e9es \u00e0 la main, vous appr\u00e9cierez particuli\u00e8rement le souci du d\u00e9tail. La pierre de s\u00e9l\u00e9nite est connue pour ses vertus et bienfaits pour le sommeil, l&rsquo;assainissement de [&hellip;]<\/p>\n","protected":false},"featured_media":345743,"comment_status":"closed","ping_status":"open","template":"","meta":{"_angie_page":false},"product_brand":[],"product_cat":[17264,19113],"product_tag":[],"class_list":{"0":"post-232044","1":"product","2":"type-product","3":"status-publish","4":"has-post-thumbnail","6":"product_cat-cadeaux-esoterique","7":"product_cat-selenite","8":"pa_collection-selenite-plates-fr","9":"pa_made-in-maroc","11":"first","12":"instock","13":"purchasable","14":"product-type-simple"},"supplier_id":null,"supplier_sku":"SelCP-15","barcode":null,"atum_controlled":true,"out_stock_date":null,"out_stock_threshold":null,"inheritable":false,"inbound_stock":null,"stock_on_hold":0,"sold_today":0,"sales_last_days":0,"reserved_stock":null,"customer_returns":null,"warehouse_damage":null,"lost_in_post":null,"other_logs":null,"out_stock_days":0,"lost_sales":0,"has_location":null,"update_date":"2026-04-27T07:20:54","atum_locations":[],"atum_stock_status":"instock","restock_status":false,"low_stock_amount":"","sales_update_date":"2026-02-06T00:02:03","calc_backorders":null,"_links":{"self":[{"href":"https:\/\/aromasentia.com\/fr\/wp-json\/wp\/v2\/product\/232044","targetHints":{"allow":["GET"]}}],"collection":[{"href":"https:\/\/aromasentia.com\/fr\/wp-json\/wp\/v2\/product"}],"about":[{"href":"https:\/\/aromasentia.com\/fr\/wp-json\/wp\/v2\/types\/product"}],"replies":[{"embeddable":true,"href":"https:\/\/aromasentia.com\/fr\/wp-json\/wp\/v2\/comments?post=232044"}],"version-history":[{"count":0,"href":"https:\/\/aromasentia.com\/fr\/wp-json\/wp\/v2\/product\/232044\/revisions"}],"wp:featuredmedia":[{"embeddable":true,"href":"https:\/\/aromasentia.com\/fr\/wp-json\/wp\/v2\/media\/345743"}],"wp:attachment":[{"href":"https:\/\/aromasentia.com\/fr\/wp-json\/wp\/v2\/media?parent=232044"}],"wp:term":[{"taxonomy":"product_brand","embeddable":true,"href":"https:\/\/aromasentia.com\/fr\/wp-json\/wp\/v2\/product_brand?post=232044"},{"taxonomy":"product_cat","embeddable":true,"href":"https:\/\/aromasentia.com\/fr\/wp-json\/wp\/v2\/product_cat?post=232044"},{"taxonomy":"product_tag","embeddable":true,"href":"https:\/\/aromasentia.com\/fr\/wp-json\/wp\/v2\/product_tag?post=232044"}],"curies":[{"name":"wp","href":"https:\/\/api.w.org\/{rel}","templated":true}]}}