{"id":232032,"date":"2025-03-22T13:30:31","date_gmt":"2025-03-22T13:30:31","guid":{"rendered":"https:\/\/aromasentia.com\/product\/chakra-set-of-7-charging-plates\/"},"modified":"2025-06-23T18:52:04","modified_gmt":"2025-06-23T18:52:04","slug":"lot-de-7-plaques-de-charge-chakra","status":"publish","type":"product","link":"https:\/\/aromasentia.com\/fr\/lot-de-7-plaques-de-charge-chakra\/","title":{"rendered":"Lot de 7 Plaques de Charge Chakra"},"content":{"rendered":"<p>Si vous vendez des articles en s\u00e9l\u00e9nite, ces <strong>Plaques de Charge Chakra<\/strong> ne doivent pas manquer dans votre assortiment.&nbsp;<\/p>\n<p>Notre gamme de gros de plaques en s\u00e9l\u00e9nite est id\u00e9ale pour votre entreprise. Ces Plaques sont sculpt\u00e9es \u00e0 la main, vous appr\u00e9cierez surtout le souci du d\u00e9tail.&nbsp;<\/p>\n<p>Disponible en diff\u00e9rentes tailles et designs afin que chacun de vos clients puisse trouver celui qui lui convient.&nbsp;<\/p>\n<p>La pierre de s\u00e9l\u00e9nite est connue pour ses avantages et bienfaits, elle am\u00e9liore le sommeil et assainit l&rsquo;air ambiant.<\/p>\n<p>Chaques pierres mesure environ: <strong>6cm<\/strong><\/p>\n","protected":false},"excerpt":{"rendered":"<p>Si vous vendez des articles en s\u00e9l\u00e9nite, ces Plaques de Charge Chakra ne doivent pas manquer dans votre assortiment.&nbsp; Notre gamme de gros de plaques en s\u00e9l\u00e9nite est id\u00e9ale pour votre entreprise. Ces Plaques sont sculpt\u00e9es \u00e0 la main, vous appr\u00e9cierez surtout le souci du d\u00e9tail.&nbsp; Disponible en diff\u00e9rentes tailles et designs afin que chacun [&hellip;]<\/p>\n","protected":false},"featured_media":345668,"comment_status":"closed","ping_status":"open","template":"","meta":{"_angie_page":false},"product_brand":[],"product_cat":[17264,19113],"product_tag":[],"class_list":{"0":"post-232032","1":"product","2":"type-product","3":"status-publish","4":"has-post-thumbnail","6":"product_cat-cadeaux-esoterique","7":"product_cat-selenite","8":"pa_collection-selenite-plates-fr","9":"pa_made-in-maroc","11":"first","12":"instock","13":"purchasable","14":"product-type-simple"},"supplier_id":null,"supplier_sku":"SelCP-12","barcode":null,"atum_controlled":true,"out_stock_date":null,"out_stock_threshold":null,"inheritable":false,"inbound_stock":null,"stock_on_hold":0,"sold_today":0,"sales_last_days":0,"reserved_stock":null,"customer_returns":null,"warehouse_damage":null,"lost_in_post":null,"other_logs":null,"out_stock_days":0,"lost_sales":0,"has_location":null,"update_date":"2026-04-27T07:20:54","atum_locations":[],"atum_stock_status":"instock","restock_status":false,"low_stock_amount":"","sales_update_date":"2026-01-30T01:24:32","calc_backorders":null,"_links":{"self":[{"href":"https:\/\/aromasentia.com\/fr\/wp-json\/wp\/v2\/product\/232032","targetHints":{"allow":["GET"]}}],"collection":[{"href":"https:\/\/aromasentia.com\/fr\/wp-json\/wp\/v2\/product"}],"about":[{"href":"https:\/\/aromasentia.com\/fr\/wp-json\/wp\/v2\/types\/product"}],"replies":[{"embeddable":true,"href":"https:\/\/aromasentia.com\/fr\/wp-json\/wp\/v2\/comments?post=232032"}],"version-history":[{"count":0,"href":"https:\/\/aromasentia.com\/fr\/wp-json\/wp\/v2\/product\/232032\/revisions"}],"wp:featuredmedia":[{"embeddable":true,"href":"https:\/\/aromasentia.com\/fr\/wp-json\/wp\/v2\/media\/345668"}],"wp:attachment":[{"href":"https:\/\/aromasentia.com\/fr\/wp-json\/wp\/v2\/media?parent=232032"}],"wp:term":[{"taxonomy":"product_brand","embeddable":true,"href":"https:\/\/aromasentia.com\/fr\/wp-json\/wp\/v2\/product_brand?post=232032"},{"taxonomy":"product_cat","embeddable":true,"href":"https:\/\/aromasentia.com\/fr\/wp-json\/wp\/v2\/product_cat?post=232032"},{"taxonomy":"product_tag","embeddable":true,"href":"https:\/\/aromasentia.com\/fr\/wp-json\/wp\/v2\/product_tag?post=232032"}],"curies":[{"name":"wp","href":"https:\/\/api.w.org\/{rel}","templated":true}]}}