{"id":232028,"date":"2025-03-22T13:30:31","date_gmt":"2025-03-22T13:30:31","guid":{"rendered":"https:\/\/aromasentia.com\/product\/hexagonal-charging-plate-18cm-direction-decision\/"},"modified":"2025-06-23T18:52:03","modified_gmt":"2025-06-23T18:52:03","slug":"grande-plaque-de-charge-hexagonale-18cm-direction-decision","status":"publish","type":"product","link":"https:\/\/aromasentia.com\/fr\/grande-plaque-de-charge-hexagonale-18cm-direction-decision\/","title":{"rendered":"Grande Plaque de Charge Hexagonale 18cm &#8211; Direction &#038; D\u00e9cision"},"content":{"rendered":"<p><strong><span style=\"color: rgb(75, 80, 88);\">Le plateau de charge hexagonal avec le motif Direction &amp; Decision<\/span><\/strong> est un objet de d\u00e9coration int\u00e9rieure \u00e0 la fois \u00e9tonnant et fonctionnel, fabriqu\u00e9 \u00e0 partir de s\u00e9l\u00e9nite naturelle, un min\u00e9ral translucide aux propri\u00e9t\u00e9s calmantes et apaisantes.&nbsp;<\/p>\n<p>Ce plateau de charge mesure 18 cm de diam\u00e8tre et pr\u00e9sente une forme hexagonale unique avec un motif Direction &amp; Decision. La forme hexagonale de la plaque est associ\u00e9e \u00e0 l&rsquo;\u00e9quilibre, \u00e0 la stabilit\u00e9 et \u00e0 l&rsquo;harmonie, ce qui la rend parfaite pour charger et purifier les objets li\u00e9s \u00e0 la prise de d\u00e9cision et \u00e0 l&rsquo;orientation de la vie. Placez simplement vos objets sur la plaque et laissez l&rsquo;\u00e9nergie de la s\u00e9l\u00e9nite faire son travail. La s\u00e9l\u00e9nite est connue pour nettoyer et charger les autres cristaux, en amplifiant leur \u00e9nergie et en les ramenant \u00e0 leur \u00e9tat naturel.&nbsp;<\/p>\n<p>Le design de Direction &amp; Decision ajoute une touche d&rsquo;\u00e9l\u00e9gance \u00e0 n&rsquo;importe quelle pi\u00e8ce, et les variations naturelles de la pierre rendent chaque pi\u00e8ce unique. Le design nous rappelle de faire confiance \u00e0 notre intuition. Le plateau de charge hexagonal avec le motif Direction &amp; Decision est un ajout parfait \u00e0 tout autel ou espace de m\u00e9ditation. C&rsquo;est \u00e9galement un excellent cadeau pour tous ceux qui appr\u00e9cient les propri\u00e9t\u00e9s curatives des cristaux ou l&rsquo;\u00e9l\u00e9gance de la d\u00e9coration d&rsquo;int\u00e9rieur.&nbsp;<\/p>\n<p><strong><span style=\"color: rgb(141, 186, 216);\">Avec sa beaut\u00e9 naturelle et ses propri\u00e9t\u00e9s uniques, cette plaque de charge apportera \u00e0 coup s\u00fbr un sentiment de calme et de s\u00e9r\u00e9nit\u00e9 \u00e0 tout espace qu&rsquo;elle habitera.<\/span><\/strong><\/p>\n","protected":false},"excerpt":{"rendered":"<p>Le plateau de charge hexagonal avec le motif Direction &amp; Decision est un objet de d\u00e9coration int\u00e9rieure \u00e0 la fois \u00e9tonnant et fonctionnel, fabriqu\u00e9 \u00e0 partir de s\u00e9l\u00e9nite naturelle, un min\u00e9ral translucide aux propri\u00e9t\u00e9s calmantes et apaisantes.&nbsp; Ce plateau de charge mesure 18 cm de diam\u00e8tre et pr\u00e9sente une forme hexagonale unique avec un motif [&hellip;]<\/p>\n","protected":false},"featured_media":345651,"comment_status":"closed","ping_status":"open","template":"","meta":{"_angie_page":false},"product_brand":[],"product_cat":[17264,19113],"product_tag":[],"class_list":{"0":"post-232028","1":"product","2":"type-product","3":"status-publish","4":"has-post-thumbnail","6":"product_cat-cadeaux-esoterique","7":"product_cat-selenite","8":"pa_collection-selenite-plates-fr","9":"pa_made-in-maroc","11":"first","12":"instock","13":"purchasable","14":"product-type-simple"},"supplier_id":null,"supplier_sku":"SelCP-11","barcode":null,"atum_controlled":true,"out_stock_date":null,"out_stock_threshold":null,"inheritable":false,"inbound_stock":null,"stock_on_hold":0,"sold_today":0,"sales_last_days":0,"reserved_stock":null,"customer_returns":null,"warehouse_damage":null,"lost_in_post":null,"other_logs":null,"out_stock_days":0,"lost_sales":0,"has_location":null,"update_date":"2026-04-27T07:20:54","atum_locations":[],"atum_stock_status":"instock","restock_status":false,"low_stock_amount":"","sales_update_date":"2026-01-30T01:26:22","calc_backorders":null,"_links":{"self":[{"href":"https:\/\/aromasentia.com\/fr\/wp-json\/wp\/v2\/product\/232028","targetHints":{"allow":["GET"]}}],"collection":[{"href":"https:\/\/aromasentia.com\/fr\/wp-json\/wp\/v2\/product"}],"about":[{"href":"https:\/\/aromasentia.com\/fr\/wp-json\/wp\/v2\/types\/product"}],"replies":[{"embeddable":true,"href":"https:\/\/aromasentia.com\/fr\/wp-json\/wp\/v2\/comments?post=232028"}],"version-history":[{"count":0,"href":"https:\/\/aromasentia.com\/fr\/wp-json\/wp\/v2\/product\/232028\/revisions"}],"wp:featuredmedia":[{"embeddable":true,"href":"https:\/\/aromasentia.com\/fr\/wp-json\/wp\/v2\/media\/345651"}],"wp:attachment":[{"href":"https:\/\/aromasentia.com\/fr\/wp-json\/wp\/v2\/media?parent=232028"}],"wp:term":[{"taxonomy":"product_brand","embeddable":true,"href":"https:\/\/aromasentia.com\/fr\/wp-json\/wp\/v2\/product_brand?post=232028"},{"taxonomy":"product_cat","embeddable":true,"href":"https:\/\/aromasentia.com\/fr\/wp-json\/wp\/v2\/product_cat?post=232028"},{"taxonomy":"product_tag","embeddable":true,"href":"https:\/\/aromasentia.com\/fr\/wp-json\/wp\/v2\/product_tag?post=232028"}],"curies":[{"name":"wp","href":"https:\/\/api.w.org\/{rel}","templated":true}]}}