{"id":232024,"date":"2025-03-22T13:30:31","date_gmt":"2025-03-22T13:30:31","guid":{"rendered":"https:\/\/aromasentia.com\/product\/large-charging-plate-18cm-feng-shui\/"},"modified":"2025-06-23T18:52:03","modified_gmt":"2025-06-23T18:52:03","slug":"grande-plaque-de-recharge-18cm-feng-shui","status":"publish","type":"product","link":"https:\/\/aromasentia.com\/fr\/grande-plaque-de-recharge-18cm-feng-shui\/","title":{"rendered":"Grande Plaque de Recharge 18cm &#8211; Feng Shui"},"content":{"rendered":"<p><strong><span style=\"color: rgb(75, 80, 88);\">Le grand plateau de charge avec un motif Feng Shui&nbsp;<\/span><\/strong>est un ajout magnifique et pratique \u00e0 la maison ou au bureau.&nbsp;<\/p>\n<p>Fabriqu\u00e9e en s\u00e9l\u00e9nite naturelle, cette plaque de charge mesure 18 cm de diam\u00e8tre et pr\u00e9sente un superbe motif Feng Shui. Le Feng Shui est une ancienne pratique chinoise qui consiste \u00e0 harmoniser le flux d&rsquo;\u00e9nergie dans un espace, et cette plaque de chargement est con&ccedil;ue pour am\u00e9liorer le flux d&rsquo;\u00e9nergie positive dans votre environnement.<\/p>\n<p>Placez simplement vos objets sur la plaque et laissez l&rsquo;\u00e9nergie de la s\u00e9l\u00e9nite faire son travail. La s\u00e9l\u00e9nite est connue pour nettoyer et charger les autres cristaux, en amplifiant leur \u00e9nergie et en les ramenant \u00e0 leur \u00e9tat naturel. Le design Feng Shui favorise l&rsquo;\u00e9quilibre, l&rsquo;harmonie et la prosp\u00e9rit\u00e9 dans votre espace. Les variations naturelles de la s\u00e9l\u00e9nite font de chaque pi\u00e8ce une pi\u00e8ce unique, ce qui ajoute \u00e0 son charme et \u00e0 sa beaut\u00e9.&nbsp;<\/p>\n<p>Ce grand plateau de charge est parfait pour les cristaux de grande taille, les bijoux ou tout autre objet que vous souhaitez nettoyer et charger. Elle peut \u00eatre utilis\u00e9e sur un autel ou dans un espace de m\u00e9ditation, ou simplement comme pi\u00e8ce d\u00e9corative dans votre maison.&nbsp;<\/p>\n<p><strong><span style=\"color: rgb(141, 186, 216);\">Le Grand plateau de charge en s\u00e9l\u00e9nite avec un design Feng Shui est un cadeau r\u00e9fl\u00e9chi et significatif pour tous ceux qui appr\u00e9cient les propri\u00e9t\u00e9s curatives des cristaux ou les principes du Feng Shui.<\/span><\/strong><\/p>\n","protected":false},"excerpt":{"rendered":"<p>Le grand plateau de charge avec un motif Feng Shui&nbsp;est un ajout magnifique et pratique \u00e0 la maison ou au bureau.&nbsp; Fabriqu\u00e9e en s\u00e9l\u00e9nite naturelle, cette plaque de charge mesure 18 cm de diam\u00e8tre et pr\u00e9sente un superbe motif Feng Shui. Le Feng Shui est une ancienne pratique chinoise qui consiste \u00e0 harmoniser le flux [&hellip;]<\/p>\n","protected":false},"featured_media":345626,"comment_status":"closed","ping_status":"open","template":"","meta":{"_angie_page":false},"product_brand":[],"product_cat":[17264,19113],"product_tag":[],"class_list":{"0":"post-232024","1":"product","2":"type-product","3":"status-publish","4":"has-post-thumbnail","6":"product_cat-cadeaux-esoterique","7":"product_cat-selenite","8":"pa_collection-selenite-plates-fr","9":"pa_made-in-maroc","11":"first","12":"instock","13":"purchasable","14":"product-type-simple"},"supplier_id":null,"supplier_sku":"SelCP-10","barcode":null,"atum_controlled":true,"out_stock_date":null,"out_stock_threshold":null,"inheritable":false,"inbound_stock":null,"stock_on_hold":0,"sold_today":0,"sales_last_days":0,"reserved_stock":null,"customer_returns":null,"warehouse_damage":null,"lost_in_post":null,"other_logs":null,"out_stock_days":0,"lost_sales":0,"has_location":null,"update_date":"2026-05-04T00:04:58","atum_locations":[],"atum_stock_status":"instock","restock_status":false,"low_stock_amount":"","sales_update_date":"2026-02-06T00:01:44","calc_backorders":null,"_links":{"self":[{"href":"https:\/\/aromasentia.com\/fr\/wp-json\/wp\/v2\/product\/232024","targetHints":{"allow":["GET"]}}],"collection":[{"href":"https:\/\/aromasentia.com\/fr\/wp-json\/wp\/v2\/product"}],"about":[{"href":"https:\/\/aromasentia.com\/fr\/wp-json\/wp\/v2\/types\/product"}],"replies":[{"embeddable":true,"href":"https:\/\/aromasentia.com\/fr\/wp-json\/wp\/v2\/comments?post=232024"}],"version-history":[{"count":0,"href":"https:\/\/aromasentia.com\/fr\/wp-json\/wp\/v2\/product\/232024\/revisions"}],"wp:featuredmedia":[{"embeddable":true,"href":"https:\/\/aromasentia.com\/fr\/wp-json\/wp\/v2\/media\/345626"}],"wp:attachment":[{"href":"https:\/\/aromasentia.com\/fr\/wp-json\/wp\/v2\/media?parent=232024"}],"wp:term":[{"taxonomy":"product_brand","embeddable":true,"href":"https:\/\/aromasentia.com\/fr\/wp-json\/wp\/v2\/product_brand?post=232024"},{"taxonomy":"product_cat","embeddable":true,"href":"https:\/\/aromasentia.com\/fr\/wp-json\/wp\/v2\/product_cat?post=232024"},{"taxonomy":"product_tag","embeddable":true,"href":"https:\/\/aromasentia.com\/fr\/wp-json\/wp\/v2\/product_tag?post=232024"}],"curies":[{"name":"wp","href":"https:\/\/api.w.org\/{rel}","templated":true}]}}