{"id":232004,"date":"2025-03-22T13:30:31","date_gmt":"2025-03-22T13:30:31","guid":{"rendered":"https:\/\/aromasentia.com\/product\/medium-charging-plate-10cm-chakra-design-col\/"},"modified":"2025-06-23T18:51:58","modified_gmt":"2025-06-23T18:51:58","slug":"plaque-de-recharge-moyenne-10cm-chakra-design-col","status":"publish","type":"product","link":"https:\/\/aromasentia.com\/fr\/plaque-de-recharge-moyenne-10cm-chakra-design-col\/","title":{"rendered":"Plaque de Recharge Moyenne 10cm &#8211; Chakra Design (col)"},"content":{"rendered":"<p><strong><span style=\"color: rgb(75, 80, 88);\">La plaque de recharge Moyenne &#8211; Chakra&nbsp;<\/span><\/strong>est un objet de d\u00e9coration int\u00e9rieure \u00e0 la fois beau et fonctionnel, fabriqu\u00e9 \u00e0 partir de s\u00e9l\u00e9nite naturelle, un min\u00e9ral translucide aux propri\u00e9t\u00e9s calmantes et apaisantes.&nbsp;<\/p>\n<p>Cette plaque de recharge mesure 10 cm de diam\u00e8tre et pr\u00e9sente un motif de chakra color\u00e9 sur sa surface. La surface lisse de la plaque en s\u00e9l\u00e9nite ajoute une touche d&rsquo;\u00e9l\u00e9gance \u00e0 n&rsquo;importe quelle pi\u00e8ce, et les variations naturelles de la pierre font de chaque pi\u00e8ce une pi\u00e8ce unique.<\/p>\n<p>La s\u00e9l\u00e9nite est \u00e9galement consid\u00e9r\u00e9e comme ayant des propri\u00e9t\u00e9s curatives et est souvent utilis\u00e9e dans la m\u00e9ditation et le travail \u00e9nerg\u00e9tique. Cette plaque de charge est parfaite pour nettoyer et charger les cristaux et les bijoux de petite ou moyenne taille.&nbsp;<\/p>\n<p>Placez simplement vos objets sur la plaque et laissez l&rsquo;\u00e9nergie de la s\u00e9l\u00e9nite faire son travail. Le dessin des chakras sur la surface de la plaque ajoute une couche suppl\u00e9mentaire d&rsquo;alignement \u00e9nerg\u00e9tique et d&rsquo;\u00e9quilibre \u00e0 vos cristaux.&nbsp;<\/p>\n<p>Dans l&rsquo;ensemble, la plaque de charge moyenne en s\u00e9l\u00e9nite avec un motif de chakra color\u00e9 est un ajout magnifique et pratique \u00e0 tout espace, et sa beaut\u00e9 naturelle en fait un cadeau unique et significatif pour tous ceux qui appr\u00e9cient le pouvoir des cristaux, le travail \u00e9nerg\u00e9tique ou une d\u00e9coration d&rsquo;int\u00e9rieur \u00e9l\u00e9gante.<\/p>\n","protected":false},"excerpt":{"rendered":"<p>La plaque de recharge Moyenne &#8211; Chakra&nbsp;est un objet de d\u00e9coration int\u00e9rieure \u00e0 la fois beau et fonctionnel, fabriqu\u00e9 \u00e0 partir de s\u00e9l\u00e9nite naturelle, un min\u00e9ral translucide aux propri\u00e9t\u00e9s calmantes et apaisantes.&nbsp; Cette plaque de recharge mesure 10 cm de diam\u00e8tre et pr\u00e9sente un motif de chakra color\u00e9 sur sa surface. La surface lisse de [&hellip;]<\/p>\n","protected":false},"featured_media":345509,"comment_status":"closed","ping_status":"open","template":"","meta":{"_angie_page":false},"product_brand":[],"product_cat":[17264,19113],"product_tag":[],"class_list":{"0":"post-232004","1":"product","2":"type-product","3":"status-publish","4":"has-post-thumbnail","6":"product_cat-cadeaux-esoterique","7":"product_cat-selenite","8":"pa_collection-selenite-plates-fr","9":"pa_made-in-maroc","11":"first","12":"instock","13":"purchasable","14":"product-type-simple"},"supplier_id":null,"supplier_sku":"SelCP-05","barcode":null,"atum_controlled":true,"out_stock_date":null,"out_stock_threshold":null,"inheritable":false,"inbound_stock":null,"stock_on_hold":0,"sold_today":0,"sales_last_days":0,"reserved_stock":null,"customer_returns":null,"warehouse_damage":null,"lost_in_post":null,"other_logs":null,"out_stock_days":0,"lost_sales":0,"has_location":null,"update_date":"2026-05-04T00:04:58","atum_locations":[],"atum_stock_status":"instock","restock_status":false,"low_stock_amount":"","sales_update_date":"2026-02-06T00:01:52","calc_backorders":null,"_links":{"self":[{"href":"https:\/\/aromasentia.com\/fr\/wp-json\/wp\/v2\/product\/232004","targetHints":{"allow":["GET"]}}],"collection":[{"href":"https:\/\/aromasentia.com\/fr\/wp-json\/wp\/v2\/product"}],"about":[{"href":"https:\/\/aromasentia.com\/fr\/wp-json\/wp\/v2\/types\/product"}],"replies":[{"embeddable":true,"href":"https:\/\/aromasentia.com\/fr\/wp-json\/wp\/v2\/comments?post=232004"}],"version-history":[{"count":0,"href":"https:\/\/aromasentia.com\/fr\/wp-json\/wp\/v2\/product\/232004\/revisions"}],"wp:featuredmedia":[{"embeddable":true,"href":"https:\/\/aromasentia.com\/fr\/wp-json\/wp\/v2\/media\/345509"}],"wp:attachment":[{"href":"https:\/\/aromasentia.com\/fr\/wp-json\/wp\/v2\/media?parent=232004"}],"wp:term":[{"taxonomy":"product_brand","embeddable":true,"href":"https:\/\/aromasentia.com\/fr\/wp-json\/wp\/v2\/product_brand?post=232004"},{"taxonomy":"product_cat","embeddable":true,"href":"https:\/\/aromasentia.com\/fr\/wp-json\/wp\/v2\/product_cat?post=232004"},{"taxonomy":"product_tag","embeddable":true,"href":"https:\/\/aromasentia.com\/fr\/wp-json\/wp\/v2\/product_tag?post=232004"}],"curies":[{"name":"wp","href":"https:\/\/api.w.org\/{rel}","templated":true}]}}