{"id":231968,"date":"2025-03-22T13:30:31","date_gmt":"2025-03-22T13:30:31","guid":{"rendered":"https:\/\/aromasentia.com\/product\/selenite-cylinder-candle-holder-20-cm\/"},"modified":"2025-06-23T18:51:54","modified_gmt":"2025-06-23T18:51:54","slug":"bougeoir-selenite-cylindre-20-cm","status":"publish","type":"product","link":"https:\/\/aromasentia.com\/fr\/bougeoir-selenite-cylindre-20-cm\/","title":{"rendered":"Bougeoir S\u00e9l\u00e9nite Cylindre &#8211; 20 cm"},"content":{"rendered":"<p>Notre nouvelle gamme de porte-bougies S\u00e9l\u00e9nite est en ravira plus d&apos;un ! La S\u00e9l\u00e9nite est une sorte de cristal translucide qui permet \u00e0 la flamme de la bougie un l\u00e9ger reflet \u00e0 travers les parois du porte-bougie. Les bords des chandeliers sont rugueux, ce qui est propre \u00e0 la S\u00e9l\u00e9nite.<\/p>\n<p>Ces Bougeoirs brillent parfois avec des zones plus blanch\u00e2tres que d&apos;autres. Le Dessus de chaque bougeoir est poli et le dessous est coup\u00e9 \u00e0 plat.<\/p>\n<p>Ils seront la d\u00e9coration parfaite de chaque maison , vous pouvez jumeler ces bougeoirs avec nos Tours S\u00e9l\u00e9nite pour LA touche parfaite dans votre boutique<\/p>\n<p><\/p>\n<p>Note : En raison de la nature de l\u2019article et de son processus de fabrication, les conceptions peuvent varier d&apos;un mod\u00e8le \u00e0 l&apos;autre.<\/p>\n","protected":false},"excerpt":{"rendered":"<p>Notre nouvelle gamme de porte-bougies S\u00e9l\u00e9nite est en ravira plus d&apos;un ! La S\u00e9l\u00e9nite est une sorte de cristal translucide qui permet \u00e0 la flamme de la bougie un l\u00e9ger reflet \u00e0 travers les parois du porte-bougie. Les bords des chandeliers sont rugueux, ce qui est propre \u00e0 la S\u00e9l\u00e9nite. Ces Bougeoirs brillent parfois avec [&hellip;]<\/p>\n","protected":false},"featured_media":345396,"comment_status":"closed","ping_status":"open","template":"","meta":{"_angie_page":false},"product_brand":[],"product_cat":[17264,25226,19113],"product_tag":[],"class_list":{"0":"post-231968","1":"product","2":"type-product","3":"status-publish","4":"has-post-thumbnail","6":"product_cat-cadeaux-esoterique","7":"product_cat-pierres-et-mineraux","8":"product_cat-selenite","9":"pa_collection-selenite-candle-holders-fr","10":"pa_made-in-maroc","12":"first","13":"instock","14":"purchasable","15":"product-type-simple"},"supplier_id":null,"supplier_sku":"SelCH-05","barcode":null,"atum_controlled":true,"out_stock_date":null,"out_stock_threshold":null,"inheritable":false,"inbound_stock":null,"stock_on_hold":0,"sold_today":0,"sales_last_days":0,"reserved_stock":null,"customer_returns":null,"warehouse_damage":null,"lost_in_post":null,"other_logs":null,"out_stock_days":0,"lost_sales":0,"has_location":null,"update_date":"2026-04-27T07:20:48","atum_locations":[],"atum_stock_status":"instock","restock_status":false,"low_stock_amount":"","sales_update_date":"2026-01-20T05:13:57","calc_backorders":null,"_links":{"self":[{"href":"https:\/\/aromasentia.com\/fr\/wp-json\/wp\/v2\/product\/231968","targetHints":{"allow":["GET"]}}],"collection":[{"href":"https:\/\/aromasentia.com\/fr\/wp-json\/wp\/v2\/product"}],"about":[{"href":"https:\/\/aromasentia.com\/fr\/wp-json\/wp\/v2\/types\/product"}],"replies":[{"embeddable":true,"href":"https:\/\/aromasentia.com\/fr\/wp-json\/wp\/v2\/comments?post=231968"}],"version-history":[{"count":0,"href":"https:\/\/aromasentia.com\/fr\/wp-json\/wp\/v2\/product\/231968\/revisions"}],"wp:featuredmedia":[{"embeddable":true,"href":"https:\/\/aromasentia.com\/fr\/wp-json\/wp\/v2\/media\/345396"}],"wp:attachment":[{"href":"https:\/\/aromasentia.com\/fr\/wp-json\/wp\/v2\/media?parent=231968"}],"wp:term":[{"taxonomy":"product_brand","embeddable":true,"href":"https:\/\/aromasentia.com\/fr\/wp-json\/wp\/v2\/product_brand?post=231968"},{"taxonomy":"product_cat","embeddable":true,"href":"https:\/\/aromasentia.com\/fr\/wp-json\/wp\/v2\/product_cat?post=231968"},{"taxonomy":"product_tag","embeddable":true,"href":"https:\/\/aromasentia.com\/fr\/wp-json\/wp\/v2\/product_tag?post=231968"}],"curies":[{"name":"wp","href":"https:\/\/api.w.org\/{rel}","templated":true}]}}