{"id":231944,"date":"2025-03-22T13:30:31","date_gmt":"2025-03-22T13:30:31","guid":{"rendered":"https:\/\/aromasentia.com\/product\/selenite-block-lamp-25cm-chakra-lamp\/"},"modified":"2025-06-23T18:51:51","modified_gmt":"2025-06-23T18:51:51","slug":"lampe-bloc-selenite-25cm-lampe-chakra","status":"publish","type":"product","link":"https:\/\/aromasentia.com\/fr\/lampe-bloc-selenite-25cm-lampe-chakra\/","title":{"rendered":"Lampe Bloc S\u00e9l\u00e9nite 25cm &#8211; Lampe Chakra"},"content":{"rendered":"<p>\u00e9nergie positive pour maximiser votre bien-\u00eatre avec les lampes chakra s\u00e9l\u00e9nite. Ils sont parfaits pour tous vos clients amateurs d&rsquo;\u00e9sot\u00e9risme ou d&rsquo;objets aux vertus.&nbsp;<\/p>\n<p><strong><span style=\"color: rgb(75, 80, 88);\">La lampe Chakra Selenite&nbsp;<\/span><\/strong>est id\u00e9ale pour la radiesth\u00e9sie, la m\u00e9ditation, la gu\u00e9rison \u00e9nerg\u00e9tique et l&rsquo;\u00e9quilibrage des chakras, Ces lampes sont obtenues \u00e0 partir de pierre de s\u00e9l\u00e9nite naturelle, elles sont ensuite taill\u00e9es en blocs et d\u00e9cor\u00e9es \u00e0 la main pour un r\u00e9sultat absolument magnifique ! Les lampes \u00e0 bloc de s\u00e9l\u00e9nite mesurent environ 25 cm, la s\u00e9l\u00e9nite a \u00e9galement des propri\u00e9t\u00e9s apaisantes qui la rendent id\u00e9ale pour la m\u00e9ditation ou le travail spirituel.&nbsp;<\/p>\n<p>Beaucoup de gens pensent que la s\u00e9l\u00e9nite est un puissant gu\u00e9risseur aux multiples avantages. La s\u00e9l\u00e9nite est connue pour ses propri\u00e9t\u00e9s purifiantes et favorisant un sommeil r\u00e9parateur, elle sera donc parfaite pour le salon de votre client, ou en lampe de chevet sur une table de chevet par exemple. Vous aimerez peut-\u00eatre aussi la lampe tour en s\u00e9l\u00e9nite naturelle. NB :&nbsp;<\/p>\n<p>Chaque lampe est unique. En raison de la nature de l&rsquo;article et de son processus de fabrication, les conceptions peuvent varier. Chaque lampe en s\u00e9l\u00e9nite en gros est livr\u00e9e avec une ampoule LED et un luminaire britannique.&nbsp;<\/p>\n<p>Taille de la lampe : 25 x 8 x 8 cm Poids : 3 kg&nbsp;<\/p>\n<p><strong><span style=\"color: rgb(141, 186, 216);\">Augmentez vos ventes avec ces lampes \u00e0 blocs de s\u00e9l\u00e9nite uniques, commandez maintenant.<\/span><\/strong><\/p>\n","protected":false},"excerpt":{"rendered":"<p>\u00e9nergie positive pour maximiser votre bien-\u00eatre avec les lampes chakra s\u00e9l\u00e9nite. Ils sont parfaits pour tous vos clients amateurs d&rsquo;\u00e9sot\u00e9risme ou d&rsquo;objets aux vertus.&nbsp; La lampe Chakra Selenite&nbsp;est id\u00e9ale pour la radiesth\u00e9sie, la m\u00e9ditation, la gu\u00e9rison \u00e9nerg\u00e9tique et l&rsquo;\u00e9quilibrage des chakras, Ces lampes sont obtenues \u00e0 partir de pierre de s\u00e9l\u00e9nite naturelle, elles sont ensuite [&hellip;]<\/p>\n","protected":false},"featured_media":345294,"comment_status":"closed","ping_status":"open","template":"","meta":{"_angie_page":false},"product_brand":[],"product_cat":[17264,25226,19113],"product_tag":[],"class_list":{"0":"post-231944","1":"product","2":"type-product","3":"status-publish","4":"has-post-thumbnail","6":"product_cat-cadeaux-esoterique","7":"product_cat-pierres-et-mineraux","8":"product_cat-selenite","9":"pa_collection-selenite-block-lamp-fr","10":"pa_made-in-maroc","12":"first","13":"instock","14":"purchasable","15":"product-type-simple"},"supplier_id":null,"supplier_sku":"SelBL-01","barcode":null,"atum_controlled":true,"out_stock_date":null,"out_stock_threshold":null,"inheritable":false,"inbound_stock":null,"stock_on_hold":0,"sold_today":0,"sales_last_days":0,"reserved_stock":null,"customer_returns":null,"warehouse_damage":null,"lost_in_post":null,"other_logs":null,"out_stock_days":0,"lost_sales":0,"has_location":null,"update_date":"2026-04-27T07:20:48","atum_locations":[],"atum_stock_status":"instock","restock_status":false,"low_stock_amount":"","sales_update_date":"2025-09-05T00:25:53","calc_backorders":null,"_links":{"self":[{"href":"https:\/\/aromasentia.com\/fr\/wp-json\/wp\/v2\/product\/231944","targetHints":{"allow":["GET"]}}],"collection":[{"href":"https:\/\/aromasentia.com\/fr\/wp-json\/wp\/v2\/product"}],"about":[{"href":"https:\/\/aromasentia.com\/fr\/wp-json\/wp\/v2\/types\/product"}],"replies":[{"embeddable":true,"href":"https:\/\/aromasentia.com\/fr\/wp-json\/wp\/v2\/comments?post=231944"}],"version-history":[{"count":0,"href":"https:\/\/aromasentia.com\/fr\/wp-json\/wp\/v2\/product\/231944\/revisions"}],"wp:featuredmedia":[{"embeddable":true,"href":"https:\/\/aromasentia.com\/fr\/wp-json\/wp\/v2\/media\/345294"}],"wp:attachment":[{"href":"https:\/\/aromasentia.com\/fr\/wp-json\/wp\/v2\/media?parent=231944"}],"wp:term":[{"taxonomy":"product_brand","embeddable":true,"href":"https:\/\/aromasentia.com\/fr\/wp-json\/wp\/v2\/product_brand?post=231944"},{"taxonomy":"product_cat","embeddable":true,"href":"https:\/\/aromasentia.com\/fr\/wp-json\/wp\/v2\/product_cat?post=231944"},{"taxonomy":"product_tag","embeddable":true,"href":"https:\/\/aromasentia.com\/fr\/wp-json\/wp\/v2\/product_tag?post=231944"}],"curies":[{"name":"wp","href":"https:\/\/api.w.org\/{rel}","templated":true}]}}