{"id":231920,"date":"2025-03-22T13:30:31","date_gmt":"2025-03-22T13:30:31","guid":{"rendered":"https:\/\/aromasentia.com\/product\/selenite-hex-bowl-15cm\/"},"modified":"2025-06-23T18:51:46","modified_gmt":"2025-06-23T18:51:46","slug":"bol-hexagonal-en-selenite-15-cm","status":"publish","type":"product","link":"https:\/\/aromasentia.com\/fr\/bol-hexagonal-en-selenite-15-cm\/","title":{"rendered":"Bol hexagonal en S\u00e9l\u00e9nite &#8211; 15 cm"},"content":{"rendered":"<p><strong><span style=\"color: rgb(75, 80, 88);\">La pierre de s\u00e9l\u00e9nite<\/span><\/strong> tire son nom de la d\u00e9esse grecque Selene, qui selon la mythologie repr\u00e9sente la lune, symbole de puret\u00e9. C&rsquo;est un min\u00e9ral unique qui a charm\u00e9 l&rsquo;humanit\u00e9 par sa beaut\u00e9 et ses propri\u00e9t\u00e9s il y a des si\u00e8cles. Tous nos produits de s\u00e9l\u00e9nite sont import\u00e9s directement du Maroc, o\u00f9se trouvent de riches gisements de cette mati\u00e8re premi\u00e8re.&nbsp;<\/p>\n<p>Cette pierre presque translucide, de couleur blanche, refl\u00e8te \u00e0 merveille la lumi\u00e8re et apporte une certaine originalit\u00e9 aux d\u00e9corations int\u00e9rieures.&nbsp;<\/p>\n<p><strong><span style=\"color: rgb(75, 80, 88);\">Ce Bol Hexagonal en S\u00e9l\u00e9nite &#8211; 15cm<\/span><\/strong> peut \u00eatre utilis\u00e9 de diff\u00e9rentes mani\u00e8res, comme simple objet de d\u00e9coration ou comme contenant pour vos affaires comme vos cl\u00e9s par exemple.&nbsp;<\/p>\n<p>Disponible en diff\u00e9rentes tailles et mod\u00e8les pour pouvoir offrir \u00e0 vos clients celui qui leur conviendra parfaitement. La s\u00e9l\u00e9nite contient de nombreuses propri\u00e9t\u00e9s, ce qui explique son succ\u00e8s aupr\u00e8s du grand public. Il am\u00e9liorerait notamment le sommeil et calmerait l&rsquo;anxi\u00e9t\u00e9. Cela stimulerait \u00e9galement la concentration et clarifierait les pens\u00e9es.&nbsp;<\/p>\n<p>C&rsquo;est pour ces propri\u00e9t\u00e9s que la vasque en s\u00e9l\u00e9nite sera parfaite pour les entr\u00e9es, les chambres et m\u00eame les bureaux ou les salles de travail. Vous aimerez peut-\u00eatre aussi nos assiettes en s\u00e9l\u00e9nite ou nos couteaux de c\u00e9r\u00e9monie en s\u00e9l\u00e9nite.&nbsp;<\/p>\n<p><strong><span style=\"color: rgb(141, 186, 216);\">Commandez maintenant et offrez \u00e0 vos clients une d\u00e9coration int\u00e9rieure originale.<\/span><\/strong><\/p>\n","protected":false},"excerpt":{"rendered":"<p>La pierre de s\u00e9l\u00e9nite tire son nom de la d\u00e9esse grecque Selene, qui selon la mythologie repr\u00e9sente la lune, symbole de puret\u00e9. C&rsquo;est un min\u00e9ral unique qui a charm\u00e9 l&rsquo;humanit\u00e9 par sa beaut\u00e9 et ses propri\u00e9t\u00e9s il y a des si\u00e8cles. Tous nos produits de s\u00e9l\u00e9nite sont import\u00e9s directement du Maroc, o\u00f9se trouvent de riches [&hellip;]<\/p>\n","protected":false},"featured_media":345064,"comment_status":"closed","ping_status":"open","template":"","meta":{"_angie_page":false},"product_brand":[],"product_cat":[19144,14446,25226,19113],"product_tag":[],"class_list":{"0":"post-231920","1":"product","2":"type-product","3":"status-publish","4":"has-post-thumbnail","6":"product_cat-inspirations","7":"product_cat-maison-et-jardin","8":"product_cat-pierres-et-mineraux","9":"product_cat-selenite","10":"pa_collection-selenite-bowls-fr","11":"pa_made-in-maroc","13":"first","14":"instock","15":"purchasable","16":"product-type-simple"},"supplier_id":null,"supplier_sku":"SelB-09","barcode":null,"atum_controlled":true,"out_stock_date":null,"out_stock_threshold":null,"inheritable":false,"inbound_stock":null,"stock_on_hold":0,"sold_today":0,"sales_last_days":0,"reserved_stock":null,"customer_returns":null,"warehouse_damage":null,"lost_in_post":null,"other_logs":null,"out_stock_days":0,"lost_sales":0,"has_location":null,"update_date":"2026-04-27T07:20:48","atum_locations":[],"atum_stock_status":"instock","restock_status":false,"low_stock_amount":"","sales_update_date":"2026-02-06T00:01:16","calc_backorders":null,"_links":{"self":[{"href":"https:\/\/aromasentia.com\/fr\/wp-json\/wp\/v2\/product\/231920","targetHints":{"allow":["GET"]}}],"collection":[{"href":"https:\/\/aromasentia.com\/fr\/wp-json\/wp\/v2\/product"}],"about":[{"href":"https:\/\/aromasentia.com\/fr\/wp-json\/wp\/v2\/types\/product"}],"replies":[{"embeddable":true,"href":"https:\/\/aromasentia.com\/fr\/wp-json\/wp\/v2\/comments?post=231920"}],"version-history":[{"count":0,"href":"https:\/\/aromasentia.com\/fr\/wp-json\/wp\/v2\/product\/231920\/revisions"}],"wp:featuredmedia":[{"embeddable":true,"href":"https:\/\/aromasentia.com\/fr\/wp-json\/wp\/v2\/media\/345064"}],"wp:attachment":[{"href":"https:\/\/aromasentia.com\/fr\/wp-json\/wp\/v2\/media?parent=231920"}],"wp:term":[{"taxonomy":"product_brand","embeddable":true,"href":"https:\/\/aromasentia.com\/fr\/wp-json\/wp\/v2\/product_brand?post=231920"},{"taxonomy":"product_cat","embeddable":true,"href":"https:\/\/aromasentia.com\/fr\/wp-json\/wp\/v2\/product_cat?post=231920"},{"taxonomy":"product_tag","embeddable":true,"href":"https:\/\/aromasentia.com\/fr\/wp-json\/wp\/v2\/product_tag?post=231920"}],"curies":[{"name":"wp","href":"https:\/\/api.w.org\/{rel}","templated":true}]}}