{"id":231824,"date":"2025-03-22T13:30:39","date_gmt":"2025-03-22T13:30:39","guid":{"rendered":"https:\/\/aromasentia.com\/product\/selenite-heart-3-4cm\/"},"modified":"2025-06-23T18:51:33","modified_gmt":"2025-06-23T18:51:33","slug":"coeur-selenite-3-4cm","status":"publish","type":"product","link":"https:\/\/aromasentia.com\/fr\/coeur-selenite-3-4cm\/","title":{"rendered":"Coeur S\u00e9l\u00e9nite &#8211; 3-4cm"},"content":{"rendered":"<p>Il est g\u00e9n\u00e9ralement admis que la s\u00e9l\u00e9nite est l&rsquo;un des cristaux les plus puissants pour la gu\u00e9rison.<\/p>\n<p>&nbsp;Il se connecte \u00e9galement au troisi\u00e8me \u0153il, \u00e0 la couronne et aux chakras \u00e9th\u00e9riques.&nbsp;<\/p>\n<p>Certains disent que cela favorise la puret\u00e9 et l&rsquo;honn\u00eatet\u00e9.<\/p>\n<p>On dit que cela oblige la personne qui le d\u00e9tient \u00e0 \u00eatre honn\u00eate avec elle-m\u00eame.&nbsp;<\/p>\n<p>Taille du Coeur S\u00e9l\u00e9nite : Longueur 4cm, Diam\u00e8tre 3cm<\/p>\n","protected":false},"excerpt":{"rendered":"<p>Il est g\u00e9n\u00e9ralement admis que la s\u00e9l\u00e9nite est l&rsquo;un des cristaux les plus puissants pour la gu\u00e9rison. &nbsp;Il se connecte \u00e9galement au troisi\u00e8me \u0153il, \u00e0 la couronne et aux chakras \u00e9th\u00e9riques.&nbsp; Certains disent que cela favorise la puret\u00e9 et l&rsquo;honn\u00eatet\u00e9. On dit que cela oblige la personne qui le d\u00e9tient \u00e0 \u00eatre honn\u00eate avec elle-m\u00eame.&nbsp; [&hellip;]<\/p>\n","protected":false},"featured_media":346817,"comment_status":"closed","ping_status":"open","template":"","meta":{"_angie_page":false},"product_brand":[],"product_cat":[19144,14446,25226,19113],"product_tag":[],"class_list":{"0":"post-231824","1":"product","2":"type-product","3":"status-publish","4":"has-post-thumbnail","6":"product_cat-inspirations","7":"product_cat-maison-et-jardin","8":"product_cat-pierres-et-mineraux","9":"product_cat-selenite","10":"pa_collection-selenite-wands-fr","11":"pa_made-in-maroc","13":"first","14":"instock","15":"purchasable","16":"product-type-simple"},"supplier_id":null,"supplier_sku":"SelW-16","barcode":null,"atum_controlled":true,"out_stock_date":null,"out_stock_threshold":null,"inheritable":false,"inbound_stock":null,"stock_on_hold":0,"sold_today":0,"sales_last_days":0,"reserved_stock":null,"customer_returns":null,"warehouse_damage":null,"lost_in_post":null,"other_logs":null,"out_stock_days":0,"lost_sales":0,"has_location":null,"update_date":"2026-04-27T07:21:08","atum_locations":[],"atum_stock_status":"instock","restock_status":false,"low_stock_amount":"","sales_update_date":"2025-09-05T00:26:11","calc_backorders":null,"_links":{"self":[{"href":"https:\/\/aromasentia.com\/fr\/wp-json\/wp\/v2\/product\/231824","targetHints":{"allow":["GET"]}}],"collection":[{"href":"https:\/\/aromasentia.com\/fr\/wp-json\/wp\/v2\/product"}],"about":[{"href":"https:\/\/aromasentia.com\/fr\/wp-json\/wp\/v2\/types\/product"}],"replies":[{"embeddable":true,"href":"https:\/\/aromasentia.com\/fr\/wp-json\/wp\/v2\/comments?post=231824"}],"version-history":[{"count":0,"href":"https:\/\/aromasentia.com\/fr\/wp-json\/wp\/v2\/product\/231824\/revisions"}],"wp:featuredmedia":[{"embeddable":true,"href":"https:\/\/aromasentia.com\/fr\/wp-json\/wp\/v2\/media\/346817"}],"wp:attachment":[{"href":"https:\/\/aromasentia.com\/fr\/wp-json\/wp\/v2\/media?parent=231824"}],"wp:term":[{"taxonomy":"product_brand","embeddable":true,"href":"https:\/\/aromasentia.com\/fr\/wp-json\/wp\/v2\/product_brand?post=231824"},{"taxonomy":"product_cat","embeddable":true,"href":"https:\/\/aromasentia.com\/fr\/wp-json\/wp\/v2\/product_cat?post=231824"},{"taxonomy":"product_tag","embeddable":true,"href":"https:\/\/aromasentia.com\/fr\/wp-json\/wp\/v2\/product_tag?post=231824"}],"curies":[{"name":"wp","href":"https:\/\/api.w.org\/{rel}","templated":true}]}}