{"id":231808,"date":"2025-03-22T13:30:39","date_gmt":"2025-03-22T13:30:39","guid":{"rendered":"https:\/\/aromasentia.com\/product\/selenite-stick-raw-crystal-natural-stone-7-10cm\/"},"modified":"2025-06-23T18:51:31","modified_gmt":"2025-06-23T18:51:31","slug":"baton-selenite-cristal-brut-pierre-naturelle-7-10-cm","status":"publish","type":"product","link":"https:\/\/aromasentia.com\/fr\/baton-selenite-cristal-brut-pierre-naturelle-7-10-cm\/","title":{"rendered":"B\u00e2ton S\u00e9l\u00e9nite Cristal Brut &#8211; Pierre Naturelle 7-10 cm"},"content":{"rendered":"<p><span style=\"color: rgb(75, 80, 88);\"><strong>1x Selenite Stick Raw Crystal &#8211; Natural Stone 7-10cm<\/strong> are from the mountains of Morocco.<\/span><\/p>\n<p><span style=\"color: rgb(75, 80, 88);\">The crystal received its name from the Greek goddess of the moon &#8211; Selene &#8211; and you can see why&#8230; the way these natural milky stones refract light is totally lunar.<\/span><\/p>\n<p><span style=\"color: rgb(75, 80, 88);\"><strong>Benefits:<\/strong> It is generally accepted that Selenite is one of the most powerful crystals for healing. Also it is connecting to the third eye, crown and etheric chakras. Some say <strong>it promotes purity and honesty<\/strong>. It is said it forces the person holding it to be honest with themselves.<\/span><\/p>\n<p><span style=\"color: rgb(141, 186, 216);\"><strong>Add this beautiful product of stunning Selenite to boost your sales to the moon and back.<\/strong><\/span><\/p>\n","protected":false},"excerpt":{"rendered":"<p>1x Selenite Stick Raw Crystal &#8211; Natural Stone 7-10cm are from the mountains of Morocco. The crystal received its name from the Greek goddess of the moon &#8211; Selene &#8211; and you can see why&#8230; the way these natural milky stones refract light is totally lunar. Benefits: It is generally accepted that Selenite is one [&hellip;]<\/p>\n","protected":false},"featured_media":346685,"comment_status":"closed","ping_status":"open","template":"","meta":{"_angie_page":false},"product_brand":[],"product_cat":[19144,14446,25226,19113],"product_tag":[],"class_list":{"0":"post-231808","1":"product","2":"type-product","3":"status-publish","4":"has-post-thumbnail","6":"product_cat-inspirations","7":"product_cat-maison-et-jardin","8":"product_cat-pierres-et-mineraux","9":"product_cat-selenite","10":"pa_collection-selenite-wands-fr","11":"pa_made-in-maroc","13":"first","14":"instock","15":"purchasable","16":"product-type-simple"},"supplier_id":null,"supplier_sku":"SelW-12","barcode":null,"atum_controlled":true,"out_stock_date":null,"out_stock_threshold":null,"inheritable":false,"inbound_stock":null,"stock_on_hold":0,"sold_today":0,"sales_last_days":0,"reserved_stock":null,"customer_returns":null,"warehouse_damage":null,"lost_in_post":null,"other_logs":null,"out_stock_days":0,"lost_sales":0,"has_location":null,"update_date":"2026-05-04T00:04:58","atum_locations":[],"atum_stock_status":"instock","restock_status":false,"low_stock_amount":"","sales_update_date":"2025-09-05T00:26:10","calc_backorders":null,"_links":{"self":[{"href":"https:\/\/aromasentia.com\/fr\/wp-json\/wp\/v2\/product\/231808","targetHints":{"allow":["GET"]}}],"collection":[{"href":"https:\/\/aromasentia.com\/fr\/wp-json\/wp\/v2\/product"}],"about":[{"href":"https:\/\/aromasentia.com\/fr\/wp-json\/wp\/v2\/types\/product"}],"replies":[{"embeddable":true,"href":"https:\/\/aromasentia.com\/fr\/wp-json\/wp\/v2\/comments?post=231808"}],"version-history":[{"count":0,"href":"https:\/\/aromasentia.com\/fr\/wp-json\/wp\/v2\/product\/231808\/revisions"}],"wp:featuredmedia":[{"embeddable":true,"href":"https:\/\/aromasentia.com\/fr\/wp-json\/wp\/v2\/media\/346685"}],"wp:attachment":[{"href":"https:\/\/aromasentia.com\/fr\/wp-json\/wp\/v2\/media?parent=231808"}],"wp:term":[{"taxonomy":"product_brand","embeddable":true,"href":"https:\/\/aromasentia.com\/fr\/wp-json\/wp\/v2\/product_brand?post=231808"},{"taxonomy":"product_cat","embeddable":true,"href":"https:\/\/aromasentia.com\/fr\/wp-json\/wp\/v2\/product_cat?post=231808"},{"taxonomy":"product_tag","embeddable":true,"href":"https:\/\/aromasentia.com\/fr\/wp-json\/wp\/v2\/product_tag?post=231808"}],"curies":[{"name":"wp","href":"https:\/\/api.w.org\/{rel}","templated":true}]}}