{"id":231732,"date":"2025-03-22T13:30:39","date_gmt":"2025-03-22T13:30:39","guid":{"rendered":"https:\/\/aromasentia.com\/product\/natural-selenite-tower-10-cm\/"},"modified":"2025-06-23T18:51:19","modified_gmt":"2025-06-23T18:51:19","slug":"tour-naturelle-selenite-10-cm","status":"publish","type":"product","link":"https:\/\/aromasentia.com\/fr\/tour-naturelle-selenite-10-cm\/","title":{"rendered":"Tour Naturelle S\u00e9l\u00e9nite &#8211; 10 cm"},"content":{"rendered":"<p>Nos tours S\u00e9l\u00e9nite en gros sont en provenance des montagnes du Maroc. Le cristal a re&ccedil;u son nom de la d\u00e9esse grecque de la lune : Selene &#8211; et vous pouvez voir pourquoi. la fa&ccedil;on dont les cristaux laiteux r\u00e9fractent la lumi\u00e8re est totalement in\u00e9dite.<\/p>\n<p>Bienfaits : Il est g\u00e9n\u00e9ralement admis que la s\u00e9l\u00e9nite est l\u2019un des cristaux les plus puissants pour la gu\u00e9rison. Il est \u00e9galement reli\u00e9 au troisi\u00e8me \u0153il, couronne et chakras \u00e9th\u00e9riques. Certains disent qu\u2019il favorise la puret\u00e9 et l\u2019honn\u00eatet\u00e9. On dit que cela force la personne qui le tient \u00e0 \u00eatre honn\u00eate avec elle-m\u00eame.<\/p>\n<p>Chacune de ces tours s\u00e9l\u00e9nites est naturelle et donc est compl\u00e8tement unique.<\/p>\n<p>Montrer \u00e0 vos clients comment elles s\u2019allument en pla&ccedil;ant une ou deux sur les blocs de lumi\u00e8re LED (voir ci-dessous), ce qui cr\u00e9era une ambiance relaxante et unique dans votre magasin.<\/p>\n<p>Stimulez vos vente avec ces magnifiques Tours S\u00e9l\u00e9nite !<\/p>\n","protected":false},"excerpt":{"rendered":"<p>Nos tours S\u00e9l\u00e9nite en gros sont en provenance des montagnes du Maroc. Le cristal a re&ccedil;u son nom de la d\u00e9esse grecque de la lune : Selene &#8211; et vous pouvez voir pourquoi. la fa&ccedil;on dont les cristaux laiteux r\u00e9fractent la lumi\u00e8re est totalement in\u00e9dite. Bienfaits : Il est g\u00e9n\u00e9ralement admis que la s\u00e9l\u00e9nite est [&hellip;]<\/p>\n","protected":false},"featured_media":346202,"comment_status":"closed","ping_status":"open","template":"","meta":{"_angie_page":false},"product_brand":[],"product_cat":[17264,25226,19113],"product_tag":[],"class_list":{"0":"post-231732","1":"product","2":"type-product","3":"status-publish","4":"has-post-thumbnail","6":"product_cat-cadeaux-esoterique","7":"product_cat-pierres-et-mineraux","8":"product_cat-selenite","9":"pa_collection-selenite-towers-fr","10":"pa_made-in-maroc","12":"first","13":"instock","14":"purchasable","15":"product-type-simple"},"supplier_id":null,"supplier_sku":"SelT-02","barcode":null,"atum_controlled":true,"out_stock_date":null,"out_stock_threshold":null,"inheritable":false,"inbound_stock":null,"stock_on_hold":0,"sold_today":0,"sales_last_days":0,"reserved_stock":null,"customer_returns":null,"warehouse_damage":null,"lost_in_post":null,"other_logs":null,"out_stock_days":0,"lost_sales":0,"has_location":null,"update_date":"2026-04-27T07:21:00","atum_locations":[],"atum_stock_status":"instock","restock_status":false,"low_stock_amount":"","sales_update_date":"2026-02-06T00:01:59","calc_backorders":null,"_links":{"self":[{"href":"https:\/\/aromasentia.com\/fr\/wp-json\/wp\/v2\/product\/231732","targetHints":{"allow":["GET"]}}],"collection":[{"href":"https:\/\/aromasentia.com\/fr\/wp-json\/wp\/v2\/product"}],"about":[{"href":"https:\/\/aromasentia.com\/fr\/wp-json\/wp\/v2\/types\/product"}],"replies":[{"embeddable":true,"href":"https:\/\/aromasentia.com\/fr\/wp-json\/wp\/v2\/comments?post=231732"}],"version-history":[{"count":0,"href":"https:\/\/aromasentia.com\/fr\/wp-json\/wp\/v2\/product\/231732\/revisions"}],"wp:featuredmedia":[{"embeddable":true,"href":"https:\/\/aromasentia.com\/fr\/wp-json\/wp\/v2\/media\/346202"}],"wp:attachment":[{"href":"https:\/\/aromasentia.com\/fr\/wp-json\/wp\/v2\/media?parent=231732"}],"wp:term":[{"taxonomy":"product_brand","embeddable":true,"href":"https:\/\/aromasentia.com\/fr\/wp-json\/wp\/v2\/product_brand?post=231732"},{"taxonomy":"product_cat","embeddable":true,"href":"https:\/\/aromasentia.com\/fr\/wp-json\/wp\/v2\/product_cat?post=231732"},{"taxonomy":"product_tag","embeddable":true,"href":"https:\/\/aromasentia.com\/fr\/wp-json\/wp\/v2\/product_tag?post=231732"}],"curies":[{"name":"wp","href":"https:\/\/api.w.org\/{rel}","templated":true}]}}