{"id":231716,"date":"2025-03-22T13:30:39","date_gmt":"2025-03-22T13:30:39","guid":{"rendered":"https:\/\/aromasentia.com\/product\/natural-selenite-tower-lamp-15-cm\/"},"modified":"2025-06-23T18:51:18","modified_gmt":"2025-06-23T18:51:18","slug":"lampe-naturelle-en-selenite-15-cm","status":"publish","type":"product","link":"https:\/\/aromasentia.com\/fr\/lampe-naturelle-en-selenite-15-cm\/","title":{"rendered":"Lampe Naturelle en S\u00e9l\u00e9nite &#8211; 15 cm"},"content":{"rendered":"<p><strong><span style=\"color: rgb(75, 80, 88);\">La lampe en s\u00e9l\u00e9nite naturelle de 15 cm<\/span><\/strong> est livr\u00e9e avec un c\u00e2ble de raccordement blanc et une ampoule.&nbsp;<\/p>\n<p>Les lampes en s\u00e9l\u00e9nite sont r\u00e9put\u00e9es pour leurs capacit\u00e9s de nettoyage et de gu\u00e9rison, et peuvent aider \u00e0 \u00e9liminer l&rsquo;\u00e9nergie n\u00e9gative de nos chakras et de l&rsquo;environnement. La s\u00e9l\u00e9nite est une pierre de clart\u00e9 et d&rsquo;orientation qui aide \u00e0 se lib\u00e9rer l&rsquo;esprit, \u00e0 aiguiser sa conscience et \u00e0 voir la v\u00e9rit\u00e9 en se connectant \u00e0 une conscience sup\u00e9rieure.&nbsp;<\/p>\n<p>Les douces qualit\u00e9s curatives de la s\u00e9l\u00e9nite peuvent \u00eatre utilis\u00e9es pour prot\u00e9ger des \u00e9nergies n\u00e9gatives et cr\u00e9er un espace s\u00fbr et calme avec une atmosph\u00e8re paisible. La s\u00e9l\u00e9nite nettoie les cristaux en renouvelant leur \u00e9nergie.&nbsp;<\/p>\n<p>La s\u00e9l\u00e9nite a \u00e9galement des propri\u00e9t\u00e9s calmantes, ce qui la rend id\u00e9ale pour la m\u00e9ditation ou le travail spirituel.&nbsp;<\/p>\n<p><strong><span style=\"color: rgb(75, 80, 88);\">NB :<\/span><\/strong> Chaque lampe est form\u00e9e par la nature et est donc totalement unique. En raison de la nature de l&rsquo;article et de son processus de fabrication, les motifs peuvent varier.&nbsp;<\/p>\n<p><strong><span style=\"color: rgb(141, 186, 216);\">La lampe tour en s\u00e9l\u00e9nite est un cristal naturel vraiment magnifique et une fabuleuse id\u00e9e de cadeau.<\/span><\/strong><\/p>\n","protected":false},"excerpt":{"rendered":"<p>La lampe en s\u00e9l\u00e9nite naturelle de 15 cm est livr\u00e9e avec un c\u00e2ble de raccordement blanc et une ampoule.&nbsp; Les lampes en s\u00e9l\u00e9nite sont r\u00e9put\u00e9es pour leurs capacit\u00e9s de nettoyage et de gu\u00e9rison, et peuvent aider \u00e0 \u00e9liminer l&rsquo;\u00e9nergie n\u00e9gative de nos chakras et de l&rsquo;environnement. La s\u00e9l\u00e9nite est une pierre de clart\u00e9 et d&rsquo;orientation [&hellip;]<\/p>\n","protected":false},"featured_media":346118,"comment_status":"closed","ping_status":"open","template":"","meta":{"_angie_page":false},"product_brand":[],"product_cat":[17264,25226,19113],"product_tag":[],"class_list":{"0":"post-231716","1":"product","2":"type-product","3":"status-publish","4":"has-post-thumbnail","6":"product_cat-cadeaux-esoterique","7":"product_cat-pierres-et-mineraux","8":"product_cat-selenite","9":"pa_collection-natural-selenite-tower-lamps-fr","10":"pa_made-in-royaume-uni","12":"first","13":"instock","14":"purchasable","15":"product-type-simple"},"supplier_id":null,"supplier_sku":"SelLp-01","barcode":null,"atum_controlled":true,"out_stock_date":null,"out_stock_threshold":null,"inheritable":false,"inbound_stock":null,"stock_on_hold":0,"sold_today":0,"sales_last_days":0,"reserved_stock":null,"customer_returns":null,"warehouse_damage":null,"lost_in_post":null,"other_logs":null,"out_stock_days":0,"lost_sales":0,"has_location":null,"update_date":"2026-04-27T07:20:54","atum_locations":[],"atum_stock_status":"instock","restock_status":false,"low_stock_amount":"","sales_update_date":"2025-09-05T00:25:59","calc_backorders":null,"_links":{"self":[{"href":"https:\/\/aromasentia.com\/fr\/wp-json\/wp\/v2\/product\/231716","targetHints":{"allow":["GET"]}}],"collection":[{"href":"https:\/\/aromasentia.com\/fr\/wp-json\/wp\/v2\/product"}],"about":[{"href":"https:\/\/aromasentia.com\/fr\/wp-json\/wp\/v2\/types\/product"}],"replies":[{"embeddable":true,"href":"https:\/\/aromasentia.com\/fr\/wp-json\/wp\/v2\/comments?post=231716"}],"version-history":[{"count":0,"href":"https:\/\/aromasentia.com\/fr\/wp-json\/wp\/v2\/product\/231716\/revisions"}],"wp:featuredmedia":[{"embeddable":true,"href":"https:\/\/aromasentia.com\/fr\/wp-json\/wp\/v2\/media\/346118"}],"wp:attachment":[{"href":"https:\/\/aromasentia.com\/fr\/wp-json\/wp\/v2\/media?parent=231716"}],"wp:term":[{"taxonomy":"product_brand","embeddable":true,"href":"https:\/\/aromasentia.com\/fr\/wp-json\/wp\/v2\/product_brand?post=231716"},{"taxonomy":"product_cat","embeddable":true,"href":"https:\/\/aromasentia.com\/fr\/wp-json\/wp\/v2\/product_cat?post=231716"},{"taxonomy":"product_tag","embeddable":true,"href":"https:\/\/aromasentia.com\/fr\/wp-json\/wp\/v2\/product_tag?post=231716"}],"curies":[{"name":"wp","href":"https:\/\/api.w.org\/{rel}","templated":true}]}}