{"id":231696,"date":"2025-03-22T13:30:39","date_gmt":"2025-03-22T13:30:39","guid":{"rendered":"https:\/\/aromasentia.com\/product\/angel-pendulum-with-ring-rose-quartz\/"},"modified":"2025-06-23T18:51:15","modified_gmt":"2025-06-23T18:51:15","slug":"pendules-ange-quartz-rose","status":"publish","type":"product","link":"https:\/\/aromasentia.com\/fr\/pendules-ange-quartz-rose\/","title":{"rendered":"Pendules ange &#8211; Quartz rose"},"content":{"rendered":"<p>La radiesth\u00e9sie ou radioesthesia existe de plus de six mille ans. Les Egyptiens et les anciens Chinois ont \u00e9t\u00e9 les premiers praticiens.<br \/>_x000D_<br \/>\nLa radiesth\u00e9sie peut \u00eatre effectu\u00e9e de plusieurs fa\u00e7ons et il y ait attribu\u00e9 toutes sortes de fins, comme trouver de l&rsquo;eau, les min\u00e9raux, les personnes disparues et m\u00eame les objets perdus. C\u2019est \u00e9galement pratiquer pour la gu\u00e9rison, reiki et la divination.<br \/>_x000D_<br \/>\nCes pendules de cristal sont, tous uniques, chaque pierre utilis\u00e9e a \u00e9t\u00e9 taill\u00e9e pour faire partie du produit._x000D_<br \/>\n<br \/>_x000D_<br \/>\nNous vous proposons un large choix de pendule de cette gamme et \u00e9galement des pendules en pierre._x000D_<br \/>\n<br \/><b><b>_x000D_<br \/>\nMERCI DE NOTEZ &#8211; Certains de ces balanciers sont faits \u00e0 la main \u00e0 partir de produit naturel. En raison de cela, les tailles des morceaux de pierres pr\u00e9cieuses peuvent varier. Les lots d\u00e9pendent du niveau de stock actuel. <br \/>_x000D_<br \/>\nL\u2019assortiment des pendules dans un lot est fait au hasard donc vous pouvez en recevoir un en double.<\/b><\/b>_x000D_<br \/>\n<br \/>_x000D_<br \/>\n<br \/><i><i>_x000D_<br \/>\nDimensions: 70&#215;35 mm; Cha\u00eene  : 190mm<\/i><\/i><\/p>\n","protected":false},"excerpt":{"rendered":"<p>La radiesth\u00e9sie ou radioesthesia existe de plus de six mille ans. Les Egyptiens et les anciens Chinois ont \u00e9t\u00e9 les premiers praticiens._x000D_ La radiesth\u00e9sie peut \u00eatre effectu\u00e9e de plusieurs fa\u00e7ons et il y ait attribu\u00e9 toutes sortes de fins, comme trouver de l&rsquo;eau, les min\u00e9raux, les personnes disparues et m\u00eame les objets perdus. C\u2019est \u00e9galement [&hellip;]<\/p>\n","protected":false},"featured_media":347171,"comment_status":"closed","ping_status":"open","template":"","meta":[],"product_brand":[],"product_cat":[17264,19073,25226,25732,25751],"product_tag":[],"class_list":{"0":"post-231696","1":"product","2":"type-product","3":"status-publish","4":"has-post-thumbnail","6":"product_cat-cadeaux-esoterique","7":"product_cat-pendentifs-pendules-et-jeu-de-runes","8":"product_cat-pierres-et-mineraux","9":"product_cat-quartz","10":"product_cat-quartz-rose","11":"pa_collection-special-pendulums-fr","12":"pa_made-in-inde","14":"first","15":"instock","16":"purchasable","17":"product-type-simple"},"supplier_id":null,"supplier_sku":"SpecMP-52","barcode":null,"atum_controlled":true,"out_stock_date":null,"out_stock_threshold":null,"inheritable":false,"inbound_stock":null,"stock_on_hold":0,"sold_today":0,"sales_last_days":0,"reserved_stock":null,"customer_returns":null,"warehouse_damage":null,"lost_in_post":null,"other_logs":null,"out_stock_days":0,"lost_sales":0,"has_location":null,"update_date":"2026-02-10T16:33:26","atum_locations":[],"atum_stock_status":"instock","restock_status":false,"low_stock_amount":"","sales_update_date":"2026-01-30T01:24:41","calc_backorders":null,"_links":{"self":[{"href":"https:\/\/aromasentia.com\/fr\/wp-json\/wp\/v2\/product\/231696","targetHints":{"allow":["GET"]}}],"collection":[{"href":"https:\/\/aromasentia.com\/fr\/wp-json\/wp\/v2\/product"}],"about":[{"href":"https:\/\/aromasentia.com\/fr\/wp-json\/wp\/v2\/types\/product"}],"replies":[{"embeddable":true,"href":"https:\/\/aromasentia.com\/fr\/wp-json\/wp\/v2\/comments?post=231696"}],"version-history":[{"count":0,"href":"https:\/\/aromasentia.com\/fr\/wp-json\/wp\/v2\/product\/231696\/revisions"}],"wp:featuredmedia":[{"embeddable":true,"href":"https:\/\/aromasentia.com\/fr\/wp-json\/wp\/v2\/media\/347171"}],"wp:attachment":[{"href":"https:\/\/aromasentia.com\/fr\/wp-json\/wp\/v2\/media?parent=231696"}],"wp:term":[{"taxonomy":"product_brand","embeddable":true,"href":"https:\/\/aromasentia.com\/fr\/wp-json\/wp\/v2\/product_brand?post=231696"},{"taxonomy":"product_cat","embeddable":true,"href":"https:\/\/aromasentia.com\/fr\/wp-json\/wp\/v2\/product_cat?post=231696"},{"taxonomy":"product_tag","embeddable":true,"href":"https:\/\/aromasentia.com\/fr\/wp-json\/wp\/v2\/product_tag?post=231696"}],"curies":[{"name":"wp","href":"https:\/\/api.w.org\/{rel}","templated":true}]}}