{"id":231668,"date":"2025-03-22T13:30:39","date_gmt":"2025-03-22T13:30:39","guid":{"rendered":"https:\/\/aromasentia.com\/product\/cone-silver-ring-asst\/"},"modified":"2025-06-23T18:51:10","modified_gmt":"2025-06-23T18:51:10","slug":"pendules-cone-et-argent-assortiment","status":"publish","type":"product","link":"https:\/\/aromasentia.com\/fr\/pendules-cone-et-argent-assortiment\/","title":{"rendered":"Pendules Cone et Argent &#8211; Assortiment"},"content":{"rendered":"<p>On pense que la radiesth\u00e9sie existe depuis plus de six mille ans. Les \u00c9gyptiens et les Chinois \u00e9taient les premiers praticiens._x000D_<br \/>\nLa radiesth\u00e9sie peut \u00eatre effectu\u00e9e de plusieurs fa\u00e7ons et pour toutes sortes de fins, comme pour trouver de l&rsquo;eau, des min\u00e9raux, des personnes disparues et m\u00eame des objets perdus. C\u2019est \u00e9galement utilis\u00e9 dans le domaine de la gu\u00e9rison et de la divination._x000D_<br \/>\nCes pendules en cristal sont uniques ; nous vous proposons diff\u00e9rentes coupes et diff\u00e9rentes type de pierres, pour des \u00e9nergies diff\u00e9rentes._x000D_<br \/>\nLes pendules sont au bout d\u2019une chaine en argent, et ont une perle pr\u00e9cieuse faite en pierre \u00e0 l\u2019autre extr\u00e9mit\u00e9 &#8211; ils ont vraiment quelque chose de magique. Id\u00e9al pour radiesth\u00e9sie et divination. Chaque lot est compos\u00e9 de pendentifs de formes diff\u00e9rentes._x000D_<br \/>\n<br \/>_x000D_<br \/>\nVoir aussi notre gamme de pendules en pierres pr\u00e9cieuses._x000D_<br \/>\n<br \/>_x000D_<br \/>\nMERCI DE NOTEZ -_x000D_<br \/>\nCertains de ces balanciers sont faits \u00e0 la main \u00e0 partir de produit naturel. En raison de cela, les tailles des morceaux de pierres pr\u00e9cieuses peuvent varier._x000D_<br \/>\nLes lots d\u00e9pendent du niveau de stock actuel._x000D_<br \/>\nL\u2019assortiment des pendules dans un lot est fait au hasard donc vous pouvez en recevoir un en double.<\/p>\n","protected":false},"excerpt":{"rendered":"<p>On pense que la radiesth\u00e9sie existe depuis plus de six mille ans. Les \u00c9gyptiens et les Chinois \u00e9taient les premiers praticiens._x000D_ La radiesth\u00e9sie peut \u00eatre effectu\u00e9e de plusieurs fa\u00e7ons et pour toutes sortes de fins, comme pour trouver de l&rsquo;eau, des min\u00e9raux, des personnes disparues et m\u00eame des objets perdus. C\u2019est \u00e9galement utilis\u00e9 dans le [&hellip;]<\/p>\n","protected":false},"featured_media":347027,"comment_status":"closed","ping_status":"open","template":"","meta":{"_angie_page":false},"product_brand":[],"product_cat":[17264,19073],"product_tag":[],"class_list":{"0":"post-231668","1":"product","2":"type-product","3":"status-publish","4":"has-post-thumbnail","6":"product_cat-cadeaux-esoterique","7":"product_cat-pendentifs-pendules-et-jeu-de-runes","8":"pa_collection-special-pendulums-fr","9":"pa_made-in-inde","11":"first","12":"instock","13":"purchasable","14":"product-type-simple"},"supplier_id":null,"supplier_sku":"SpecMP-42","barcode":null,"atum_controlled":true,"out_stock_date":null,"out_stock_threshold":null,"inheritable":false,"inbound_stock":null,"stock_on_hold":0,"sold_today":0,"sales_last_days":0,"reserved_stock":null,"customer_returns":null,"warehouse_damage":null,"lost_in_post":null,"other_logs":null,"out_stock_days":0,"lost_sales":0,"has_location":null,"update_date":"2026-04-27T07:22:47","atum_locations":[],"atum_stock_status":"instock","restock_status":false,"low_stock_amount":"","sales_update_date":"2026-02-06T00:02:41","calc_backorders":null,"_links":{"self":[{"href":"https:\/\/aromasentia.com\/fr\/wp-json\/wp\/v2\/product\/231668","targetHints":{"allow":["GET"]}}],"collection":[{"href":"https:\/\/aromasentia.com\/fr\/wp-json\/wp\/v2\/product"}],"about":[{"href":"https:\/\/aromasentia.com\/fr\/wp-json\/wp\/v2\/types\/product"}],"replies":[{"embeddable":true,"href":"https:\/\/aromasentia.com\/fr\/wp-json\/wp\/v2\/comments?post=231668"}],"version-history":[{"count":0,"href":"https:\/\/aromasentia.com\/fr\/wp-json\/wp\/v2\/product\/231668\/revisions"}],"wp:featuredmedia":[{"embeddable":true,"href":"https:\/\/aromasentia.com\/fr\/wp-json\/wp\/v2\/media\/347027"}],"wp:attachment":[{"href":"https:\/\/aromasentia.com\/fr\/wp-json\/wp\/v2\/media?parent=231668"}],"wp:term":[{"taxonomy":"product_brand","embeddable":true,"href":"https:\/\/aromasentia.com\/fr\/wp-json\/wp\/v2\/product_brand?post=231668"},{"taxonomy":"product_cat","embeddable":true,"href":"https:\/\/aromasentia.com\/fr\/wp-json\/wp\/v2\/product_cat?post=231668"},{"taxonomy":"product_tag","embeddable":true,"href":"https:\/\/aromasentia.com\/fr\/wp-json\/wp\/v2\/product_tag?post=231668"}],"curies":[{"name":"wp","href":"https:\/\/api.w.org\/{rel}","templated":true}]}}