{"id":231648,"date":"2025-03-22T13:30:47","date_gmt":"2025-03-22T13:30:47","guid":{"rendered":"https:\/\/aromasentia.com\/product\/pack-of-24-bloodstone-l-b-grade\/"},"modified":"2025-06-23T18:51:08","modified_gmt":"2025-06-23T18:51:08","slug":"pack-of-24-bloodstone-l-b-grade","status":"publish","type":"product","link":"https:\/\/aromasentia.com\/fr\/pack-of-24-bloodstone-l-b-grade\/","title":{"rendered":"Pack of 24 Bloodstone L (B grade)"},"content":{"rendered":"<p>Boostez votre vitalit\u00e9 avec ce lot de 24 pierres de sang (qualit\u00e9 B). Cet ensemble comprend vingt-quatre grandes pierres de sang (qualit\u00e9 B), avec une calc\u00e9doine vert fonc\u00e9 et des taches de jaspe rouge. Puissante pierre de gu\u00e9rison et de protection, la pierre de sang est cens\u00e9e purifier l&rsquo;\u00e9nergie, stimuler le courage et accro\u00eetre la vitalit\u00e9. Id\u00e9ales \u00e0 porter sur soi pour la force, pour les grilles substantielles, ou pendant les p\u00e9riodes n\u00e9cessitant de la r\u00e9silience, ces pierres offrent un soutien \u00e9nerg\u00e9tique puissant, bien que l\u00e9g\u00e8rement d\u00e9fectueux.<\/p>\n","protected":false},"excerpt":{"rendered":"<p>Boostez votre vitalit\u00e9 avec ce lot de 24 pierres de sang (qualit\u00e9 B). Cet ensemble comprend vingt-quatre grandes pierres de sang (qualit\u00e9 B), avec une calc\u00e9doine vert fonc\u00e9 et des taches de jaspe rouge. Puissante pierre de gu\u00e9rison et de protection, la pierre de sang est cens\u00e9e purifier l&rsquo;\u00e9nergie, stimuler le courage et accro\u00eetre la [&hellip;]<\/p>\n","protected":false},"featured_media":348221,"comment_status":"closed","ping_status":"open","template":"","meta":{"_angie_page":false},"product_brand":[],"product_cat":[17264,25565,25226,18938],"product_tag":[],"class_list":{"0":"post-231648","1":"product","2":"type-product","3":"status-publish","4":"has-post-thumbnail","6":"product_cat-cadeaux-esoterique","7":"product_cat-pierre-de-sang","8":"product_cat-pierres-et-mineraux","9":"product_cat-pierres-roulees","10":"pa_collection-large-tumble-stones-fr","11":"pa_made-in-inde","13":"first","14":"instock","15":"purchasable","16":"product-type-simple"},"supplier_id":null,"supplier_sku":"Tbm-20B","barcode":null,"atum_controlled":true,"out_stock_date":null,"out_stock_threshold":null,"inheritable":false,"inbound_stock":null,"stock_on_hold":0,"sold_today":0,"sales_last_days":0,"reserved_stock":null,"customer_returns":null,"warehouse_damage":null,"lost_in_post":null,"other_logs":null,"out_stock_days":0,"lost_sales":0,"has_location":null,"update_date":"2026-04-27T07:24:00","atum_locations":[],"atum_stock_status":"instock","restock_status":false,"low_stock_amount":"","sales_update_date":"2026-01-30T01:24:28","calc_backorders":null,"_links":{"self":[{"href":"https:\/\/aromasentia.com\/fr\/wp-json\/wp\/v2\/product\/231648","targetHints":{"allow":["GET"]}}],"collection":[{"href":"https:\/\/aromasentia.com\/fr\/wp-json\/wp\/v2\/product"}],"about":[{"href":"https:\/\/aromasentia.com\/fr\/wp-json\/wp\/v2\/types\/product"}],"replies":[{"embeddable":true,"href":"https:\/\/aromasentia.com\/fr\/wp-json\/wp\/v2\/comments?post=231648"}],"version-history":[{"count":0,"href":"https:\/\/aromasentia.com\/fr\/wp-json\/wp\/v2\/product\/231648\/revisions"}],"wp:featuredmedia":[{"embeddable":true,"href":"https:\/\/aromasentia.com\/fr\/wp-json\/wp\/v2\/media\/348221"}],"wp:attachment":[{"href":"https:\/\/aromasentia.com\/fr\/wp-json\/wp\/v2\/media?parent=231648"}],"wp:term":[{"taxonomy":"product_brand","embeddable":true,"href":"https:\/\/aromasentia.com\/fr\/wp-json\/wp\/v2\/product_brand?post=231648"},{"taxonomy":"product_cat","embeddable":true,"href":"https:\/\/aromasentia.com\/fr\/wp-json\/wp\/v2\/product_cat?post=231648"},{"taxonomy":"product_tag","embeddable":true,"href":"https:\/\/aromasentia.com\/fr\/wp-json\/wp\/v2\/product_tag?post=231648"}],"curies":[{"name":"wp","href":"https:\/\/api.w.org\/{rel}","templated":true}]}}