{"id":231612,"date":"2025-03-22T13:30:47","date_gmt":"2025-03-22T13:30:47","guid":{"rendered":"https:\/\/aromasentia.com\/product\/pack-of-24-l-tumble-stones-hematite\/"},"modified":"2025-06-23T18:51:04","modified_gmt":"2025-06-23T18:51:04","slug":"larges-pierres-roulees-hematite-l","status":"publish","type":"product","link":"https:\/\/aromasentia.com\/fr\/larges-pierres-roulees-hematite-l\/","title":{"rendered":"Larges Pierres Roul\u00e9es &#8211; Hematite  L"},"content":{"rendered":"<p>L&rsquo;h\u00e9matite est un cristal compos\u00e9 d&rsquo;oxyde de fer. La pierre a souvent un aspect m\u00e9tallique en raison de sa teneur en fer.&nbsp;<\/p>\n<p>La couleur la plus populaire est le noir, mais elle existe aussi en brun, brun rouge\u00e2tre, gris ou argent. L&rsquo;h\u00e9matite est une pierre id\u00e9ale pour le feng shui. L&rsquo;h\u00e9matite est utilis\u00e9e depuis des milliers d&rsquo;ann\u00e9es.&nbsp;<\/p>\n<p>L&rsquo;une de ses principales utilisations est la protection contre les saignements excessifs.&nbsp;<\/p>\n<p>L&rsquo;h\u00e9matite est \u00e9galement consid\u00e9r\u00e9e comme une pierre de confiance.&nbsp;<\/p>\n<p><em><strong>Ces pierres pr\u00e9cieuses sont emball\u00e9es dans un sachet et mesurent environ 30-40 mm par pierre.<\/strong><\/em><\/p>\n","protected":false},"excerpt":{"rendered":"<p>L&rsquo;h\u00e9matite est un cristal compos\u00e9 d&rsquo;oxyde de fer. La pierre a souvent un aspect m\u00e9tallique en raison de sa teneur en fer.&nbsp; La couleur la plus populaire est le noir, mais elle existe aussi en brun, brun rouge\u00e2tre, gris ou argent. L&rsquo;h\u00e9matite est une pierre id\u00e9ale pour le feng shui. L&rsquo;h\u00e9matite est utilis\u00e9e depuis des [&hellip;]<\/p>\n","protected":false},"featured_media":348084,"comment_status":"closed","ping_status":"open","template":"","meta":{"_angie_page":false},"product_brand":[],"product_cat":[17264,25620,25226,18938],"product_tag":[],"class_list":{"0":"post-231612","1":"product","2":"type-product","3":"status-publish","4":"has-post-thumbnail","6":"product_cat-cadeaux-esoterique","7":"product_cat-hematite","8":"product_cat-pierres-et-mineraux","9":"product_cat-pierres-roulees","10":"pa_collection-large-tumble-stones-fr","11":"pa_made-in-bresil","13":"first","14":"instock","15":"purchasable","16":"product-type-simple"},"supplier_id":null,"supplier_sku":"TBm-21","barcode":null,"atum_controlled":true,"out_stock_date":null,"out_stock_threshold":null,"inheritable":false,"inbound_stock":null,"stock_on_hold":0,"sold_today":0,"sales_last_days":0,"reserved_stock":null,"customer_returns":null,"warehouse_damage":null,"lost_in_post":null,"other_logs":null,"out_stock_days":0,"lost_sales":0,"has_location":null,"update_date":"2026-04-27T07:24:00","atum_locations":[],"atum_stock_status":"instock","restock_status":false,"low_stock_amount":"","sales_update_date":"2026-02-06T00:01:52","calc_backorders":null,"_links":{"self":[{"href":"https:\/\/aromasentia.com\/fr\/wp-json\/wp\/v2\/product\/231612","targetHints":{"allow":["GET"]}}],"collection":[{"href":"https:\/\/aromasentia.com\/fr\/wp-json\/wp\/v2\/product"}],"about":[{"href":"https:\/\/aromasentia.com\/fr\/wp-json\/wp\/v2\/types\/product"}],"replies":[{"embeddable":true,"href":"https:\/\/aromasentia.com\/fr\/wp-json\/wp\/v2\/comments?post=231612"}],"version-history":[{"count":0,"href":"https:\/\/aromasentia.com\/fr\/wp-json\/wp\/v2\/product\/231612\/revisions"}],"wp:featuredmedia":[{"embeddable":true,"href":"https:\/\/aromasentia.com\/fr\/wp-json\/wp\/v2\/media\/348084"}],"wp:attachment":[{"href":"https:\/\/aromasentia.com\/fr\/wp-json\/wp\/v2\/media?parent=231612"}],"wp:term":[{"taxonomy":"product_brand","embeddable":true,"href":"https:\/\/aromasentia.com\/fr\/wp-json\/wp\/v2\/product_brand?post=231612"},{"taxonomy":"product_cat","embeddable":true,"href":"https:\/\/aromasentia.com\/fr\/wp-json\/wp\/v2\/product_cat?post=231612"},{"taxonomy":"product_tag","embeddable":true,"href":"https:\/\/aromasentia.com\/fr\/wp-json\/wp\/v2\/product_tag?post=231612"}],"curies":[{"name":"wp","href":"https:\/\/api.w.org\/{rel}","templated":true}]}}