{"id":231608,"date":"2025-03-22T13:30:47","date_gmt":"2025-03-22T13:30:47","guid":{"rendered":"https:\/\/aromasentia.com\/product\/pack-of-24-l-tumble-stones-prehnite\/"},"modified":"2025-06-23T18:51:03","modified_gmt":"2025-06-23T18:51:03","slug":"larges-pierres-roulees-prehnite","status":"publish","type":"product","link":"https:\/\/aromasentia.com\/fr\/larges-pierres-roulees-prehnite\/","title":{"rendered":"Larges Pierres Roul\u00e9es &#8211; Prehnite"},"content":{"rendered":"<p>Les pierres pr\u00e9cieuses font partie de nombreuses cultures anciennes, souvent consid\u00e9r\u00e9es comme un talisman ou un symbole de chance ou de fortune.&nbsp;<\/p>\n<p>Depuis des milliers d&rsquo;ann\u00e9es, elles sont transform\u00e9es en bagues, bracelets, amulettes, broches et pendentifs pour capturer leur magie.&nbsp;<\/p>\n<p><strong><span style=\"color: rgb(75, 80, 88);\">Pouvoirs de la sagesse antique de la prehnite : Concentration et abondance&nbsp;<\/span><\/strong><\/p>\n<p>La prehnite est consid\u00e9r\u00e9e comme la pierre de l&rsquo;amour inconditionnel et le cristal qui gu\u00e9rit le gu\u00e9risseur. Elle am\u00e9liore la pr\u00e9cognition et la connaissance int\u00e9rieure. On pense qu&rsquo;elle calme l&rsquo;environnement et apporte la paix et la protection. On dit aussi qu&rsquo;elle aide \u00e0 se connecter avec les esprits de la nature. C&rsquo;est une pierre du chakra du c\u0153ur et elle est utilis\u00e9e dans la gu\u00e9rison par les cristaux. Une th\u00e9orie populaire veut que les pierres pr\u00e9cieuses contiennent de l&rsquo;\u00e9nergie vibratoire.&nbsp;<\/p>\n<p>En pla&ccedil;ant des pierres pr\u00e9cieuses dans l&rsquo;aura d&rsquo;une personne, il est possible de modifier les vibrations de cette aura.&nbsp;<\/p>\n<p>Les Larges Pierres Pr\u00e9cieuses Roul\u00e9es &#8211; Pr\u00e9hnite sont de magnifiques mat\u00e9riaux naturels auxquels on a donn\u00e9 une forme agr\u00e9able et un brillant. Attrayantes, int\u00e9ressantes et amusantes \u00e0 collectionner, elles se vendent bien !&nbsp;<\/p>\n<p>Ces pierres sont emball\u00e9es dans un sac de 24 pierres et mesurent environ 20 mm &#8211; 30 mm par pierre. Il s&rsquo;agit de la taille de collection la plus populaire.&nbsp;<\/p>\n<p>Une bonne pr\u00e9sentation dans une boutique de cadeaux ou d&rsquo;artisanat g\u00e9n\u00e8re toujours des ventes.<\/p>\n","protected":false},"excerpt":{"rendered":"<p>Les pierres pr\u00e9cieuses font partie de nombreuses cultures anciennes, souvent consid\u00e9r\u00e9es comme un talisman ou un symbole de chance ou de fortune.&nbsp; Depuis des milliers d&rsquo;ann\u00e9es, elles sont transform\u00e9es en bagues, bracelets, amulettes, broches et pendentifs pour capturer leur magie.&nbsp; Pouvoirs de la sagesse antique de la prehnite : Concentration et abondance&nbsp; La prehnite est [&hellip;]<\/p>\n","protected":false},"featured_media":348067,"comment_status":"closed","ping_status":"open","template":"","meta":{"_angie_page":false},"product_brand":[],"product_cat":[17264,25226,18938,25718],"product_tag":[],"class_list":{"0":"post-231608","1":"product","2":"type-product","3":"status-publish","4":"has-post-thumbnail","6":"product_cat-cadeaux-esoterique","7":"product_cat-pierres-et-mineraux","8":"product_cat-pierres-roulees","9":"product_cat-prehnite","10":"pa_collection-large-tumble-stones-fr","11":"pa_made-in-afrique-du-sud","13":"first","14":"instock","15":"purchasable","16":"product-type-simple"},"supplier_id":null,"supplier_sku":"TBm-53","barcode":null,"atum_controlled":true,"out_stock_date":null,"out_stock_threshold":null,"inheritable":false,"inbound_stock":null,"stock_on_hold":0,"sold_today":0,"sales_last_days":0,"reserved_stock":null,"customer_returns":null,"warehouse_damage":null,"lost_in_post":null,"other_logs":null,"out_stock_days":0,"lost_sales":0,"has_location":null,"update_date":"2026-04-27T07:24:00","atum_locations":[],"atum_stock_status":"instock","restock_status":false,"low_stock_amount":"","sales_update_date":"2026-02-06T00:01:29","calc_backorders":null,"_links":{"self":[{"href":"https:\/\/aromasentia.com\/fr\/wp-json\/wp\/v2\/product\/231608","targetHints":{"allow":["GET"]}}],"collection":[{"href":"https:\/\/aromasentia.com\/fr\/wp-json\/wp\/v2\/product"}],"about":[{"href":"https:\/\/aromasentia.com\/fr\/wp-json\/wp\/v2\/types\/product"}],"replies":[{"embeddable":true,"href":"https:\/\/aromasentia.com\/fr\/wp-json\/wp\/v2\/comments?post=231608"}],"version-history":[{"count":0,"href":"https:\/\/aromasentia.com\/fr\/wp-json\/wp\/v2\/product\/231608\/revisions"}],"wp:featuredmedia":[{"embeddable":true,"href":"https:\/\/aromasentia.com\/fr\/wp-json\/wp\/v2\/media\/348067"}],"wp:attachment":[{"href":"https:\/\/aromasentia.com\/fr\/wp-json\/wp\/v2\/media?parent=231608"}],"wp:term":[{"taxonomy":"product_brand","embeddable":true,"href":"https:\/\/aromasentia.com\/fr\/wp-json\/wp\/v2\/product_brand?post=231608"},{"taxonomy":"product_cat","embeddable":true,"href":"https:\/\/aromasentia.com\/fr\/wp-json\/wp\/v2\/product_cat?post=231608"},{"taxonomy":"product_tag","embeddable":true,"href":"https:\/\/aromasentia.com\/fr\/wp-json\/wp\/v2\/product_tag?post=231608"}],"curies":[{"name":"wp","href":"https:\/\/api.w.org\/{rel}","templated":true}]}}