{"id":231604,"date":"2025-03-22T13:30:47","date_gmt":"2025-03-22T13:30:47","guid":{"rendered":"https:\/\/aromasentia.com\/product\/pack-of-24-l-tumble-stone-blue-tiger-eye\/"},"modified":"2025-06-23T18:51:01","modified_gmt":"2025-06-23T18:51:01","slug":"larges-pierres-roulees-oeil-de-tigre-bleu","status":"publish","type":"product","link":"https:\/\/aromasentia.com\/fr\/larges-pierres-roulees-oeil-de-tigre-bleu\/","title":{"rendered":"Larges Pierres Roul\u00e9es &#8211; Oeil de Tigre Bleu"},"content":{"rendered":"<\/p>\n<p>Voici l&rsquo;unique vari\u00e9t\u00e9 d&rsquo;\u0153il de tigre aux d\u00e9licats reflets bleus. Il est fragile et d\u00e9licat, opaque et appartient \u00e0 des min\u00e9raux tr\u00e8s rares.<\/p>\n<p>L&rsquo;oeil de tigre bleu est consid\u00e9r\u00e9 comme une pierre pour les personnes n\u00e9vros\u00e9es et souvent stress\u00e9es. Il a un effet calmant, r\u00e9ducteur ou m\u00eame anti-stress.<\/p>\n<p><strong>Ces pierres pr\u00e9cieuses sont emball\u00e9es dans des sachets de 24 et mesurent approximativement 20-30mm par pierre.<\/strong><\/p>\n","protected":false},"excerpt":{"rendered":"<p>Voici l&rsquo;unique vari\u00e9t\u00e9 d&rsquo;\u0153il de tigre aux d\u00e9licats reflets bleus. Il est fragile et d\u00e9licat, opaque et appartient \u00e0 des min\u00e9raux tr\u00e8s rares. L&rsquo;oeil de tigre bleu est consid\u00e9r\u00e9 comme une pierre pour les personnes n\u00e9vros\u00e9es et souvent stress\u00e9es. Il a un effet calmant, r\u00e9ducteur ou m\u00eame anti-stress. Ces pierres pr\u00e9cieuses sont emball\u00e9es dans des [&hellip;]<\/p>\n","protected":false},"featured_media":330981,"comment_status":"closed","ping_status":"open","template":"","meta":{"_angie_page":false},"product_brand":[],"product_cat":[17264,25786,25226,18938],"product_tag":[],"class_list":{"0":"post-231604","1":"product","2":"type-product","3":"status-publish","4":"has-post-thumbnail","6":"product_cat-cadeaux-esoterique","7":"product_cat-oeil-de-tigre","8":"product_cat-pierres-et-mineraux","9":"product_cat-pierres-roulees","10":"pa_collection-large-tumble-stones-fr","11":"pa_made-in-afrique-du-sud","13":"first","14":"outofstock","15":"purchasable","16":"product-type-simple"},"supplier_id":null,"supplier_sku":"TBm-48","barcode":null,"atum_controlled":true,"out_stock_date":"2025-09-05 16:25:31","out_stock_threshold":null,"inheritable":false,"inbound_stock":null,"stock_on_hold":0,"sold_today":0,"sales_last_days":0,"reserved_stock":null,"customer_returns":null,"warehouse_damage":null,"lost_in_post":null,"other_logs":null,"out_stock_days":0,"lost_sales":0,"has_location":null,"update_date":"2026-04-27T07:24:00","atum_locations":[],"atum_stock_status":"outofstock","restock_status":false,"low_stock_amount":"","sales_update_date":"2025-09-05T00:26:28","calc_backorders":null,"_links":{"self":[{"href":"https:\/\/aromasentia.com\/fr\/wp-json\/wp\/v2\/product\/231604","targetHints":{"allow":["GET"]}}],"collection":[{"href":"https:\/\/aromasentia.com\/fr\/wp-json\/wp\/v2\/product"}],"about":[{"href":"https:\/\/aromasentia.com\/fr\/wp-json\/wp\/v2\/types\/product"}],"replies":[{"embeddable":true,"href":"https:\/\/aromasentia.com\/fr\/wp-json\/wp\/v2\/comments?post=231604"}],"version-history":[{"count":0,"href":"https:\/\/aromasentia.com\/fr\/wp-json\/wp\/v2\/product\/231604\/revisions"}],"wp:featuredmedia":[{"embeddable":true,"href":"https:\/\/aromasentia.com\/fr\/wp-json\/wp\/v2\/media\/330981"}],"wp:attachment":[{"href":"https:\/\/aromasentia.com\/fr\/wp-json\/wp\/v2\/media?parent=231604"}],"wp:term":[{"taxonomy":"product_brand","embeddable":true,"href":"https:\/\/aromasentia.com\/fr\/wp-json\/wp\/v2\/product_brand?post=231604"},{"taxonomy":"product_cat","embeddable":true,"href":"https:\/\/aromasentia.com\/fr\/wp-json\/wp\/v2\/product_cat?post=231604"},{"taxonomy":"product_tag","embeddable":true,"href":"https:\/\/aromasentia.com\/fr\/wp-json\/wp\/v2\/product_tag?post=231604"}],"curies":[{"name":"wp","href":"https:\/\/api.w.org\/{rel}","templated":true}]}}