{"id":231596,"date":"2025-03-22T13:30:47","date_gmt":"2025-03-22T13:30:47","guid":{"rendered":"https:\/\/aromasentia.com\/product\/pack-of-24-l-tumble-stones-rock-crystal\/"},"modified":"2025-06-23T18:51:00","modified_gmt":"2025-06-23T18:51:00","slug":"larges-pierres-roulees-cristal-de-roche","status":"publish","type":"product","link":"https:\/\/aromasentia.com\/fr\/larges-pierres-roulees-cristal-de-roche\/","title":{"rendered":"Larges Pierres Roul\u00e9es &#8211; Cristal de Roche"},"content":{"rendered":"<p>Les pierres pr\u00e9cieuses font partie de nombreuses cultures anciennes, souvent consid\u00e9r\u00e9es comme un talisman ou un symbole de chance ou de fortune. Pendant des milliers d&rsquo;ann\u00e9es, ils ont \u00e9t\u00e9 transform\u00e9s en bagues, bracelets, amulettes, broches et pendentifs pour capturer leur magie.&nbsp;<\/p>\n<p><strong><span style=\"color: rgb(75, 80, 88);\">Pouvoirs de sagesse ancienne du cristal de roche : harmonie et croissance <\/span><\/strong><\/p>\n<p>Une th\u00e9orie populaire est que les pierres pr\u00e9cieuses contiennent de l&rsquo;\u00e9nergie vibratoire.&nbsp;<\/p>\n<p>En pla&ccedil;ant des pierres pr\u00e9cieuses dans l&rsquo;aura d&rsquo;une personne, il est possible de modifier les vibrations de cette aura.&nbsp;<\/p>\n<p>Vente en gros de pierres s\u00e8ches &#8211; Rock Crystal L (grade A) sont de beaux mat\u00e9riaux naturels qui ont re&ccedil;u une forme agr\u00e9able et un poli brillant. Attrayants, int\u00e9ressants et amusants \u00e0 collectionner, ils se vendent certainement bien !&nbsp;<\/p>\n<p>Ces Pierres Pr\u00e9cieuses Roul\u00e9es sont emball\u00e9es dans des sacs de 24 et mesurent environ 20 mm \u00e0 30 mm par pierre. C&rsquo;est la taille de collection la plus populaire.&nbsp;<\/p>\n<p><strong><span style=\"color: rgb(141, 186, 216);\">Un bon pr\u00e9sentoir dans une boutique de cadeaux ou une boutique d&rsquo;artisanat g\u00e9n\u00e9rera toujours des ventes.<\/span><\/strong><\/p>\n","protected":false},"excerpt":{"rendered":"<p>Les pierres pr\u00e9cieuses font partie de nombreuses cultures anciennes, souvent consid\u00e9r\u00e9es comme un talisman ou un symbole de chance ou de fortune. Pendant des milliers d&rsquo;ann\u00e9es, ils ont \u00e9t\u00e9 transform\u00e9s en bagues, bracelets, amulettes, broches et pendentifs pour capturer leur magie.&nbsp; Pouvoirs de sagesse ancienne du cristal de roche : harmonie et croissance Une th\u00e9orie [&hellip;]<\/p>\n","protected":false},"featured_media":347960,"comment_status":"closed","ping_status":"open","template":"","meta":{"_angie_page":false},"product_brand":[],"product_cat":[17264,25742,25226,18938],"product_tag":[],"class_list":{"0":"post-231596","1":"product","2":"type-product","3":"status-publish","4":"has-post-thumbnail","6":"product_cat-cadeaux-esoterique","7":"product_cat-cristal-de-roche","8":"product_cat-pierres-et-mineraux","9":"product_cat-pierres-roulees","10":"pa_collection-large-tumble-stones-fr","11":"pa_made-in-bresil","13":"first","14":"instock","15":"purchasable","16":"product-type-simple"},"supplier_id":null,"supplier_sku":"TBm-14","barcode":null,"atum_controlled":true,"out_stock_date":null,"out_stock_threshold":null,"inheritable":false,"inbound_stock":null,"stock_on_hold":0,"sold_today":0,"sales_last_days":0,"reserved_stock":null,"customer_returns":null,"warehouse_damage":null,"lost_in_post":null,"other_logs":null,"out_stock_days":0,"lost_sales":0,"has_location":null,"update_date":"2026-04-27T07:24:00","atum_locations":[],"atum_stock_status":"instock","restock_status":false,"low_stock_amount":"","sales_update_date":"2025-09-05T00:26:28","calc_backorders":null,"_links":{"self":[{"href":"https:\/\/aromasentia.com\/fr\/wp-json\/wp\/v2\/product\/231596","targetHints":{"allow":["GET"]}}],"collection":[{"href":"https:\/\/aromasentia.com\/fr\/wp-json\/wp\/v2\/product"}],"about":[{"href":"https:\/\/aromasentia.com\/fr\/wp-json\/wp\/v2\/types\/product"}],"replies":[{"embeddable":true,"href":"https:\/\/aromasentia.com\/fr\/wp-json\/wp\/v2\/comments?post=231596"}],"version-history":[{"count":0,"href":"https:\/\/aromasentia.com\/fr\/wp-json\/wp\/v2\/product\/231596\/revisions"}],"wp:featuredmedia":[{"embeddable":true,"href":"https:\/\/aromasentia.com\/fr\/wp-json\/wp\/v2\/media\/347960"}],"wp:attachment":[{"href":"https:\/\/aromasentia.com\/fr\/wp-json\/wp\/v2\/media?parent=231596"}],"wp:term":[{"taxonomy":"product_brand","embeddable":true,"href":"https:\/\/aromasentia.com\/fr\/wp-json\/wp\/v2\/product_brand?post=231596"},{"taxonomy":"product_cat","embeddable":true,"href":"https:\/\/aromasentia.com\/fr\/wp-json\/wp\/v2\/product_cat?post=231596"},{"taxonomy":"product_tag","embeddable":true,"href":"https:\/\/aromasentia.com\/fr\/wp-json\/wp\/v2\/product_tag?post=231596"}],"curies":[{"name":"wp","href":"https:\/\/api.w.org\/{rel}","templated":true}]}}