{"id":231592,"date":"2025-03-22T13:30:47","date_gmt":"2025-03-22T13:30:47","guid":{"rendered":"https:\/\/aromasentia.com\/product\/pack-of-24-l-tumble-stone-rose-quartz\/"},"modified":"2025-06-23T18:51:00","modified_gmt":"2025-06-23T18:51:00","slug":"larges-pierres-roulees-quartz-rose","status":"publish","type":"product","link":"https:\/\/aromasentia.com\/fr\/larges-pierres-roulees-quartz-rose\/","title":{"rendered":"Larges Pierres Roul\u00e9es &#8211; Quartz &#8211; Rose"},"content":{"rendered":"<p>Les pierres pr\u00e9cieuses font partie de nombreuses cultures anciennes, souvent consid\u00e9r\u00e9es comme un talisman ou un symbole de chance ou de fortune. Depuis des milliers d&rsquo;ann\u00e9es, elles sont transform\u00e9es en bagues, bracelets, amulettes, broches et pendentifs pour capturer leur magie.&nbsp;<\/p>\n<p><strong><span style=\"color: rgb(255, 192, 203);\">Anciens pouvoirs de sagesse du quartz rose : Amour et r\u00e9conciliation&nbsp;<\/span><\/strong><\/p>\n<p>Le quartz rose est \u00e9galement souvent utilis\u00e9 dans les pratiques de m\u00e9ditation et de gu\u00e9rison \u00e9nerg\u00e9tique, et on dit qu&rsquo;il aide \u00e0 dormir et \u00e0 lutter contre l&rsquo;insomnie. C&rsquo;est une pierre tr\u00e8s populaire dans l&rsquo;industrie de la bijouterie et on peut la trouver sous de nombreuses formes, elle est \u00e9galement utilis\u00e9e pour d\u00e9corer l&rsquo;int\u00e9rieur des pi\u00e8ces. Une th\u00e9orie populaire veut que les pierres pr\u00e9cieuses contiennent de l&rsquo;\u00e9nergie vibratoire. En pla&ccedil;ant des pierres pr\u00e9cieuses dans l&rsquo;aura d&rsquo;une personne, il est possible de modifier les vibrations de cette aura.&nbsp;<\/p>\n<p>Les Larges Pierres Roul\u00e9es &#8211; Quartz &#8211; Rose sont de magnifiques mat\u00e9riaux naturels auxquels on a donn\u00e9 une forme agr\u00e9able et un brillant. Attrayantes, int\u00e9ressantes et amusantes \u00e0 collectionner, elles se vendent bien !&nbsp;<\/p>\n<p>Ces pierres sont emball\u00e9es dans un sac d&rsquo;environ 24 pierres et mesurent environ 30 mm &#8211; 50 mm par pierre. C&rsquo;est l&rsquo;une des tailles de collection les plus populaires.&nbsp;<\/p>\n<p>Une bonne pr\u00e9sentation dans une boutique de cadeaux ou d&rsquo;artisanat g\u00e9n\u00e8re toujours des ventes.<\/p>\n","protected":false},"excerpt":{"rendered":"<p>Les pierres pr\u00e9cieuses font partie de nombreuses cultures anciennes, souvent consid\u00e9r\u00e9es comme un talisman ou un symbole de chance ou de fortune. Depuis des milliers d&rsquo;ann\u00e9es, elles sont transform\u00e9es en bagues, bracelets, amulettes, broches et pendentifs pour capturer leur magie.&nbsp; Anciens pouvoirs de sagesse du quartz rose : Amour et r\u00e9conciliation&nbsp; Le quartz rose est [&hellip;]<\/p>\n","protected":false},"featured_media":330972,"comment_status":"closed","ping_status":"open","template":"","meta":{"_angie_page":false},"product_brand":[],"product_cat":[17264,25226,18938,25732,25751],"product_tag":[],"class_list":{"0":"post-231592","1":"product","2":"type-product","3":"status-publish","4":"has-post-thumbnail","6":"product_cat-cadeaux-esoterique","7":"product_cat-pierres-et-mineraux","8":"product_cat-pierres-roulees","9":"product_cat-quartz","10":"product_cat-quartz-rose","11":"pa_collection-large-tumble-stones-fr","12":"pa_made-in-namibie","14":"first","15":"instock","16":"purchasable","17":"product-type-simple"},"supplier_id":null,"supplier_sku":"TBm-12","barcode":null,"atum_controlled":true,"out_stock_date":null,"out_stock_threshold":null,"inheritable":false,"inbound_stock":null,"stock_on_hold":0,"sold_today":0,"sales_last_days":0,"reserved_stock":null,"customer_returns":null,"warehouse_damage":null,"lost_in_post":null,"other_logs":null,"out_stock_days":0,"lost_sales":0,"has_location":null,"update_date":"2026-04-27T07:24:00","atum_locations":[],"atum_stock_status":"instock","restock_status":false,"low_stock_amount":"","sales_update_date":"2025-09-05T00:26:28","calc_backorders":null,"_links":{"self":[{"href":"https:\/\/aromasentia.com\/fr\/wp-json\/wp\/v2\/product\/231592","targetHints":{"allow":["GET"]}}],"collection":[{"href":"https:\/\/aromasentia.com\/fr\/wp-json\/wp\/v2\/product"}],"about":[{"href":"https:\/\/aromasentia.com\/fr\/wp-json\/wp\/v2\/types\/product"}],"replies":[{"embeddable":true,"href":"https:\/\/aromasentia.com\/fr\/wp-json\/wp\/v2\/comments?post=231592"}],"version-history":[{"count":0,"href":"https:\/\/aromasentia.com\/fr\/wp-json\/wp\/v2\/product\/231592\/revisions"}],"wp:featuredmedia":[{"embeddable":true,"href":"https:\/\/aromasentia.com\/fr\/wp-json\/wp\/v2\/media\/330972"}],"wp:attachment":[{"href":"https:\/\/aromasentia.com\/fr\/wp-json\/wp\/v2\/media?parent=231592"}],"wp:term":[{"taxonomy":"product_brand","embeddable":true,"href":"https:\/\/aromasentia.com\/fr\/wp-json\/wp\/v2\/product_brand?post=231592"},{"taxonomy":"product_cat","embeddable":true,"href":"https:\/\/aromasentia.com\/fr\/wp-json\/wp\/v2\/product_cat?post=231592"},{"taxonomy":"product_tag","embeddable":true,"href":"https:\/\/aromasentia.com\/fr\/wp-json\/wp\/v2\/product_tag?post=231592"}],"curies":[{"name":"wp","href":"https:\/\/api.w.org\/{rel}","templated":true}]}}