{"id":231568,"date":"2025-03-22T13:30:47","date_gmt":"2025-03-22T13:30:47","guid":{"rendered":"https:\/\/aromasentia.com\/product\/pack-of-24-l-tumble-stones-quartz-green-l\/"},"modified":"2025-06-23T18:50:57","modified_gmt":"2025-06-23T18:50:57","slug":"larges-pierres-roulees-quartz-vert","status":"publish","type":"product","link":"https:\/\/aromasentia.com\/fr\/larges-pierres-roulees-quartz-vert\/","title":{"rendered":"Larges Pierres Roul\u00e9es &#8211; Quartz Vert"},"content":{"rendered":"<p>Les pierres pr\u00e9cieuses font partie de nombreuses cultures anciennes, souvent consid\u00e9r\u00e9es comme un talisman ou un symbole de chance ou de fortune.&nbsp;<\/p>\n<p>Pendant des milliers d&rsquo;ann\u00e9es, ils ont \u00e9t\u00e9 transform\u00e9s en bagues, bracelets, amulettes, broches et pendentifs pour capturer leur magie.&nbsp;<\/p>\n<p><strong><span style=\"color: rgb(75, 80, 88);\">Pouvoirs de Sagesse Anciens du Quartz Vert : Croissance et Amour&nbsp;<\/span><\/strong><\/p>\n<p>Une th\u00e9orie populaire est que les pierres pr\u00e9cieuses contiennent de l&rsquo;\u00e9nergie vibratoire. En pla&ccedil;ant des pierres pr\u00e9cieuses dans l&rsquo;aura d&rsquo;une personne, il est possible de modifier les vibrations de cette aura.&nbsp;<\/p>\n<p>Les Pierres Pr\u00e9cieuses en gros &#8211; Quartz Vert L sont de beaux mat\u00e9riaux naturels qui ont re&ccedil;u une forme agr\u00e9able et un poli brillant. Attrayants, int\u00e9ressants et amusants \u00e0 collectionner, ils se vendent certainement bien !&nbsp;<\/p>\n<p>Ces Pierres Pr\u00e9cieuses Roul\u00e9es sont emball\u00e9es dans des sacs de 24 et mesurent environ 20 mm \u00e0 30 mm par pierre.&nbsp;<\/p>\n<p>C&rsquo;est la taille de collection la plus populaire.&nbsp;<\/p>\n<p><strong><span style=\"color: rgb(141, 186, 216);\">Un bon pr\u00e9sentoir dans une boutique de cadeaux ou une boutique d&rsquo;artisanat g\u00e9n\u00e9rera toujours des ventes.<\/span><\/strong><\/p>\n","protected":false},"excerpt":{"rendered":"<p>Les pierres pr\u00e9cieuses font partie de nombreuses cultures anciennes, souvent consid\u00e9r\u00e9es comme un talisman ou un symbole de chance ou de fortune.&nbsp; Pendant des milliers d&rsquo;ann\u00e9es, ils ont \u00e9t\u00e9 transform\u00e9s en bagues, bracelets, amulettes, broches et pendentifs pour capturer leur magie.&nbsp; Pouvoirs de Sagesse Anciens du Quartz Vert : Croissance et Amour&nbsp; Une th\u00e9orie populaire [&hellip;]<\/p>\n","protected":false},"featured_media":347793,"comment_status":"closed","ping_status":"open","template":"","meta":[],"product_brand":[],"product_cat":[17264,25226,18938,25732],"product_tag":[],"class_list":{"0":"post-231568","1":"product","2":"type-product","3":"status-publish","4":"has-post-thumbnail","6":"product_cat-cadeaux-esoterique","7":"product_cat-pierres-et-mineraux","8":"product_cat-pierres-roulees","9":"product_cat-quartz","10":"pa_collection-large-tumble-stones-fr","11":"pa_made-in-bresil","13":"first","14":"outofstock","15":"purchasable","16":"product-type-simple"},"supplier_id":null,"supplier_sku":"TBm-11","barcode":null,"atum_controlled":true,"out_stock_date":"2025-09-05 16:24:57","out_stock_threshold":null,"inheritable":false,"inbound_stock":null,"stock_on_hold":0,"sold_today":0,"sales_last_days":0,"reserved_stock":null,"customer_returns":null,"warehouse_damage":null,"lost_in_post":null,"other_logs":null,"out_stock_days":0,"lost_sales":0,"has_location":null,"update_date":"2026-02-11T18:08:49","atum_locations":[],"atum_stock_status":"outofstock","restock_status":false,"low_stock_amount":"","sales_update_date":"2025-09-05T00:26:24","calc_backorders":null,"_links":{"self":[{"href":"https:\/\/aromasentia.com\/fr\/wp-json\/wp\/v2\/product\/231568","targetHints":{"allow":["GET"]}}],"collection":[{"href":"https:\/\/aromasentia.com\/fr\/wp-json\/wp\/v2\/product"}],"about":[{"href":"https:\/\/aromasentia.com\/fr\/wp-json\/wp\/v2\/types\/product"}],"replies":[{"embeddable":true,"href":"https:\/\/aromasentia.com\/fr\/wp-json\/wp\/v2\/comments?post=231568"}],"version-history":[{"count":0,"href":"https:\/\/aromasentia.com\/fr\/wp-json\/wp\/v2\/product\/231568\/revisions"}],"wp:featuredmedia":[{"embeddable":true,"href":"https:\/\/aromasentia.com\/fr\/wp-json\/wp\/v2\/media\/347793"}],"wp:attachment":[{"href":"https:\/\/aromasentia.com\/fr\/wp-json\/wp\/v2\/media?parent=231568"}],"wp:term":[{"taxonomy":"product_brand","embeddable":true,"href":"https:\/\/aromasentia.com\/fr\/wp-json\/wp\/v2\/product_brand?post=231568"},{"taxonomy":"product_cat","embeddable":true,"href":"https:\/\/aromasentia.com\/fr\/wp-json\/wp\/v2\/product_cat?post=231568"},{"taxonomy":"product_tag","embeddable":true,"href":"https:\/\/aromasentia.com\/fr\/wp-json\/wp\/v2\/product_tag?post=231568"}],"curies":[{"name":"wp","href":"https:\/\/api.w.org\/{rel}","templated":true}]}}