{"id":231544,"date":"2025-03-22T13:30:47","date_gmt":"2025-03-22T13:30:47","guid":{"rendered":"https:\/\/aromasentia.com\/product\/pack-of-24-l-tumble-stone-amethyst-banded\/"},"modified":"2025-06-23T18:50:54","modified_gmt":"2025-06-23T18:50:54","slug":"larges-pierres-roulees-amethyste-bande","status":"publish","type":"product","link":"https:\/\/aromasentia.com\/fr\/larges-pierres-roulees-amethyste-bande\/","title":{"rendered":"Larges Pierres Roul\u00e9es- Am\u00e9thyste Bande"},"content":{"rendered":"<p>Les pierres pr\u00e9cieuses font partie de nombreuses cultures anciennes, souvent consid\u00e9r\u00e9es comme un talisman ou un symbole de chance ou de fortune. Depuis des milliers d&rsquo;ann\u00e9es, elles sont utilis\u00e9es pour fabriquer des bagues, des bracelets, des amulettes, des broches et des pendentifs afin de capturer leur magie.&nbsp;<\/p>\n<p><strong><span style=\"color: rgb(75, 80, 88);\">Pouvoirs de l&rsquo;am\u00e9thyste dans la sagesse ancienne : Calme et clart\u00e9&nbsp;<\/span><\/strong><\/p>\n<p>Les Grecs de l&rsquo;Antiquit\u00e9 portaient de l&rsquo;am\u00e9thyste et fabriquaient des r\u00e9cipients \u00e0 boire orn\u00e9s de cette pierre, car ils pensaient qu&rsquo;elle emp\u00eacherait l&rsquo;intoxication. L&rsquo;am\u00e9thyste est une pierre semi-pr\u00e9cieuse et la pierre de naissance traditionnelle du mois de f\u00e9vrier. &nbsp;<\/p>\n<p>Une th\u00e9orie populaire veut que les pierres pr\u00e9cieuses contiennent de l&rsquo;\u00e9nergie vibratoire. En pla&ccedil;ant des pierres pr\u00e9cieuses dans l&rsquo;aura d&rsquo;une personne, il est possible de modifier les vibrations de cette aura.&nbsp;<\/p>\n<p>Les Larges Pierres Roul\u00e9es Am\u00e9thyste sont de magnifiques mat\u00e9riaux naturels auxquels on a donn\u00e9 une forme agr\u00e9able et un brillant. Attrayantes, int\u00e9ressantes et amusantes \u00e0 collectionner, elles se vendent bien ! Ces pierres sont emball\u00e9es dans un sachet et mesurent environ 10 mm &#8211; 30 mm par pierre. C&rsquo;est l&rsquo;une des tailles de collection les plus populaires.<\/p>\n<p><strong><span style=\"color: rgb(141, 186, 216);\">Une bonne pr\u00e9sentation dans une boutique de cadeaux ou d&rsquo;artisanat g\u00e9n\u00e8re toujours des ventes.<\/span><\/strong><\/p>\n","protected":false},"excerpt":{"rendered":"<p>Les pierres pr\u00e9cieuses font partie de nombreuses cultures anciennes, souvent consid\u00e9r\u00e9es comme un talisman ou un symbole de chance ou de fortune. Depuis des milliers d&rsquo;ann\u00e9es, elles sont utilis\u00e9es pour fabriquer des bagues, des bracelets, des amulettes, des broches et des pendentifs afin de capturer leur magie.&nbsp; Pouvoirs de l&rsquo;am\u00e9thyste dans la sagesse ancienne : [&hellip;]<\/p>\n","protected":false},"featured_media":347611,"comment_status":"closed","ping_status":"open","template":"","meta":{"_angie_page":false},"product_brand":[],"product_cat":[25543,17264,25226,18938],"product_tag":[],"class_list":{"0":"post-231544","1":"product","2":"type-product","3":"status-publish","4":"has-post-thumbnail","6":"product_cat-amethyste","7":"product_cat-cadeaux-esoterique","8":"product_cat-pierres-et-mineraux","9":"product_cat-pierres-roulees","10":"pa_collection-large-tumble-stones-fr","11":"pa_made-in-chine","13":"first","14":"instock","15":"purchasable","16":"product-type-simple"},"supplier_id":null,"supplier_sku":"TBm-01","barcode":null,"atum_controlled":true,"out_stock_date":null,"out_stock_threshold":null,"inheritable":false,"inbound_stock":null,"stock_on_hold":0,"sold_today":0,"sales_last_days":0,"reserved_stock":null,"customer_returns":null,"warehouse_damage":null,"lost_in_post":null,"other_logs":null,"out_stock_days":0,"lost_sales":0,"has_location":null,"update_date":"2026-05-11T01:56:48","atum_locations":[],"atum_stock_status":"instock","restock_status":false,"low_stock_amount":"","sales_update_date":"2026-02-06T00:02:33","calc_backorders":null,"_links":{"self":[{"href":"https:\/\/aromasentia.com\/fr\/wp-json\/wp\/v2\/product\/231544","targetHints":{"allow":["GET"]}}],"collection":[{"href":"https:\/\/aromasentia.com\/fr\/wp-json\/wp\/v2\/product"}],"about":[{"href":"https:\/\/aromasentia.com\/fr\/wp-json\/wp\/v2\/types\/product"}],"replies":[{"embeddable":true,"href":"https:\/\/aromasentia.com\/fr\/wp-json\/wp\/v2\/comments?post=231544"}],"version-history":[{"count":0,"href":"https:\/\/aromasentia.com\/fr\/wp-json\/wp\/v2\/product\/231544\/revisions"}],"wp:featuredmedia":[{"embeddable":true,"href":"https:\/\/aromasentia.com\/fr\/wp-json\/wp\/v2\/media\/347611"}],"wp:attachment":[{"href":"https:\/\/aromasentia.com\/fr\/wp-json\/wp\/v2\/media?parent=231544"}],"wp:term":[{"taxonomy":"product_brand","embeddable":true,"href":"https:\/\/aromasentia.com\/fr\/wp-json\/wp\/v2\/product_brand?post=231544"},{"taxonomy":"product_cat","embeddable":true,"href":"https:\/\/aromasentia.com\/fr\/wp-json\/wp\/v2\/product_cat?post=231544"},{"taxonomy":"product_tag","embeddable":true,"href":"https:\/\/aromasentia.com\/fr\/wp-json\/wp\/v2\/product_tag?post=231544"}],"curies":[{"name":"wp","href":"https:\/\/api.w.org\/{rel}","templated":true}]}}