{"id":231528,"date":"2025-03-22T13:30:47","date_gmt":"2025-03-22T13:30:47","guid":{"rendered":"https:\/\/aromasentia.com\/product\/gemstone-lantern-of-life-pendulum-black-agate-rose-quartz\/"},"modified":"2025-06-23T18:50:52","modified_gmt":"2025-06-23T18:50:52","slug":"pendule-lanterne-de-vie-en-pierres-precieuses-agate-noire-quartz-rose","status":"publish","type":"product","link":"https:\/\/aromasentia.com\/fr\/pendule-lanterne-de-vie-en-pierres-precieuses-agate-noire-quartz-rose\/","title":{"rendered":"Pendule Lanterne de Vie en Pierres Pr\u00e9cieuses &#8211; Agate Noire &#038; Quartz Rose"},"content":{"rendered":"<\/p>\n<p>Permettez \u00e0 vos clients de cultiver un sentiment de paix et de bien-\u00eatre avec le captivant <strong>Pendule lanterne de vie en pierres pr\u00e9cieuses avec agate noire et quartz rose<\/strong>. Suspendu \u00e0 une cha\u00eene d\u00e9licate, ce pendule est un outil puissant pour l&rsquo;exploration spirituelle et la d\u00e9couverte de soi.<\/p>\n<p><strong>L&rsquo;association de l&rsquo;agate noire et du quartz rose offre une dualit\u00e9 fascinante<\/strong>. L&rsquo;agate noire est cens\u00e9e procurer un sentiment de s\u00e9curit\u00e9 et d&rsquo;ancrage \u00e9motionnel, tandis que le quartz rose favorise l&rsquo;amour, la compassion et la paix int\u00e9rieure. Cette synergie trouve un \u00e9cho chez les clients qui recherchent une approche globale de la croissance spirituelle.<\/p>\n<p>Le design de la lanterne impr\u00e8gne le pendule de symbolisme. <strong>Les lanternes \u00e9clairent le chemin \u00e0 suivre<\/strong>, offrant une orientation et de l&rsquo;espoir. Ce pendule est id\u00e9al pour une vari\u00e9t\u00e9 de pratiques m\u00e9taphysiques. Les clients peuvent l&rsquo;utiliser pour la <strong>sondage, la divination, le travail \u00e9nerg\u00e9tique ou la m\u00e9ditation<\/strong>, ce qui leur permet de se connecter \u00e0 leur sagesse int\u00e9rieure et \u00e0 leur intuition.<\/p>\n<p>Les pendules m\u00e9taphysiques sont de plus en plus populaires parmi les clients qui recherchent des pratiques alternatives pour la d\u00e9couverte de soi et le bien-\u00eatre. <En offrant cette lanterne au design unique, vous r\u00e9pondez aux besoins d'un march\u00e9 en pleine croissance<\/strong>.&nbsp;<\/p>\n<p>Devenez un partenaire de la croissance &#8211; achetez maintenant!<\/p>\n","protected":false},"excerpt":{"rendered":"<p>Permettez \u00e0 vos clients de cultiver un sentiment de paix et de bien-\u00eatre avec le captivant Pendule lanterne de vie en pierres pr\u00e9cieuses avec agate noire et quartz rose. Suspendu \u00e0 une cha\u00eene d\u00e9licate, ce pendule est un outil puissant pour l&rsquo;exploration spirituelle et la d\u00e9couverte de soi. L&rsquo;association de l&rsquo;agate noire et du quartz [&hellip;]<\/p>\n","protected":false},"featured_media":347511,"comment_status":"closed","ping_status":"open","template":"","meta":{"_angie_page":false},"product_brand":[],"product_cat":[25536,17264,19073,25226,25732,25751],"product_tag":[],"class_list":{"0":"post-231528","1":"product","2":"type-product","3":"status-publish","4":"has-post-thumbnail","6":"product_cat-agate","7":"product_cat-cadeaux-esoterique","8":"product_cat-pendentifs-pendules-et-jeu-de-runes","9":"product_cat-pierres-et-mineraux","10":"product_cat-quartz","11":"product_cat-quartz-rose","12":"pa_collection-special-pendulums-fr","13":"pa_made-in-inde","15":"first","16":"instock","17":"purchasable","18":"product-type-simple"},"supplier_id":null,"supplier_sku":"SpecMP-64","barcode":null,"atum_controlled":true,"out_stock_date":null,"out_stock_threshold":null,"inheritable":false,"inbound_stock":null,"stock_on_hold":0,"sold_today":0,"sales_last_days":0,"reserved_stock":null,"customer_returns":null,"warehouse_damage":null,"lost_in_post":null,"other_logs":null,"out_stock_days":0,"lost_sales":0,"has_location":null,"update_date":"2026-04-27T19:08:26","atum_locations":[],"atum_stock_status":"instock","restock_status":false,"low_stock_amount":"","sales_update_date":"2026-01-20T05:14:07","calc_backorders":null,"_links":{"self":[{"href":"https:\/\/aromasentia.com\/fr\/wp-json\/wp\/v2\/product\/231528","targetHints":{"allow":["GET"]}}],"collection":[{"href":"https:\/\/aromasentia.com\/fr\/wp-json\/wp\/v2\/product"}],"about":[{"href":"https:\/\/aromasentia.com\/fr\/wp-json\/wp\/v2\/types\/product"}],"replies":[{"embeddable":true,"href":"https:\/\/aromasentia.com\/fr\/wp-json\/wp\/v2\/comments?post=231528"}],"version-history":[{"count":0,"href":"https:\/\/aromasentia.com\/fr\/wp-json\/wp\/v2\/product\/231528\/revisions"}],"wp:featuredmedia":[{"embeddable":true,"href":"https:\/\/aromasentia.com\/fr\/wp-json\/wp\/v2\/media\/347511"}],"wp:attachment":[{"href":"https:\/\/aromasentia.com\/fr\/wp-json\/wp\/v2\/media?parent=231528"}],"wp:term":[{"taxonomy":"product_brand","embeddable":true,"href":"https:\/\/aromasentia.com\/fr\/wp-json\/wp\/v2\/product_brand?post=231528"},{"taxonomy":"product_cat","embeddable":true,"href":"https:\/\/aromasentia.com\/fr\/wp-json\/wp\/v2\/product_cat?post=231528"},{"taxonomy":"product_tag","embeddable":true,"href":"https:\/\/aromasentia.com\/fr\/wp-json\/wp\/v2\/product_tag?post=231528"}],"curies":[{"name":"wp","href":"https:\/\/api.w.org\/{rel}","templated":true}]}}