{"id":231520,"date":"2025-03-22T13:30:47","date_gmt":"2025-03-22T13:30:47","guid":{"rendered":"https:\/\/aromasentia.com\/product\/shiva-lingam-with-band-pendulum\/"},"modified":"2025-06-23T18:50:49","modified_gmt":"2025-06-23T18:50:49","slug":"shiva-lingam-avec-pendule-a-bande","status":"publish","type":"product","link":"https:\/\/aromasentia.com\/fr\/shiva-lingam-avec-pendule-a-bande\/","title":{"rendered":"Shiva Lingam avec Pendule \u00e0 Bande"},"content":{"rendered":"<\/p>\n<p>Incorporer une pi\u00e8ce de conversation captivante dans votre inventaire avec le <strong>Wolesale Shiva Lingam with Band Pendulum<\/strong>. Ce produit intrigant transcende le simple ornement, offrant une puissante confluence de symbolisme spirituel et de fonctionnalit\u00e9 pratique.<\/p>\n<p>Pierre angulaire de l&rsquo;hindouisme, le Shiva Lingam, typiquement d\u00e9peint comme une pierre de forme ovale, repr\u00e9sente la r\u00e9alit\u00e9 sans forme de Brahman et le pilier cosmique.<\/p>\n<p>Cet \u00e9l\u00e9ment fonctionnel permet aux utilisateurs d&rsquo;explorer les royaumes au-del\u00e0 du physique, en utilisant le pendule pour la <strong>sondage, les pratiques de divination<\/strong>, ou la connexion avec leur moi int\u00e9rieur. L&rsquo;int\u00e9r\u00eat croissant pour l&rsquo;exploration spirituelle et les outils m\u00e9taphysiques alimente la popularit\u00e9 des Shiva Lingams et des pendules. <strong>En offrant cette combinaison unique, vous vous adressez \u00e0 une large client\u00e8le<\/strong>.<\/p>\n<p>D\u00e9bloquez le potentiel de cet outil unique &#8211; commandez maintenant !<\/p>\n","protected":false},"excerpt":{"rendered":"<p>Incorporer une pi\u00e8ce de conversation captivante dans votre inventaire avec le Wolesale Shiva Lingam with Band Pendulum. Ce produit intrigant transcende le simple ornement, offrant une puissante confluence de symbolisme spirituel et de fonctionnalit\u00e9 pratique. Pierre angulaire de l&rsquo;hindouisme, le Shiva Lingam, typiquement d\u00e9peint comme une pierre de forme ovale, repr\u00e9sente la r\u00e9alit\u00e9 sans forme [&hellip;]<\/p>\n","protected":false},"featured_media":347461,"comment_status":"closed","ping_status":"open","template":"","meta":{"_angie_page":false},"product_brand":[],"product_cat":[17264,19073,25226,25756],"product_tag":[],"class_list":{"0":"post-231520","1":"product","2":"type-product","3":"status-publish","4":"has-post-thumbnail","6":"product_cat-cadeaux-esoterique","7":"product_cat-pendentifs-pendules-et-jeu-de-runes","8":"product_cat-pierres-et-mineraux","9":"product_cat-shiva-lingam","10":"pa_collection-special-pendulums-fr","11":"pa_made-in-inde","13":"first","14":"instock","15":"purchasable","16":"product-type-simple"},"supplier_id":null,"supplier_sku":"SpecMP-62","barcode":null,"atum_controlled":true,"out_stock_date":null,"out_stock_threshold":null,"inheritable":false,"inbound_stock":null,"stock_on_hold":0,"sold_today":0,"sales_last_days":0,"reserved_stock":null,"customer_returns":null,"warehouse_damage":null,"lost_in_post":null,"other_logs":null,"out_stock_days":0,"lost_sales":0,"has_location":null,"update_date":"2026-04-27T19:08:26","atum_locations":[],"atum_stock_status":"instock","restock_status":false,"low_stock_amount":"","sales_update_date":"2026-01-30T01:26:28","calc_backorders":null,"_links":{"self":[{"href":"https:\/\/aromasentia.com\/fr\/wp-json\/wp\/v2\/product\/231520","targetHints":{"allow":["GET"]}}],"collection":[{"href":"https:\/\/aromasentia.com\/fr\/wp-json\/wp\/v2\/product"}],"about":[{"href":"https:\/\/aromasentia.com\/fr\/wp-json\/wp\/v2\/types\/product"}],"replies":[{"embeddable":true,"href":"https:\/\/aromasentia.com\/fr\/wp-json\/wp\/v2\/comments?post=231520"}],"version-history":[{"count":0,"href":"https:\/\/aromasentia.com\/fr\/wp-json\/wp\/v2\/product\/231520\/revisions"}],"wp:featuredmedia":[{"embeddable":true,"href":"https:\/\/aromasentia.com\/fr\/wp-json\/wp\/v2\/media\/347461"}],"wp:attachment":[{"href":"https:\/\/aromasentia.com\/fr\/wp-json\/wp\/v2\/media?parent=231520"}],"wp:term":[{"taxonomy":"product_brand","embeddable":true,"href":"https:\/\/aromasentia.com\/fr\/wp-json\/wp\/v2\/product_brand?post=231520"},{"taxonomy":"product_cat","embeddable":true,"href":"https:\/\/aromasentia.com\/fr\/wp-json\/wp\/v2\/product_cat?post=231520"},{"taxonomy":"product_tag","embeddable":true,"href":"https:\/\/aromasentia.com\/fr\/wp-json\/wp\/v2\/product_tag?post=231520"}],"curies":[{"name":"wp","href":"https:\/\/api.w.org\/{rel}","templated":true}]}}