{"id":231508,"date":"2025-03-22T13:30:47","date_gmt":"2025-03-22T13:30:47","guid":{"rendered":"https:\/\/aromasentia.com\/product\/faceted-gemstone-pendulum-amethyst\/"},"modified":"2025-06-23T18:50:48","modified_gmt":"2025-06-23T18:50:48","slug":"pendule-en-pierres-precieuses-a-facettes-amethyste","status":"publish","type":"product","link":"https:\/\/aromasentia.com\/fr\/pendule-en-pierres-precieuses-a-facettes-amethyste\/","title":{"rendered":"Pendule en Pierres Pr\u00e9cieuses \u00e0 Facettes &#8211; Am\u00e9thyste"},"content":{"rendered":"<\/p>\n<p>Imbibez votre magasin de sophistication et d&rsquo;\u00e9nergie spirituelle avec ces <strong>Pendules en gros \u00e0 facettes en am\u00e9thyste<\/strong>. Ces pendules pr\u00e9sentent de captivantes pierres pr\u00e9cieuses d&#39;am\u00e9thyste \u00e0 facettes, chacune m\u00e9ticuleusement taill\u00e9e et polie pour r\u00e9v\u00e9ler l&#39;\u00e9clat et la profondeur de la couleur de la pierre.<\/p>\n<p><strong>L&rsquo;am\u00e9thyste<\/strong>, v\u00e9n\u00e9r\u00e9e pour ses teintes violettes envo\u00fbtantes, est une pierre populaire <strong>connue pour promouvoir la conscience spirituelle, la pens\u00e9e claire et l&#39;intuition<\/strong>. Le facettage pr\u00e9cis de ces pendules amplifie la beaut\u00e9 naturelle de l&#39;am\u00e9thyste et est cens\u00e9 am\u00e9liorer la capacit\u00e9 du cristal \u00e0 concentrer l&#39;\u00e9nergie.<\/p>\n<p>Exploitez vos offres de produits avec ces \u00e9l\u00e9gants pendules. Ils sont traditionnellement utilis\u00e9s pour la radiesth\u00e9sie et la divination, mais peuvent \u00e9galement \u00eatre utilis\u00e9s pour la m\u00e9ditation, la relaxation ou comme un magnifique bijou. La surface lisse et polie de l&rsquo;am\u00e9thyste est agr\u00e9able \u00e0 tenir, et la pointe lest\u00e9e assure un balancement satisfaisant pendant l&rsquo;utilisation.<\/p>\n<p>Vendus \u00e0 des prix de gros, ces pendules en am\u00e9thyste polie sont <strong>parfaits pour les boutiques m\u00e9taphysiques, les boutiques de cadeaux<\/strong>, ou tout d\u00e9taillant \u00e0 la recherche d&rsquo;une marchandise unique et \u00e0 la mode. L\u00e9gers et faciles \u00e0 exposer, ils ne n\u00e9cessitent qu&rsquo;un minimum d&rsquo;espace d&rsquo;\u00e9talage et peuvent g\u00e9n\u00e9rer des profits importants. &nbsp;<\/p>\n<p>Commandez les v\u00f4tres d\u00e8s aujourd&rsquo;hui et profitez du march\u00e9 croissant des cadeaux de gu\u00e9rison par les cristaux ! &nbsp;<\/p>\n","protected":false},"excerpt":{"rendered":"<p>Imbibez votre magasin de sophistication et d&rsquo;\u00e9nergie spirituelle avec ces Pendules en gros \u00e0 facettes en am\u00e9thyste. Ces pendules pr\u00e9sentent de captivantes pierres pr\u00e9cieuses d&#39;am\u00e9thyste \u00e0 facettes, chacune m\u00e9ticuleusement taill\u00e9e et polie pour r\u00e9v\u00e9ler l&#39;\u00e9clat et la profondeur de la couleur de la pierre. L&rsquo;am\u00e9thyste, v\u00e9n\u00e9r\u00e9e pour ses teintes violettes envo\u00fbtantes, est une pierre populaire [&hellip;]<\/p>\n","protected":false},"featured_media":347378,"comment_status":"closed","ping_status":"open","template":"","meta":{"_angie_page":false},"product_brand":[],"product_cat":[25543,17264,19073,25226],"product_tag":[],"class_list":{"0":"post-231508","1":"product","2":"type-product","3":"status-publish","4":"has-post-thumbnail","6":"product_cat-amethyste","7":"product_cat-cadeaux-esoterique","8":"product_cat-pendentifs-pendules-et-jeu-de-runes","9":"product_cat-pierres-et-mineraux","10":"pa_collection-special-pendulums-fr","11":"pa_made-in-inde","13":"first","14":"instock","15":"purchasable","16":"product-type-simple"},"supplier_id":null,"supplier_sku":"SpecMP-59","barcode":null,"atum_controlled":true,"out_stock_date":null,"out_stock_threshold":null,"inheritable":false,"inbound_stock":null,"stock_on_hold":0,"sold_today":0,"sales_last_days":0,"reserved_stock":null,"customer_returns":null,"warehouse_damage":null,"lost_in_post":null,"other_logs":null,"out_stock_days":0,"lost_sales":0,"has_location":null,"update_date":"2026-04-27T19:08:26","atum_locations":[],"atum_stock_status":"instock","restock_status":false,"low_stock_amount":"","sales_update_date":"2026-02-06T00:01:50","calc_backorders":null,"_links":{"self":[{"href":"https:\/\/aromasentia.com\/fr\/wp-json\/wp\/v2\/product\/231508","targetHints":{"allow":["GET"]}}],"collection":[{"href":"https:\/\/aromasentia.com\/fr\/wp-json\/wp\/v2\/product"}],"about":[{"href":"https:\/\/aromasentia.com\/fr\/wp-json\/wp\/v2\/types\/product"}],"replies":[{"embeddable":true,"href":"https:\/\/aromasentia.com\/fr\/wp-json\/wp\/v2\/comments?post=231508"}],"version-history":[{"count":0,"href":"https:\/\/aromasentia.com\/fr\/wp-json\/wp\/v2\/product\/231508\/revisions"}],"wp:featuredmedia":[{"embeddable":true,"href":"https:\/\/aromasentia.com\/fr\/wp-json\/wp\/v2\/media\/347378"}],"wp:attachment":[{"href":"https:\/\/aromasentia.com\/fr\/wp-json\/wp\/v2\/media?parent=231508"}],"wp:term":[{"taxonomy":"product_brand","embeddable":true,"href":"https:\/\/aromasentia.com\/fr\/wp-json\/wp\/v2\/product_brand?post=231508"},{"taxonomy":"product_cat","embeddable":true,"href":"https:\/\/aromasentia.com\/fr\/wp-json\/wp\/v2\/product_cat?post=231508"},{"taxonomy":"product_tag","embeddable":true,"href":"https:\/\/aromasentia.com\/fr\/wp-json\/wp\/v2\/product_tag?post=231508"}],"curies":[{"name":"wp","href":"https:\/\/api.w.org\/{rel}","templated":true}]}}